{"id":158285,"date":"2025-07-11T18:36:39","date_gmt":"2025-07-11T18:36:39","guid":{"rendered":"https:\/\/www.otiumhome.fi\/?p=158285"},"modified":"2025-07-12T10:35:21","modified_gmt":"2025-07-12T10:35:21","slug":"kulmapenkki-reine-151-cm-taysi-manty-hunajanruskea-ja-valkoinen","status":"publish","type":"product","link":"https:\/\/www.otiumhome.fi\/index.php\/tuote\/kulmapenkki-reine-151-cm-taysi-manty-hunajanruskea-ja-valkoinen\/","title":{"rendered":"Kulmapenkki REINE 151 cm t\u00e4ysi m\u00e4nty hunajanruskea ja valkoinen"},"content":{"rendered":"<p>T\u00e4m\u00e4 puinen kulmapenkki on ihanteellinen valinta nokosten ottoon tai perheen ja yst\u00e4vien kesken ajan viettoon.<\/p>\n<\/p>\n<p>Koska se on valmistettu t\u00e4ydest\u00e4 m\u00e4nnyst\u00e4, kulmapenkki erottuu edukseen lujatekoisuudellaan. Voit laittaa penkin olo- tai ruokahuoneeseen nauttia upeasta kirjasta ja kupillisesta kahvia. Selk\u00e4noja takaa istumamukavuutesi. Pitk\u00e4 penkki voidaan koota oikean- ja vasemmanpuoleiseksi, jotta se sopii erilaisiin ymp\u00e4rist\u00f6ihin.<\/p>\n<\/p>\n<p>Hyv\u00e4 tiet\u00e4\u00e4:<\/p>\n<ul>\n<li>Toimitus sis\u00e4lt\u00e4\u00e4 vain kulmapenkin.<\/li>\n<\/ul>\n<ul>\n<li>V\u00e4ri: hunajanruskea ja valkoinen<\/li>\n<li>Materiaali: t\u00e4ysi m\u00e4nty<\/li>\n<li>Mitat: 151 x 118,5 x 85 cm (P x L x K)<\/li>\n<li>Selk\u00e4noja<\/li>\n<li>Pitk\u00e4 penkki voidaan koota sek\u00e4 vasemman- ett\u00e4 oikeanpuoleiseksi<\/li>\n<li>Malliston nimi: REINE<\/li>\n<li>Asennus vaaditaan: kyll\u00e4<\/li>\n<\/ul>\n","protected":false},"excerpt":{"rendered":"<ul>\n<li>V\u00e4ri: hunajanruskea ja valkoinen<\/li>\n<li>Materiaali: t\u00e4ysi m\u00e4nty<\/li>\n<li>Mitat: 151 x 118,5 x 85 cm (P x L x K)<\/li>\n<li>Selk\u00e4noja<\/li>\n<li>Pitk\u00e4 penkki voidaan koota sek\u00e4 vasemman- ett\u00e4 oikeanpuoleiseksi<\/li>\n<li>Malliston nimi: REINE<\/li>\n<li>Asennus vaaditaan: kyll\u00e4<\/li>\n<\/ul>\n","protected":false},"featured_media":100000158285,"comment_status":"closed","ping_status":"closed","template":"","meta":[],"product_brand":[],"product_cat":[84,8541],"product_tag":[],"class_list":{"0":"post-158285","1":"product","2":"type-product","3":"status-publish","4":"has-post-thumbnail","6":"product_cat-huonekalut","7":"product_cat-keittio-ruokapoydan-penkit","9":"first","10":"instock","11":"taxable","12":"shipping-taxable","13":"purchasable","14":"product-type-simple"},"_links":{"self":[{"href":"https:\/\/www.otiumhome.fi\/index.php\/wp-json\/wp\/v2\/product\/158285","targetHints":{"allow":["GET"]}}],"collection":[{"href":"https:\/\/www.otiumhome.fi\/index.php\/wp-json\/wp\/v2\/product"}],"about":[{"href":"https:\/\/www.otiumhome.fi\/index.php\/wp-json\/wp\/v2\/types\/product"}],"replies":[{"embeddable":true,"href":"https:\/\/www.otiumhome.fi\/index.php\/wp-json\/wp\/v2\/comments?post=158285"}],"wp:featuredmedia":[{"embeddable":true,"href":"https:\/\/www.otiumhome.fi\/index.php\/wp-json\/"}],"wp:attachment":[{"href":"https:\/\/www.otiumhome.fi\/index.php\/wp-json\/wp\/v2\/media?parent=158285"}],"wp:term":[{"taxonomy":"product_brand","embeddable":true,"href":"https:\/\/www.otiumhome.fi\/index.php\/wp-json\/wp\/v2\/product_brand?post=158285"},{"taxonomy":"product_cat","embeddable":true,"href":"https:\/\/www.otiumhome.fi\/index.php\/wp-json\/wp\/v2\/product_cat?post=158285"},{"taxonomy":"product_tag","embeddable":true,"href":"https:\/\/www.otiumhome.fi\/index.php\/wp-json\/wp\/v2\/product_tag?post=158285"}],"curies":[{"name":"wp","href":"https:\/\/api.w.org\/{rel}","templated":true}]}}