{"id":158193,"date":"2025-07-07T05:21:59","date_gmt":"2025-07-07T05:21:59","guid":{"rendered":"https:\/\/www.otiumhome.fi\/?p=158193"},"modified":"2025-12-23T00:38:58","modified_gmt":"2025-12-23T00:38:58","slug":"sangynrunko-led-valoilla-90x190-cm-single-taysi-puu","status":"publish","type":"product","link":"https:\/\/www.otiumhome.fi\/index.php\/tuote\/sangynrunko-led-valoilla-90x190-cm-single-taysi-puu\/","title":{"rendered":"S\u00e4ngynrunko LED-valoilla 90&#215;190 cm Single t\u00e4ysi puu"},"content":{"rendered":"<p>T\u00e4m\u00e4 LED-valoilla varustetussa s\u00e4ngynrungossa on yksinkertaista mutta ajatonta suunnittelu. Siit\u00e4 tulee taatusti k\u00e4yt\u00e4nn\u00f6llinen ja koristeellinen lis\u00e4 makuuhuoneeseesi.<\/p>\n<\/p>\n<ul>\n<li>T\u00e4ysi m\u00e4nty: T\u00e4ysi m\u00e4ntypuu on kaunis luonnollinen materiaali. M\u00e4nnyll\u00e4 on suorat puunsyyt ja sen oksanpaikat antavat materiaalille sen ominaisen rustiikkisen ilmeen.<\/li>\n<li>Vakaa s\u00e4ngynrunko: Puurunko takaa tukevuuden ja vakauden.<\/li>\n<li>V\u00e4rikk\u00e4\u00e4t LED-valot: Tuo leikkisyytt\u00e4 pimeyteen v\u00e4rikk\u00e4ill\u00e4 LED-valoilla!<\/li>\n<\/ul>\n<p>Huomioi:<\/p>\n<ul>\n<li>Patja ei sis\u00e4lly toimitukseen. Patja ei mukana. Voit etsi\u00e4 myym\u00e4l\u00e4st\u00e4mme sopivia patjoja.<\/li>\n<li>T\u00e4m\u00e4 s\u00e4ngynrunko sopii patjalle, jonka mitat ovat 90 x 190 cm (3FT Single).<\/li>\n<li>Jokaisen tuotteen mukana on laatikossa kokoonpano-ohje helppoa asennusta varten.<\/li>\n<li>Tuotteessa on USB-liitin, mutta sertifioitu 5 V USB virtal\u00e4hde ei sis\u00e4lly toimitukseen.<\/li>\n<\/ul>\n<ul>\n<li>S\u00e4ngynrungon materiaali: t\u00e4ysi m\u00e4nty (k\u00e4sittelem\u00e4t\u00f6n)<\/li>\n<li>S\u00e4lemateriaali: Vaneri<\/li>\n<li>Kokonaismitat: 202 x 101,5 x 26 cm (P x L x K)<\/li>\n<li>Sopiva patjan koko: 90 x 190 cm (L x P) (3FT Single) (Patja ei sis\u00e4lly tilaukseen)<\/li>\n<li>RGB LED-valoilla<\/li>\n<\/ul>\n","protected":false},"excerpt":{"rendered":"<ul>\n<li>S\u00e4ngynrungon materiaali: t\u00e4ysi m\u00e4nty (k\u00e4sittelem\u00e4t\u00f6n)<\/li>\n<li>S\u00e4lemateriaali: Vaneri<\/li>\n<li>Kokonaismitat: 202 x 101,5 x 26 cm (P x L x K)<\/li>\n<li>Sopiva patjan koko: 90 x 190 cm (L x P) (3FT Single) (Patja ei sis\u00e4lly tilaukseen)<\/li>\n<li>RGB LED-valoilla<\/li>\n<\/ul>\n","protected":false},"featured_media":100000158193,"comment_status":"closed","ping_status":"closed","template":"","meta":[],"product_brand":[],"product_cat":[84,8638],"product_tag":[],"class_list":{"0":"post-158193","1":"product","2":"type-product","3":"status-publish","4":"has-post-thumbnail","6":"product_cat-huonekalut","7":"product_cat-sangyt-sangynrungot","9":"first","10":"instock","11":"taxable","12":"shipping-taxable","13":"purchasable","14":"product-type-simple"},"_links":{"self":[{"href":"https:\/\/www.otiumhome.fi\/index.php\/wp-json\/wp\/v2\/product\/158193","targetHints":{"allow":["GET"]}}],"collection":[{"href":"https:\/\/www.otiumhome.fi\/index.php\/wp-json\/wp\/v2\/product"}],"about":[{"href":"https:\/\/www.otiumhome.fi\/index.php\/wp-json\/wp\/v2\/types\/product"}],"replies":[{"embeddable":true,"href":"https:\/\/www.otiumhome.fi\/index.php\/wp-json\/wp\/v2\/comments?post=158193"}],"wp:featuredmedia":[{"embeddable":true,"href":"https:\/\/www.otiumhome.fi\/index.php\/wp-json\/"}],"wp:attachment":[{"href":"https:\/\/www.otiumhome.fi\/index.php\/wp-json\/wp\/v2\/media?parent=158193"}],"wp:term":[{"taxonomy":"product_brand","embeddable":true,"href":"https:\/\/www.otiumhome.fi\/index.php\/wp-json\/wp\/v2\/product_brand?post=158193"},{"taxonomy":"product_cat","embeddable":true,"href":"https:\/\/www.otiumhome.fi\/index.php\/wp-json\/wp\/v2\/product_cat?post=158193"},{"taxonomy":"product_tag","embeddable":true,"href":"https:\/\/www.otiumhome.fi\/index.php\/wp-json\/wp\/v2\/product_tag?post=158193"}],"curies":[{"name":"wp","href":"https:\/\/api.w.org\/{rel}","templated":true}]}}