{"id":158080,"date":"2025-07-06T22:13:33","date_gmt":"2025-07-06T22:13:33","guid":{"rendered":"https:\/\/www.otiumhome.fi\/?p=158080"},"modified":"2025-12-14T12:40:44","modified_gmt":"2025-12-14T12:40:44","slug":"kerrossanky-katolla-valkoinen-75x190-cm-taysi-manty","status":"publish","type":"product","link":"https:\/\/www.otiumhome.fi\/index.php\/tuote\/kerrossanky-katolla-valkoinen-75x190-cm-taysi-manty\/","title":{"rendered":"Kerross\u00e4nky katolla valkoinen 75&#215;190 cm t\u00e4ysi m\u00e4nty"},"content":{"rendered":"<p>T\u00e4m\u00e4 katollinen lasten kerross\u00e4nky on elegantti ja toimiva, siksi se on t\u00e4ydellinen lis\u00e4 mihin tahansa huoneeseen, jossa on rajoitetusti tilaa.<\/p>\n<\/p>\n<ul>\n<li>T\u00e4ysi m\u00e4nty: T\u00e4ysi m\u00e4ntypuu on kaunis luonnollinen materiaali. M\u00e4nnyll\u00e4 on suorat puunsyyt ja sen oksanpaikat antavat materiaalille sen ominaisen rustiikkisen ilmeen.<\/li>\n<li>Turvallinen suunnittelu: Parvis\u00e4nky on suunniteltu turvallisuutta ajatellen. Siin\u00e4 on suojakaiteet, jotka est\u00e4v\u00e4t nukkujaa putoamasta unien aikana.<\/li>\n<li>Vaneris\u00e4leet: Vaneris\u00e4leet tarjoavat hyv\u00e4n painon jakautumisen, taaten patjan pysymisen paikallaan jokaisen k\u00e4\u00e4nn\u00f6ksen ja liikahduksen my\u00f6t\u00e4, joita unissasi teet.<\/li>\n<li>Mahtavaa hauskuutta: Yhdist\u00e4m\u00e4ll\u00e4 t\u00e4m\u00e4n katoksen lapsesi vuoteeseen, voit luoda piilopaikan, joka tarjoaa lapsellesi hauskan nukkumaanmenohetken. T\u00e4m\u00e4 innovatiivinen lis\u00e4osa ei ole ainoastaan j\u00e4nnitt\u00e4v\u00e4 keskipiste, vaan se tekee lastenhuoneesta my\u00f6s ihmeellisen ja j\u00e4nnitt\u00e4v\u00e4n.<\/li>\n<li>Sopiva rajoitettuihin tiloihin: S\u00e4ngynrunko on erinomainen valinta mihin tahansa huoneeseen, jossa on rajoitetusti tilaa. Se tarjoaa kaksi erillist\u00e4 vuodetta, joissa on kompakti muotoilu.<\/li>\n<li>Avoin sivuovi: Katoksessa on avoin sivuovi, joka tarjoaa lapsillesi helpon p\u00e4\u00e4syn s\u00e4nkyyn ja sielt\u00e4 pois.<\/li>\n<\/ul>\n<p>Hyv\u00e4 tiet\u00e4\u00e4:<\/p>\n<ul>\n<li>Patja ei sis\u00e4lly t\u00e4h\u00e4n s\u00e4nkyyn. Tarjoamme monipuolisen valikoiman patjoja, jotka l\u00f6yd\u00e4t tarkistamalla myym\u00e4l\u00e4mme valikoiman.<\/li>\n<\/ul>\n<ul>\n<li><strong>S\u00e4ngyn runko:<\/strong><\/li>\n<li>V\u00e4ri: Valkoinen<\/li>\n<li>Materiaali: T\u00e4ysi m\u00e4nty<\/li>\n<li>Kokonaismitat: 195,5 x 80,5 x 112 cm (P x L x K)<\/li>\n<li>Sopiva patjan koko: 75 x 190 cm (L x P) (Patja ei sis\u00e4lly tilaukseen)<\/li>\n<li><strong>S\u00e4ngyn katto:<\/strong><\/li>\n<li>V\u00e4ri: Valkoinen<\/li>\n<li>Materiaali: T\u00e4ysi m\u00e4nty<\/li>\n<li>Mitat: 188 x 82 x 113 cm (P x L x K)<\/li>\n<li>Sopiva lapsen ik\u00e4: Alle 6-vuotiaat<\/li>\n<li>Asennus vaaditaan: Kyll\u00e4<\/li>\n<li><strong>Toimitus sis\u00e4lt\u00e4\u00e4:<\/strong><\/li>\n<li>1 x s\u00e4ngyn runko<\/li>\n<li>1 x S\u00e4ngyn katto<\/li>\n<\/ul>\n","protected":false},"excerpt":{"rendered":"<ul>\n<li><strong>S\u00e4ngyn runko:<\/strong><\/li>\n<li>V\u00e4ri: Valkoinen<\/li>\n<li>Materiaali: T\u00e4ysi m\u00e4nty<\/li>\n<li>Kokonaismitat: 195,5 x 80,5 x 112 cm (P x L x K)<\/li>\n<li>Sopiva patjan koko: 75 x 190 cm (L x P) (Patja ei sis\u00e4lly tilaukseen)<\/li>\n<li><strong>S\u00e4ngyn katto:<\/strong><\/li>\n<li>V\u00e4ri: Valkoinen<\/li>\n<li>Materiaali: T\u00e4ysi m\u00e4nty<\/li>\n<li>Mitat: 188 x 82 x 113 cm (P x L x K)<\/li>\n<li>Sopiva lapsen ik\u00e4: Alle 6-vuotiaat<\/li>\n<li>Asennus vaaditaan: Kyll\u00e4<\/li>\n<li><strong>Toimitus sis\u00e4lt\u00e4\u00e4:<\/strong><\/li>\n<li>1 x s\u00e4ngyn runko<\/li>\n<li>1 x S\u00e4ngyn katto<\/li>\n<\/ul>\n","protected":false},"featured_media":100000158080,"comment_status":"closed","ping_status":"closed","template":"","meta":[],"product_brand":[],"product_cat":[84,8638],"product_tag":[],"class_list":{"0":"post-158080","1":"product","2":"type-product","3":"status-publish","4":"has-post-thumbnail","6":"product_cat-huonekalut","7":"product_cat-sangyt-sangynrungot","9":"first","10":"instock","11":"taxable","12":"shipping-taxable","13":"purchasable","14":"product-type-simple"},"_links":{"self":[{"href":"https:\/\/www.otiumhome.fi\/index.php\/wp-json\/wp\/v2\/product\/158080","targetHints":{"allow":["GET"]}}],"collection":[{"href":"https:\/\/www.otiumhome.fi\/index.php\/wp-json\/wp\/v2\/product"}],"about":[{"href":"https:\/\/www.otiumhome.fi\/index.php\/wp-json\/wp\/v2\/types\/product"}],"replies":[{"embeddable":true,"href":"https:\/\/www.otiumhome.fi\/index.php\/wp-json\/wp\/v2\/comments?post=158080"}],"wp:featuredmedia":[{"embeddable":true,"href":"https:\/\/www.otiumhome.fi\/index.php\/wp-json\/"}],"wp:attachment":[{"href":"https:\/\/www.otiumhome.fi\/index.php\/wp-json\/wp\/v2\/media?parent=158080"}],"wp:term":[{"taxonomy":"product_brand","embeddable":true,"href":"https:\/\/www.otiumhome.fi\/index.php\/wp-json\/wp\/v2\/product_brand?post=158080"},{"taxonomy":"product_cat","embeddable":true,"href":"https:\/\/www.otiumhome.fi\/index.php\/wp-json\/wp\/v2\/product_cat?post=158080"},{"taxonomy":"product_tag","embeddable":true,"href":"https:\/\/www.otiumhome.fi\/index.php\/wp-json\/wp\/v2\/product_tag?post=158080"}],"curies":[{"name":"wp","href":"https:\/\/api.w.org\/{rel}","templated":true}]}}