{"id":158078,"date":"2025-07-06T22:13:30","date_gmt":"2025-07-06T22:13:30","guid":{"rendered":"https:\/\/www.otiumhome.fi\/?p=158078"},"modified":"2025-10-30T14:41:40","modified_gmt":"2025-10-30T14:41:40","slug":"kerrossanky-vahanruskea-75x190-cm-taysi-manty","status":"publish","type":"product","link":"https:\/\/www.otiumhome.fi\/index.php\/tuote\/kerrossanky-vahanruskea-75x190-cm-taysi-manty\/","title":{"rendered":"Kerross\u00e4nky vahanruskea 75&#215;190 cm t\u00e4ysi m\u00e4nty"},"content":{"rendered":"<p>T\u00e4m\u00e4 puinen kerross\u00e4nky on elegantti ja toimiva, siksi se on t\u00e4ydellinen lis\u00e4 mihin tahansa huoneeseen.<\/p>\n<\/p>\n<ul>\n<li>Vankka ja vakaa: T\u00e4ysi m\u00e4nty tunnetaan lujuudestaan ja kest\u00e4vyydest\u00e4\u00e4n. Sen suorat puunsyyt ja erottuvat oksanpaikat lis\u00e4\u00e4v\u00e4t sen rustiikkista charmia.<\/li>\n<li>Turvallinen suunnittelu: Parvis\u00e4nky on suunniteltu turvallisuutta ajatellen. Siin\u00e4 on suojakaiteet, jotka est\u00e4v\u00e4t nukkujaa putoamasta unien aikana.<\/li>\n<li>K\u00e4yt\u00e4nn\u00f6lliset tikkaat: T\u00e4m\u00e4n kerross\u00e4ngyn tikkaat tekev\u00e4t yl\u00e4s\u00e4ngyss\u00e4 nukkumisesta helpompaa ja turvallisempaa. Ne tarjoava riitt\u00e4v\u00e4n turvallisuuden ja vakauden.<\/li>\n<li>Sopiva rajoitettuihin tiloihin: T\u00e4yspuinen kerross\u00e4nky on erinomainen valinta mihin tahansa huoneeseen, jossa on rajoitetusti tilaa. Se tarjoaa kaksi erillist\u00e4 vuodetta, joissa on kompakti muotoilu.<\/li>\n<\/ul>\n<p>Hyv\u00e4 tiet\u00e4\u00e4:<\/p>\n<ul>\n<li>Toimitus sis\u00e4lt\u00e4\u00e4 vain s\u00e4ngynrungot. Patjat eiv\u00e4t sis\u00e4lly toimitukseen. Voit etsi\u00e4 myym\u00e4l\u00e4st\u00e4mme sopivia patjoja.<\/li>\n<\/ul>\n<p>Varoitus:<\/p>\n<ul>\n<li>Kaatumisen est\u00e4miseksi t\u00e4t\u00e4 tuotetta on k\u00e4ytett\u00e4v\u00e4 mukana toimitetun sein\u00e4kiinnityslaitteen kanssa.<\/li>\n<\/ul>\n<ul>\n<li>V\u00e4ri: Vahamainen ruskea<\/li>\n<li>Runkomateriaali: Massiivim\u00e4nty<\/li>\n<li>S\u00e4lemateriaali: Vaneri<\/li>\n<li>Kokonaismitat: 195,5 x 82,5 x 142 cm (P x L x K)<\/li>\n<li>Sopiva patjan koko: 75 x 190 cm (L x P) (patja ei sis\u00e4lly hintaan)<\/li>\n<li>Kokoaminen vaaditaan: Kyll\u00e4<\/li>\n<li>Yl\u00e4s\u00e4nky ei sovellu alle 6-vuotiaille lapsille<\/li>\n<li>Legal Documents:\n<p><span>Lis\u00e4tietoja huonekalujesi kaatumisen est\u00e4misest\u00e4 voit l\u00f6yt\u00e4\u00e4 <span style=\"text-decoration: underline\"><strong><a title=\"https:\/\/bit.ly\/3bVwkQp\" href=\"https:\/\/bit.ly\/3bVwkQp\" target=\"_blank\">t\u00e4\u00e4lt\u00e4<\/a><\/strong><\/span><\/span><\/p>\n<\/li>\n<\/ul>\n","protected":false},"excerpt":{"rendered":"<ul>\n<li>V\u00e4ri: Vahamainen ruskea<\/li>\n<li>Runkomateriaali: Massiivim\u00e4nty<\/li>\n<li>S\u00e4lemateriaali: Vaneri<\/li>\n<li>Kokonaismitat: 195,5 x 82,5 x 142 cm (P x L x K)<\/li>\n<li>Sopiva patjan koko: 75 x 190 cm (L x P) (patja ei sis\u00e4lly hintaan)<\/li>\n<li>Kokoaminen vaaditaan: Kyll\u00e4<\/li>\n<li>Yl\u00e4s\u00e4nky ei sovellu alle 6-vuotiaille lapsille<\/li>\n<li>Legal Documents:\n<p><span>Lis\u00e4tietoja huonekalujesi kaatumisen est\u00e4misest\u00e4 voit l\u00f6yt\u00e4\u00e4 <span style=\"text-decoration: underline\"><strong><a title=\"https:\/\/bit.ly\/3bVwkQp\" href=\"https:\/\/bit.ly\/3bVwkQp\" target=\"_blank\">t\u00e4\u00e4lt\u00e4<\/a><\/strong><\/span><\/span><\/p>\n<\/li>\n<\/ul>\n","protected":false},"featured_media":100000158078,"comment_status":"closed","ping_status":"closed","template":"","meta":[],"product_brand":[],"product_cat":[84,8638],"product_tag":[],"class_list":{"0":"post-158078","1":"product","2":"type-product","3":"status-publish","4":"has-post-thumbnail","6":"product_cat-huonekalut","7":"product_cat-sangyt-sangynrungot","9":"first","10":"instock","11":"taxable","12":"shipping-taxable","13":"purchasable","14":"product-type-simple"},"_links":{"self":[{"href":"https:\/\/www.otiumhome.fi\/index.php\/wp-json\/wp\/v2\/product\/158078","targetHints":{"allow":["GET"]}}],"collection":[{"href":"https:\/\/www.otiumhome.fi\/index.php\/wp-json\/wp\/v2\/product"}],"about":[{"href":"https:\/\/www.otiumhome.fi\/index.php\/wp-json\/wp\/v2\/types\/product"}],"replies":[{"embeddable":true,"href":"https:\/\/www.otiumhome.fi\/index.php\/wp-json\/wp\/v2\/comments?post=158078"}],"wp:featuredmedia":[{"embeddable":true,"href":"https:\/\/www.otiumhome.fi\/index.php\/wp-json\/"}],"wp:attachment":[{"href":"https:\/\/www.otiumhome.fi\/index.php\/wp-json\/wp\/v2\/media?parent=158078"}],"wp:term":[{"taxonomy":"product_brand","embeddable":true,"href":"https:\/\/www.otiumhome.fi\/index.php\/wp-json\/wp\/v2\/product_brand?post=158078"},{"taxonomy":"product_cat","embeddable":true,"href":"https:\/\/www.otiumhome.fi\/index.php\/wp-json\/wp\/v2\/product_cat?post=158078"},{"taxonomy":"product_tag","embeddable":true,"href":"https:\/\/www.otiumhome.fi\/index.php\/wp-json\/wp\/v2\/product_tag?post=158078"}],"curies":[{"name":"wp","href":"https:\/\/api.w.org\/{rel}","templated":true}]}}