{"id":157983,"date":"2025-07-06T20:39:13","date_gmt":"2025-07-06T20:39:13","guid":{"rendered":"https:\/\/www.otiumhome.fi\/?p=157983"},"modified":"2025-07-08T09:22:59","modified_gmt":"2025-07-08T09:22:59","slug":"kirjahyllyn-paaty-l-muotoinen-80-cm-massiivipuumantya","status":"publish","type":"product","link":"https:\/\/www.otiumhome.fi\/index.php\/tuote\/kirjahyllyn-paaty-l-muotoinen-80-cm-massiivipuumantya\/","title":{"rendered":"Kirjahyllyn p\u00e4\u00e4ty L-muotoinen 80 cm massiivipuum\u00e4nty\u00e4"},"content":{"rendered":"<p>Muuta makuuhuoneesi t\u00e4ll\u00e4 kirjahyllyn p\u00e4\u00e4dyll\u00e4, jossa yhdistyv\u00e4t tyyli ja toimivuus!<\/p>\n<\/p>\n<ul>\n<li>Vakaa ja pitk\u00e4kestoinen runko: T\u00e4ysi m\u00e4nty tunnetaan lujuudestaan ja kest\u00e4vyydest\u00e4\u00e4n. Sen suorat puunsyyt ja erottuvat oksanpaikat lis\u00e4\u00e4v\u00e4t sen rustiikkista charmia.<\/li>\n<li>Runsaasti s\u00e4ilytystilaa: T\u00e4ss\u00e4 s\u00e4ngynp\u00e4\u00e4dyss\u00e4 on sis\u00e4\u00e4nrakennettu s\u00e4ilytystila, joka pit\u00e4\u00e4 kirjat, koriste-esineet ja olennaiset tavarat j\u00e4rjestyksess\u00e4 ja k\u00e4den ulottuvilla, mik\u00e4 lis\u00e4\u00e4 makuuhuoneeseesi toimivuutta ja tyyli\u00e4.<\/li>\n<li>Erinomainen tuki: P\u00e4\u00e4tylevy tarjoaa sinulle erinomaisen selk\u00e4tuen s\u00e4ngyll\u00e4 istuessasi, kirjaa lukiessasi tai televisiota katsellessasi.<\/li>\n<li>Kaksi kokoamistapaa: T\u00e4m\u00e4 makuuhuoneen s\u00e4ngynp\u00e4\u00e4ty tarjoaa joustavia kokoamisvaihtoehtoja, joiden avulla voit sijoittaa sen pitk\u00e4n sivun joko vasemmalle tai oikealle puolelle makuuhuoneesi tilaan sopivaksi.<\/li>\n<li>Tilaa s\u00e4\u00e4st\u00e4v\u00e4: T\u00e4m\u00e4 L-muotoinen s\u00e4ngynp\u00e4\u00e4ty istuu tiukasti s\u00e4nky\u00e4 vasten ja luo osittaisen kotelon, joka maksimoi makuuhuoneen tilan. Se on ihanteellinen valinta pienempiin tai ahtaampiin tiloihin.<\/li>\n<\/ul>\n<ul>\n<li>Materiaali: T\u00e4ysi m\u00e4nty (k\u00e4sittelem\u00e4t\u00f6n)<\/li>\n<li>Mitat: 98,5 x 218,5 x 80 cm (P x L x K)<\/li>\n<li>Sopiva patjan leveys: 80 cm<\/li>\n<li>S\u00e4ilytyshyllyill\u00e4<\/li>\n<li>L-muoto<\/li>\n<li>Asennus vaaditaan: Kyll\u00e4<\/li>\n<\/ul>\n","protected":false},"excerpt":{"rendered":"<ul>\n<li>Materiaali: T\u00e4ysi m\u00e4nty (k\u00e4sittelem\u00e4t\u00f6n)<\/li>\n<li>Mitat: 98,5 x 218,5 x 80 cm (P x L x K)<\/li>\n<li>Sopiva patjan leveys: 80 cm<\/li>\n<li>S\u00e4ilytyshyllyill\u00e4<\/li>\n<li>L-muoto<\/li>\n<li>Asennus vaaditaan: Kyll\u00e4<\/li>\n<\/ul>\n","protected":false},"featured_media":100000157983,"comment_status":"closed","ping_status":"closed","template":"","meta":[],"product_brand":[],"product_cat":[84,8636],"product_tag":[],"class_list":{"0":"post-157983","1":"product","2":"type-product","3":"status-publish","4":"has-post-thumbnail","6":"product_cat-huonekalut","7":"product_cat-sangynpaadyt","9":"first","10":"instock","11":"taxable","12":"shipping-taxable","13":"purchasable","14":"product-type-simple"},"_links":{"self":[{"href":"https:\/\/www.otiumhome.fi\/index.php\/wp-json\/wp\/v2\/product\/157983","targetHints":{"allow":["GET"]}}],"collection":[{"href":"https:\/\/www.otiumhome.fi\/index.php\/wp-json\/wp\/v2\/product"}],"about":[{"href":"https:\/\/www.otiumhome.fi\/index.php\/wp-json\/wp\/v2\/types\/product"}],"replies":[{"embeddable":true,"href":"https:\/\/www.otiumhome.fi\/index.php\/wp-json\/wp\/v2\/comments?post=157983"}],"wp:featuredmedia":[{"embeddable":true,"href":"https:\/\/www.otiumhome.fi\/index.php\/wp-json\/"}],"wp:attachment":[{"href":"https:\/\/www.otiumhome.fi\/index.php\/wp-json\/wp\/v2\/media?parent=157983"}],"wp:term":[{"taxonomy":"product_brand","embeddable":true,"href":"https:\/\/www.otiumhome.fi\/index.php\/wp-json\/wp\/v2\/product_brand?post=157983"},{"taxonomy":"product_cat","embeddable":true,"href":"https:\/\/www.otiumhome.fi\/index.php\/wp-json\/wp\/v2\/product_cat?post=157983"},{"taxonomy":"product_tag","embeddable":true,"href":"https:\/\/www.otiumhome.fi\/index.php\/wp-json\/wp\/v2\/product_tag?post=157983"}],"curies":[{"name":"wp","href":"https:\/\/api.w.org\/{rel}","templated":true}]}}