{"id":157951,"date":"2025-07-06T20:22:27","date_gmt":"2025-07-06T20:22:27","guid":{"rendered":"https:\/\/www.otiumhome.fi\/?p=157951"},"modified":"2025-07-07T08:59:04","modified_gmt":"2025-07-07T08:59:04","slug":"kirjahyllyt-2-kpl-pinottava-kasityolainen-tammi-30x30x80-cm","status":"publish","type":"product","link":"https:\/\/www.otiumhome.fi\/index.php\/tuote\/kirjahyllyt-2-kpl-pinottava-kasityolainen-tammi-30x30x80-cm\/","title":{"rendered":"kirjahyllyt 2 kpl pinottava K\u00e4sity\u00f6l\u00e4inen tammi 30x30x80 cm"},"content":{"rendered":"<p>Korosta tilaasi n\u00e4ill\u00e4 monipuolisilla ja muokattavissa olevilla kirjahyllyill\u00e4, jotka ovat loistava ratkaisu s\u00e4ilytystarpeihisi.<\/p>\n<\/p>\n<ul>\n<li>Vakaa ja kest\u00e4v\u00e4 materiaali: Tekninen puu on kest\u00e4v\u00e4 ja vakaa materiaali, jonka sile\u00e4 pinta kest\u00e4\u00e4 kosteutta, v\u00e4\u00e4ntymist\u00e4 ja halkeilua, joten se on luotettava valinta erilaisiin projekteihin.<\/li>\n<li>Kaksi asennusvaihtoehtoa: Kirjahyllyt tarjoavat kaksi kokoamistapaa maksimaalisen joustavuuden saavuttamiseksi. Voit pinota ne helposti ja luoda korkeamman s\u00e4ilytysyksik\u00f6n, joka maksimoi pystysuoran tilan. Vaihtoehtoisesti voit j\u00e4rjest\u00e4\u00e4 ne vierekk\u00e4in virtaviivaisiksi, saumattomiksi s\u00e4ilytysj\u00e4rjestelyiksi, jotka mukautuvat tilaan. <\/li>\n<li>Runsaasti s\u00e4ilytystilaa: Useiden s\u00e4ilytyshyllyjen ansiosta t\u00e4m\u00e4 s\u00e4ilytyslokero tarjoaa runsaasti s\u00e4ilytystilaa tavaroillesi, mik\u00e4 varmistaa, ett\u00e4 p\u00e4ivitt\u00e4iset k\u00e4ytt\u00f6si ovat siististi j\u00e4rjestettyj\u00e4 ja helposti saatavilla.<\/li>\n<li>Monipuolinen k\u00e4ytt\u00f6: Voit sijoittaa kirjahyllyn mihin tahansa, kaappiin, olohuoneeseen, ruokasaliin, keitti\u00f6\u00f6n tai kylpyhuoneeseen. Monitasoisen hyllyrakenteen ansiosta voit s\u00e4ilytt\u00e4\u00e4 p\u00e4ivitt\u00e4iseen k\u00e4ytt\u00f6\u00f6n tarvikkeita ja tarvikkeita lokeroissa tai esitell\u00e4 kokoelmiasi.<\/li>\n<li>Helppo huoltaa: Kirjahyllyt on sile\u00e4n pinnan ansiosta helppo puhdistaa kostealla liinalla ja ne vaativat v\u00e4hemm\u00e4n huoltoa.<\/li>\n<\/ul>\n<p>Varoitus:<\/p>\n<ul>\n<li>Kaatumisen est\u00e4miseksi t\u00e4t\u00e4 tuotetta on k\u00e4ytett\u00e4v\u00e4 mukana toimitetun sein\u00e4kiinnityslaitteen kanssa.<\/li>\n<\/ul>\n<ul>\n<li>V\u00e4ri: artisaanitammi<\/li>\n<li>Materiaali: Tekninen puu<\/li>\n<li>Mitat (kukin): 30 x 30 x 80 cm (L x S x K)<\/li>\n<li>Kokonaiskantavuus: 60 kg<\/li>\n<li>Kaksi kokoonpanovaihtoehtoa<\/li>\n<li>Asennus vaaditaan: Kyll\u00e4<\/li>\n<li> <\/li>\n<li><strong>Toimitus sis\u00e4lt\u00e4\u00e4:<\/strong><\/li>\n<li>2 x kirjahylly<\/li>\n<\/ul>\n","protected":false},"excerpt":{"rendered":"<ul>\n<li>V\u00e4ri: artisaanitammi<\/li>\n<li>Materiaali: Tekninen puu<\/li>\n<li>Mitat (kukin): 30 x 30 x 80 cm (L x S x K)<\/li>\n<li>Kokonaiskantavuus: 60 kg<\/li>\n<li>Kaksi kokoonpanovaihtoehtoa<\/li>\n<li>Asennus vaaditaan: Kyll\u00e4<\/li>\n<li> <\/li>\n<li><strong>Toimitus sis\u00e4lt\u00e4\u00e4:<\/strong><\/li>\n<li>2 x kirjahylly<\/li>\n<\/ul>\n","protected":false},"featured_media":100000157951,"comment_status":"closed","ping_status":"closed","template":"","meta":[],"product_brand":[],"product_cat":[84,8635],"product_tag":[],"class_list":{"0":"post-157951","1":"product","2":"type-product","3":"status-publish","4":"has-post-thumbnail","6":"product_cat-huonekalut","7":"product_cat-sailytys-lukkokaapit","9":"first","10":"instock","11":"taxable","12":"shipping-taxable","13":"purchasable","14":"product-type-simple"},"_links":{"self":[{"href":"https:\/\/www.otiumhome.fi\/index.php\/wp-json\/wp\/v2\/product\/157951","targetHints":{"allow":["GET"]}}],"collection":[{"href":"https:\/\/www.otiumhome.fi\/index.php\/wp-json\/wp\/v2\/product"}],"about":[{"href":"https:\/\/www.otiumhome.fi\/index.php\/wp-json\/wp\/v2\/types\/product"}],"replies":[{"embeddable":true,"href":"https:\/\/www.otiumhome.fi\/index.php\/wp-json\/wp\/v2\/comments?post=157951"}],"wp:featuredmedia":[{"embeddable":true,"href":"https:\/\/www.otiumhome.fi\/index.php\/wp-json\/"}],"wp:attachment":[{"href":"https:\/\/www.otiumhome.fi\/index.php\/wp-json\/wp\/v2\/media?parent=157951"}],"wp:term":[{"taxonomy":"product_brand","embeddable":true,"href":"https:\/\/www.otiumhome.fi\/index.php\/wp-json\/wp\/v2\/product_brand?post=157951"},{"taxonomy":"product_cat","embeddable":true,"href":"https:\/\/www.otiumhome.fi\/index.php\/wp-json\/wp\/v2\/product_cat?post=157951"},{"taxonomy":"product_tag","embeddable":true,"href":"https:\/\/www.otiumhome.fi\/index.php\/wp-json\/wp\/v2\/product_tag?post=157951"}],"curies":[{"name":"wp","href":"https:\/\/api.w.org\/{rel}","templated":true}]}}