{"id":157780,"date":"2025-07-06T17:46:07","date_gmt":"2025-07-06T17:46:07","guid":{"rendered":"https:\/\/www.otiumhome.fi\/?p=157780"},"modified":"2025-07-11T21:11:38","modified_gmt":"2025-07-11T21:11:38","slug":"vastaanottopoyta-savustettu-tammi-100x50x1035-cm-tekninen-puu","status":"publish","type":"product","link":"https:\/\/www.otiumhome.fi\/index.php\/tuote\/vastaanottopoyta-savustettu-tammi-100x50x1035-cm-tekninen-puu\/","title":{"rendered":"Vastaanottop\u00f6yt\u00e4 savustettu tammi 100x50x103,5 cm tekninen puu"},"content":{"rendered":"<p>Nauti saumattomasta vuorovaikutuksesta, runsaasta tallennustilasta ja monipuolisesta suunnittelusta t\u00e4m\u00e4n vastaanottotiskill\u00e4, jossa on sis\u00e4\u00e4nrakennettu tiski, joten se sopii t\u00e4ydellisesti erilaisiin asetuksiin!<\/p>\n<\/p>\n<ul>\n<li>Vakaa ja kest\u00e4v\u00e4 materiaali: Tekninen puu on kest\u00e4v\u00e4 ja vakaa materiaali, jonka sile\u00e4 pinta kest\u00e4\u00e4 kosteutta, v\u00e4\u00e4ntymist\u00e4 ja halkeilua, joten se on luotettava valinta erilaisiin projekteihin.<\/li>\n<li>Harkittu muotoilu: Vastaanoton korkeat tiskit ja sivupaneelit varmistavat huomaamattoman vuorovaikutuksen ja tarjoavat tasapainon toimivuuden ja yksityisyyden v\u00e4lill\u00e4 sek\u00e4 henkil\u00f6kunnalle ett\u00e4 vierailijoille.<\/li>\n<li>Integroidut s\u00e4ilytysratkaisut: Vastaanotossa on sis\u00e4\u00e4nrakennetut hyllyt, jotka tarjoavat runsaasti tilaa toimistotarvikkeiden, asiakirjojen ja henkil\u00f6kohtaisten tavaroiden s\u00e4ilytt\u00e4miseen, mik\u00e4 auttaa pit\u00e4m\u00e4\u00e4n ty\u00f6tilan j\u00e4rjestyksess\u00e4.<\/li>\n<li>Monipuolinen sovellus: T\u00e4m\u00e4 kassatiski sopii erinomaisesti erilaisiin ymp\u00e4rist\u00f6ihin, mukaan lukien yritysten toimistoihin, hotellien auloihin, l\u00e4\u00e4ketieteellisiin klinikoihin ja kauneushoitoloihin, ja se t\u00e4ytt\u00e4\u00e4 erilaiset ammatilliset tarpeet.<\/li>\n<li>Helppo asennus: Selke\u00e4t ohjeet ja yksinkertainen kokoamisprosessi tekev\u00e4t vastaanottotiskist\u00e4 helppoa asentaa nopeasti ja vaivattomasti.<\/li>\n<\/ul>\n<p>Varoitus:<\/p>\n<ul>\n<li>Kaatumisen est\u00e4miseksi t\u00e4t\u00e4 tuotetta on k\u00e4ytett\u00e4v\u00e4 mukana toimitetun sein\u00e4kiinnityslaitteen kanssa.<\/li>\n<\/ul>\n<p>Hyv\u00e4 tiet\u00e4\u00e4:<\/p>\n<ul>\n<li>Sein\u00e4\u00e4n kiinnitett\u00e4v\u00e4t ruuvit ja tulpat eiv\u00e4t sis\u00e4lly toimitukseen. Etsi ja k\u00e4yt\u00e4 sein\u00e4\u00e4si sopivia ruuveja ja tulppia. Jos olet ep\u00e4varma, kysy ammattilaisen neuvoa. Lue ja seuraa asennusohjeiden jokaista vaihetta huolella.<\/li>\n<\/ul>\n<ul>\n<li>V\u00e4ri: savutammi<\/li>\n<li>Materiaali: Tekninen puu<\/li>\n<li>Kokonaismitat: 100 x 50 x 103,5 cm (P x L x K)<\/li>\n<li>Suurin kantavuus (yhteens\u00e4): 60 kg<\/li>\n<li>Suurin painokapasiteetti (p\u00e4\u00e4llinen kerros): 20 kg<\/li>\n<li>Max painokapasiteetti (hylly): 20 kg<\/li>\n<li>Asennus vaaditaan: Kyll\u00e4<\/li>\n<\/ul>\n","protected":false},"excerpt":{"rendered":"<ul>\n<li>V\u00e4ri: savutammi<\/li>\n<li>Materiaali: Tekninen puu<\/li>\n<li>Kokonaismitat: 100 x 50 x 103,5 cm (P x L x K)<\/li>\n<li>Suurin kantavuus (yhteens\u00e4): 60 kg<\/li>\n<li>Suurin painokapasiteetti (p\u00e4\u00e4llinen kerros): 20 kg<\/li>\n<li>Max painokapasiteetti (hylly): 20 kg<\/li>\n<li>Asennus vaaditaan: Kyll\u00e4<\/li>\n<\/ul>\n","protected":false},"featured_media":100000157780,"comment_status":"closed","ping_status":"closed","template":"","meta":[],"product_brand":[],"product_cat":[84,8551],"product_tag":[],"class_list":{"0":"post-157780","1":"product","2":"type-product","3":"status-publish","4":"has-post-thumbnail","6":"product_cat-huonekalut","7":"product_cat-kirjoituspoydat","9":"first","10":"instock","11":"taxable","12":"shipping-taxable","13":"purchasable","14":"product-type-simple"},"_links":{"self":[{"href":"https:\/\/www.otiumhome.fi\/index.php\/wp-json\/wp\/v2\/product\/157780","targetHints":{"allow":["GET"]}}],"collection":[{"href":"https:\/\/www.otiumhome.fi\/index.php\/wp-json\/wp\/v2\/product"}],"about":[{"href":"https:\/\/www.otiumhome.fi\/index.php\/wp-json\/wp\/v2\/types\/product"}],"replies":[{"embeddable":true,"href":"https:\/\/www.otiumhome.fi\/index.php\/wp-json\/wp\/v2\/comments?post=157780"}],"wp:featuredmedia":[{"embeddable":true,"href":"https:\/\/www.otiumhome.fi\/index.php\/wp-json\/"}],"wp:attachment":[{"href":"https:\/\/www.otiumhome.fi\/index.php\/wp-json\/wp\/v2\/media?parent=157780"}],"wp:term":[{"taxonomy":"product_brand","embeddable":true,"href":"https:\/\/www.otiumhome.fi\/index.php\/wp-json\/wp\/v2\/product_brand?post=157780"},{"taxonomy":"product_cat","embeddable":true,"href":"https:\/\/www.otiumhome.fi\/index.php\/wp-json\/wp\/v2\/product_cat?post=157780"},{"taxonomy":"product_tag","embeddable":true,"href":"https:\/\/www.otiumhome.fi\/index.php\/wp-json\/wp\/v2\/product_tag?post=157780"}],"curies":[{"name":"wp","href":"https:\/\/api.w.org\/{rel}","templated":true}]}}