{"id":157753,"date":"2025-07-06T17:42:18","date_gmt":"2025-07-06T17:42:18","guid":{"rendered":"https:\/\/www.otiumhome.fi\/?p=157753"},"modified":"2025-07-07T09:02:39","modified_gmt":"2025-07-07T09:02:39","slug":"kirjahylly-artesaani-tammi-40x24x52-cm-tekninen-puu","status":"publish","type":"product","link":"https:\/\/www.otiumhome.fi\/index.php\/tuote\/kirjahylly-artesaani-tammi-40x24x52-cm-tekninen-puu\/","title":{"rendered":"Kirjahylly artesaani tammi 40x24x52 cm tekninen puu"},"content":{"rendered":"<p>T\u00e4m\u00e4 kirjahylly tarjoaa t\u00e4ydellisen ratkaisun kirjojen j\u00e4rjest\u00e4miseen ja toimii samalla tyylikk\u00e4\u00e4n\u00e4 ja toimivana lis\u00e4n\u00e4 kotisi sisustukseen.<\/p>\n<\/p>\n<ul>\n<li>Vakaa ja kest\u00e4v\u00e4 materiaali: Tekninen puu on kest\u00e4v\u00e4 ja vakaa materiaali, jonka sile\u00e4 pinta kest\u00e4\u00e4 kosteutta, v\u00e4\u00e4ntymist\u00e4 ja halkeilua, joten se on luotettava valinta erilaisiin projekteihin.<\/li>\n<li>Runsaasti s\u00e4ilytystilaa: T\u00e4ss\u00e4 s\u00e4ilytyskaapissa on useita ovellisia hyllyj\u00e4, jotka tarjoavat runsaasti tilaa kirjojen, aikakauslehtien ja asiakirjojen kokoelmasi pit\u00e4miseen hyv\u00e4ss\u00e4 j\u00e4rjestyksess\u00e4.<\/li>\n<li>K\u00e4yt\u00e4nn\u00f6llinen ovi: S\u00e4ilytyskaapin ovi tarjoaa suljetun s\u00e4ilytystilan, jotta voit pit\u00e4\u00e4 tavarasi j\u00e4rjestyksess\u00e4, suojattuna ja poissa n\u00e4kyvist\u00e4.<\/li>\n<li>Joustava oviasennus: Kaapin ovi voidaan sijoittaa vasemmalle tai oikealle, riippuen henkil\u00f6kohtaisista tavoistasi ja mukavuudestasi.<\/li>\n<li>Helppo huoltaa: Sile\u00e4n pinnan ansiosta kaappi on helppo puhdistaa kostealla liinalla ja se tarvitsee vain v\u00e4h\u00e4ist\u00e4 huoltoa.<\/li>\n<\/ul>\n<p>Varoitus:<\/p>\n<ul>\n<li>Kaatumisen est\u00e4miseksi t\u00e4t\u00e4 tuotetta on k\u00e4ytett\u00e4v\u00e4 mukana toimitetun sein\u00e4kiinnityslaitteen kanssa.<\/li>\n<\/ul>\n<ul>\n<li>V\u00e4ri: artisaanitammi<\/li>\n<li>Materiaali: Tekninen puu<\/li>\n<li>Kokonaismitat: 40 x 24 x 52 cm (L x S x K)<\/li>\n<li>Osaston mitat (kukin): 36,5 x 24 x 23 cm (L x S x K)<\/li>\n<li>Asennus vaaditaan: Kyll\u00e4<\/li>\n<\/ul>\n","protected":false},"excerpt":{"rendered":"<ul>\n<li>V\u00e4ri: artisaanitammi<\/li>\n<li>Materiaali: Tekninen puu<\/li>\n<li>Kokonaismitat: 40 x 24 x 52 cm (L x S x K)<\/li>\n<li>Osaston mitat (kukin): 36,5 x 24 x 23 cm (L x S x K)<\/li>\n<li>Asennus vaaditaan: Kyll\u00e4<\/li>\n<\/ul>\n","protected":false},"featured_media":100000157753,"comment_status":"closed","ping_status":"closed","template":"","meta":[],"product_brand":[],"product_cat":[84,8547],"product_tag":[],"class_list":{"0":"post-157753","1":"product","2":"type-product","3":"status-publish","4":"has-post-thumbnail","6":"product_cat-huonekalut","7":"product_cat-kirjahyllyt","9":"first","10":"instock","11":"taxable","12":"shipping-taxable","13":"purchasable","14":"product-type-simple"},"_links":{"self":[{"href":"https:\/\/www.otiumhome.fi\/index.php\/wp-json\/wp\/v2\/product\/157753","targetHints":{"allow":["GET"]}}],"collection":[{"href":"https:\/\/www.otiumhome.fi\/index.php\/wp-json\/wp\/v2\/product"}],"about":[{"href":"https:\/\/www.otiumhome.fi\/index.php\/wp-json\/wp\/v2\/types\/product"}],"replies":[{"embeddable":true,"href":"https:\/\/www.otiumhome.fi\/index.php\/wp-json\/wp\/v2\/comments?post=157753"}],"wp:featuredmedia":[{"embeddable":true,"href":"https:\/\/www.otiumhome.fi\/index.php\/wp-json\/"}],"wp:attachment":[{"href":"https:\/\/www.otiumhome.fi\/index.php\/wp-json\/wp\/v2\/media?parent=157753"}],"wp:term":[{"taxonomy":"product_brand","embeddable":true,"href":"https:\/\/www.otiumhome.fi\/index.php\/wp-json\/wp\/v2\/product_brand?post=157753"},{"taxonomy":"product_cat","embeddable":true,"href":"https:\/\/www.otiumhome.fi\/index.php\/wp-json\/wp\/v2\/product_cat?post=157753"},{"taxonomy":"product_tag","embeddable":true,"href":"https:\/\/www.otiumhome.fi\/index.php\/wp-json\/wp\/v2\/product_tag?post=157753"}],"curies":[{"name":"wp","href":"https:\/\/api.w.org\/{rel}","templated":true}]}}