{"id":157728,"date":"2025-07-06T17:31:51","date_gmt":"2025-07-06T17:31:51","guid":{"rendered":"https:\/\/www.otiumhome.fi\/?p=157728"},"modified":"2025-12-14T04:43:45","modified_gmt":"2025-12-14T04:43:45","slug":"kenkateline-vanha-puu-102x32x50-cm-tekninen-puu","status":"publish","type":"product","link":"https:\/\/www.otiumhome.fi\/index.php\/tuote\/kenkateline-vanha-puu-102x32x50-cm-tekninen-puu\/","title":{"rendered":"Kenk\u00e4teline vanha puu 102x32x50 cm tekninen puu"},"content":{"rendered":"<p>Pid\u00e4 kenk\u00e4si hyv\u00e4ss\u00e4 j\u00e4rjestyksess\u00e4 ja aina ulottuvillasi t\u00e4m\u00e4n kenk\u00e4penkin avulla!<\/p>\n<\/p>\n<ul>\n<li>Tukeva materiaali: Tekninen puu on poikkeuksellisen laadukasta ja sile\u00e4pintaista, se on my\u00f6s luja, vakaa ja kosteudelle vastustuskykyinen.<\/li>\n<li>Runsaasti s\u00e4ilytystilaa: Eteisen penkiss\u00e4 on suuri s\u00e4ilytystila kenkiesi hyv\u00e4ss\u00e4 j\u00e4rjestyksess\u00e4 pit\u00e4miseen. Se tarjoaa siistin ja sotkuttoman asuintilan.<\/li>\n<li>Mukava istuin: Paksusti pehmustettu istuintyyny tarjoaa ihanteellisen istumamukavuuden kenkien pukemisen ja riisumisen ajaksi.<\/li>\n<li>Monipuolinen k\u00e4ytt\u00f6: Penkki sopii t\u00e4ydellisesti eteisen kenk\u00e4penkiksi, tai olohuoneen s\u00e4ilytyspenkiksi.<\/li>\n<\/ul>\n<ul>\n<li><strong>Penkki:<\/strong><\/li>\n<li>V\u00e4ri: Vanha puu<\/li>\n<li>Materiaali: Tekninen puu<\/li>\n<li>Kokonaismitat (tyynyn kanssa): 102 x 32 x 50 cm (P x L x K)<\/li>\n<li>Enimm\u00e4iskantavuus: 110 kg<\/li>\n<li><strong>Tyyny:<\/strong><\/li>\n<li>V\u00e4ri: tummanharmaa<\/li>\n<li>Materiaali: Kangas (100 % polyesteri)<\/li>\n<li>T\u00e4ytemateriaali: Vaahtomuovi<\/li>\n<li>Mitat: 102 x 32 x 5 cm (P x L x Paks.)<\/li>\n<li>Asennus vaaditaan: Kyll\u00e4<\/li>\n<li><strong>Toimitus sis\u00e4lt\u00e4\u00e4:<\/strong><\/li>\n<li>1 x penkki<\/li>\n<li>1 x Tyyny<\/li>\n<\/ul>\n","protected":false},"excerpt":{"rendered":"<ul>\n<li><strong>Penkki:<\/strong><\/li>\n<li>V\u00e4ri: Vanha puu<\/li>\n<li>Materiaali: Tekninen puu<\/li>\n<li>Kokonaismitat (tyynyn kanssa): 102 x 32 x 50 cm (P x L x K)<\/li>\n<li>Enimm\u00e4iskantavuus: 110 kg<\/li>\n<li><strong>Tyyny:<\/strong><\/li>\n<li>V\u00e4ri: tummanharmaa<\/li>\n<li>Materiaali: Kangas (100 % polyesteri)<\/li>\n<li>T\u00e4ytemateriaali: Vaahtomuovi<\/li>\n<li>Mitat: 102 x 32 x 5 cm (P x L x Paks.)<\/li>\n<li>Asennus vaaditaan: Kyll\u00e4<\/li>\n<li><strong>Toimitus sis\u00e4lt\u00e4\u00e4:<\/strong><\/li>\n<li>1 x penkki<\/li>\n<li>1 x Tyyny<\/li>\n<\/ul>\n","protected":false},"featured_media":100000157728,"comment_status":"closed","ping_status":"closed","template":"","meta":[],"product_brand":[],"product_cat":[8538,84],"product_tag":[],"class_list":{"0":"post-157728","1":"product","2":"type-product","3":"status-publish","4":"has-post-thumbnail","6":"product_cat-eteis-sailytyspenkit","7":"product_cat-huonekalut","9":"first","10":"instock","11":"taxable","12":"shipping-taxable","13":"purchasable","14":"product-type-simple"},"_links":{"self":[{"href":"https:\/\/www.otiumhome.fi\/index.php\/wp-json\/wp\/v2\/product\/157728","targetHints":{"allow":["GET"]}}],"collection":[{"href":"https:\/\/www.otiumhome.fi\/index.php\/wp-json\/wp\/v2\/product"}],"about":[{"href":"https:\/\/www.otiumhome.fi\/index.php\/wp-json\/wp\/v2\/types\/product"}],"replies":[{"embeddable":true,"href":"https:\/\/www.otiumhome.fi\/index.php\/wp-json\/wp\/v2\/comments?post=157728"}],"wp:featuredmedia":[{"embeddable":true,"href":"https:\/\/www.otiumhome.fi\/index.php\/wp-json\/"}],"wp:attachment":[{"href":"https:\/\/www.otiumhome.fi\/index.php\/wp-json\/wp\/v2\/media?parent=157728"}],"wp:term":[{"taxonomy":"product_brand","embeddable":true,"href":"https:\/\/www.otiumhome.fi\/index.php\/wp-json\/wp\/v2\/product_brand?post=157728"},{"taxonomy":"product_cat","embeddable":true,"href":"https:\/\/www.otiumhome.fi\/index.php\/wp-json\/wp\/v2\/product_cat?post=157728"},{"taxonomy":"product_tag","embeddable":true,"href":"https:\/\/www.otiumhome.fi\/index.php\/wp-json\/wp\/v2\/product_tag?post=157728"}],"curies":[{"name":"wp","href":"https:\/\/api.w.org\/{rel}","templated":true}]}}