{"id":154353,"date":"2025-07-02T00:10:37","date_gmt":"2025-07-02T00:10:37","guid":{"rendered":"https:\/\/www.otiumhome.fi\/?p=154353"},"modified":"2025-12-14T12:37:35","modified_gmt":"2025-12-14T12:37:35","slug":"parvisanky-verhoilla-mustavalkoinen-75x190-cm-taysi-manty","status":"publish","type":"product","link":"https:\/\/www.otiumhome.fi\/index.php\/tuote\/parvisanky-verhoilla-mustavalkoinen-75x190-cm-taysi-manty\/","title":{"rendered":"Parvis\u00e4nky verhoilla mustavalkoinen 75&#215;190 cm t\u00e4ysi m\u00e4nty"},"content":{"rendered":"<p>T\u00e4m\u00e4 puinen kerross\u00e4nky on elegantti ja toimiva, siksi se on t\u00e4ydellinen lis\u00e4 mihin tahansa huoneeseen.<\/p>\n<\/p>\n<ul>\n<li>T\u00e4ysi m\u00e4nty: T\u00e4m\u00e4 parvis\u00e4nky on valmistettu t\u00e4ydest\u00e4 m\u00e4nnyst\u00e4 vakauden ja kest\u00e4vyyden takaamiseksi. M\u00e4nnyll\u00e4 on suorat puunsyyt ja sen oksanpaikat antavat materiaalille sen ominaisen rustiikkisen ilmeen.<\/li>\n<li>Hauska setti: Voit yhdist\u00e4\u00e4 verhot alas\u00e4nkyyn luodaksesi lapsellesi salaisen tukikohdan, joka tarjoaa hupia nukkumaan menness\u00e4 ja lis\u00e4\u00e4 keskipisteen makuuhuoneeseen!<\/li>\n<li>Turvakaiteet: Yl\u00e4s\u00e4ngyss\u00e4 on turvakaiteet kaikilla nelj\u00e4ll\u00e4 sivulla, joten lapsesi voi nukkua ilman huolta putoamisesta.<\/li>\n<li>K\u00e4tev\u00e4t tikkaat: T\u00e4ss\u00e4 tuplaparvis\u00e4ngyss\u00e4 on tikkaat, jotka helpottavat s\u00e4nkyyn nousemista ja siit\u00e4 poistumista. Ne tuovat my\u00f6s iloa ja muuntavat lastenhuoneen sis\u00e4leikkikent\u00e4ksi.<\/li>\n<\/ul>\n<p>Hyv\u00e4 tiet\u00e4\u00e4:<\/p>\n<ul>\n<li>Patja ei sis\u00e4lly t\u00e4h\u00e4n s\u00e4nkyyn. Tarjoamme monipuolisen valikoiman patjoja, jotka l\u00f6yd\u00e4t tarkistamalla myym\u00e4l\u00e4mme valikoiman.<\/li>\n<\/ul>\n<p>Varoitus:<\/p>\n<ul>\n<li>Kaatumisen est\u00e4miseksi t\u00e4t\u00e4 tuotetta on k\u00e4ytett\u00e4v\u00e4 mukana toimitetun sein\u00e4kiinnityslaitteen kanssa.<\/li>\n<\/ul>\n<ul>\n<li><strong>Kerross\u00e4nky:<\/strong><\/li>\n<li>V\u00e4ri: Vahanruskea<\/li>\n<li>Materiaali: T\u00e4ysi m\u00e4nty<\/li>\n<li>Kokonaismitat: 195,5 x 80,5 x 112 cm (P x L x K)<\/li>\n<li>Sopiva patjan koko: 75 x 190 cm (L x P) (Patja ei sis\u00e4lly tilaukseen)<\/li>\n<li>Patjan maksimipaksuus: 11 cm<\/li>\n<li>Sopii yli 6-vuotiaille lapsille<\/li>\n<li><strong>Verhosarja:<\/strong><\/li>\n<li>V\u00e4ri: valkoinen ja musta <\/li>\n<li>Materiaali: 100 % polyesteri<\/li>\n<li>Vain sis\u00e4k\u00e4ytt\u00f6\u00f6n<\/li>\n<li>Asennus vaaditaan: Kyll\u00e4<\/li>\n<li><strong>Toimitus sis\u00e4lt\u00e4\u00e4:<\/strong><\/li>\n<li>1 x Kerross\u00e4nky<\/li>\n<li>1 x Etuverho: 100 x 75 cm (P x L) <\/li>\n<li>1 x Etuverho: 60 x 75 cm (P x L) <\/li>\n<li>1 x Etuverho: 34 x 75 cm (P x L) <\/li>\n<li>1 x Verho kolmella taskulla: 80 x 43 cm (P x L)<\/li>\n<li>2 x Sivuverho: 85 x 76 cm (P x L) <\/li>\n<\/ul>\n","protected":false},"excerpt":{"rendered":"<ul>\n<li><strong>Kerross\u00e4nky:<\/strong><\/li>\n<li>V\u00e4ri: Vahanruskea<\/li>\n<li>Materiaali: T\u00e4ysi m\u00e4nty<\/li>\n<li>Kokonaismitat: 195,5 x 80,5 x 112 cm (P x L x K)<\/li>\n<li>Sopiva patjan koko: 75 x 190 cm (L x P) (Patja ei sis\u00e4lly tilaukseen)<\/li>\n<li>Patjan maksimipaksuus: 11 cm<\/li>\n<li>Sopii yli 6-vuotiaille lapsille<\/li>\n<li><strong>Verhosarja:<\/strong><\/li>\n<li>V\u00e4ri: valkoinen ja musta <\/li>\n<li>Materiaali: 100 % polyesteri<\/li>\n<li>Vain sis\u00e4k\u00e4ytt\u00f6\u00f6n<\/li>\n<li>Asennus vaaditaan: Kyll\u00e4<\/li>\n<li><strong>Toimitus sis\u00e4lt\u00e4\u00e4:<\/strong><\/li>\n<li>1 x Kerross\u00e4nky<\/li>\n<li>1 x Etuverho: 100 x 75 cm (P x L) <\/li>\n<li>1 x Etuverho: 60 x 75 cm (P x L) <\/li>\n<li>1 x Etuverho: 34 x 75 cm (P x L) <\/li>\n<li>1 x Verho kolmella taskulla: 80 x 43 cm (P x L)<\/li>\n<li>2 x Sivuverho: 85 x 76 cm (P x L) <\/li>\n<\/ul>\n","protected":false},"featured_media":100000154353,"comment_status":"closed","ping_status":"closed","template":"","meta":[],"product_brand":[],"product_cat":[84,8638],"product_tag":[],"class_list":{"0":"post-154353","1":"product","2":"type-product","3":"status-publish","4":"has-post-thumbnail","6":"product_cat-huonekalut","7":"product_cat-sangyt-sangynrungot","9":"first","10":"instock","11":"taxable","12":"shipping-taxable","13":"purchasable","14":"product-type-simple"},"_links":{"self":[{"href":"https:\/\/www.otiumhome.fi\/index.php\/wp-json\/wp\/v2\/product\/154353","targetHints":{"allow":["GET"]}}],"collection":[{"href":"https:\/\/www.otiumhome.fi\/index.php\/wp-json\/wp\/v2\/product"}],"about":[{"href":"https:\/\/www.otiumhome.fi\/index.php\/wp-json\/wp\/v2\/types\/product"}],"replies":[{"embeddable":true,"href":"https:\/\/www.otiumhome.fi\/index.php\/wp-json\/wp\/v2\/comments?post=154353"}],"wp:featuredmedia":[{"embeddable":true,"href":"https:\/\/www.otiumhome.fi\/index.php\/wp-json\/"}],"wp:attachment":[{"href":"https:\/\/www.otiumhome.fi\/index.php\/wp-json\/wp\/v2\/media?parent=154353"}],"wp:term":[{"taxonomy":"product_brand","embeddable":true,"href":"https:\/\/www.otiumhome.fi\/index.php\/wp-json\/wp\/v2\/product_brand?post=154353"},{"taxonomy":"product_cat","embeddable":true,"href":"https:\/\/www.otiumhome.fi\/index.php\/wp-json\/wp\/v2\/product_cat?post=154353"},{"taxonomy":"product_tag","embeddable":true,"href":"https:\/\/www.otiumhome.fi\/index.php\/wp-json\/wp\/v2\/product_tag?post=154353"}],"curies":[{"name":"wp","href":"https:\/\/api.w.org\/{rel}","templated":true}]}}