{"id":153473,"date":"2025-07-01T18:42:44","date_gmt":"2025-07-01T18:42:44","guid":{"rendered":"https:\/\/www.otiumhome.fi\/?p=153473"},"modified":"2025-12-09T06:07:29","modified_gmt":"2025-12-09T06:07:29","slug":"kirjoituspoyta-askim-ruskea-95-x-40-x-75-cm-massiivinen-manty","status":"publish","type":"product","link":"https:\/\/www.otiumhome.fi\/index.php\/tuote\/kirjoituspoyta-askim-ruskea-95-x-40-x-75-cm-massiivinen-manty\/","title":{"rendered":"Kirjoitusp\u00f6yt\u00e4 ASKIM Ruskea 95 x 40 x 75 cm Massiivinen m\u00e4nty"},"content":{"rendered":"<p>T\u00e4m\u00e4 kirjoitusp\u00f6yt\u00e4 yhdist\u00e4\u00e4 tyylin ja toiminnallisuuden nykyaikaiseen muotoiluun, joka sulautuu mihin tahansa ajankohtaiseen kotitoimistoon. Tyylins\u00e4 ansiosta p\u00f6yt\u00e4 toimii erinomaisesti ty\u00f6pisteen\u00e4 ja parantaa my\u00f6s huoneen ilmett\u00e4. Siistit linjat ja minimalistinen muotoilu tekev\u00e4t siit\u00e4 monik\u00e4ytt\u00f6isen, sopivan niin kirjoittajille, opiskelijoille kuin ammattilaisillekin, jotka kaipaavat siisti\u00e4 ymp\u00e4rist\u00f6\u00e4. Sen runsaassa ty\u00f6skentelytilassa riitt\u00e4\u00e4 tilaa tietokoneelle, kirjoitusv\u00e4lineille ja muille tarvikkeille.<\/p>\n<ul>\n<li><b>Kest\u00e4v\u00e4 m\u00e4ntyrakenne<\/b> T\u00e4m\u00e4 p\u00f6yt\u00e4 on tehty kest\u00e4v\u00e4st\u00e4 m\u00e4nnyst\u00e4, joka luo luotettavan perustan. Puurakenne tuo luonnollista ilmett\u00e4, yhdist\u00e4en k\u00e4yt\u00e4nn\u00f6llisyyden ja tyylin, joten se on loistava pitk\u00e4\u00e4n k\u00e4ytt\u00f6\u00f6n miss\u00e4 tahansa ty\u00f6huoneessa.<\/li>\n<li><b>Metallikehys tuki<\/b> Vahvistettu metallikehys takaa p\u00f6yd\u00e4n vakauden ja v\u00e4hent\u00e4\u00e4 keinuntaa k\u00e4yt\u00f6n aikana. T\u00e4m\u00e4 kest\u00e4v\u00e4 kehys on suunniteltu tukemaan raskaampia tarvikkeita.<\/li>\n<li><b>Toiminnallinen s\u00e4ilytyslaatikko<\/b> Varustettu tilavalla laatikolla, joka on tehty kest\u00e4v\u00e4st\u00e4 m\u00e4nnyst\u00e4, t\u00e4m\u00e4 p\u00f6yt\u00e4 tarjoaa k\u00e4yt\u00e4nn\u00f6llisen tavan j\u00e4rjest\u00e4\u00e4 ty\u00f6tilaa. Laatikko tarjoaa runsaasti tilaa t\u00e4rkeille tarvikkeille, pit\u00e4en ty\u00f6pisteen siistin\u00e4.<\/li>\n<li><b>Monipuolinen k\u00e4ytt\u00f6<\/b> T\u00e4m\u00e4 p\u00f6yt\u00e4 on t\u00e4ydellinen kotitoimistoihin, kirjastoihin ja studioihin, ja se soveltuu kirjoittamiseen, k\u00e4sit\u00f6ihin tai tietokoneella ty\u00f6skentelyyn. Sen monik\u00e4ytt\u00f6isyys tekee siit\u00e4 erinomaisen valinnan luoville mielille ja aktiivisille ammattilaisille.<\/li>\n<li><b>Helppok\u00e4ytt\u00f6inen kokoaminen<\/b> Kokoaminen onnistuu kahdelta henkil\u00f6lt\u00e4, ja tarvitaan vain ruuvimeisseli. Selke\u00e4t ohjeet tekev\u00e4t prosessista sujuvan, ilman monimutkaisia ty\u00f6kaluja.<\/li>\n<\/ul>\n<ul>\n<li>V\u00e4ri: Ruskea<\/li>\n<li>Materiaali: Massiivinen m\u00e4nty<\/li>\n<li>Yleiset mitat: 95 x 40 x 75 cm (P x L x K)<\/li>\n<li>Paino: 15,6 kg<\/li>\n<li>Kest\u00e4v\u00e4<\/li>\n<li>S\u00e4ilytystila<\/li>\n<li>4 laatikoilla<\/li>\n<li>Kehysmateriaali: Metalli<\/li>\n<li>Vain sis\u00e4k\u00e4ytt\u00f6\u00f6n<\/li>\n<li>Toimitus-:<\/li>\n<li>1 x kirjoitusp\u00f6yt\u00e4<\/li>\n<li>Kokoonpano vaaditaan: Kyll\u00e4<\/li>\n<li>Alueen nimi: Askim<\/li>\n<\/ul>\n","protected":false},"excerpt":{"rendered":"<ul>\n<li>V\u00e4ri: Ruskea<\/li>\n<li>Materiaali: Massiivinen m\u00e4nty<\/li>\n<li>Yleiset mitat: 95 x 40 x 75 cm (P x L x K)<\/li>\n<li>Paino: 15,6 kg<\/li>\n<li>Kest\u00e4v\u00e4<\/li>\n<li>S\u00e4ilytystila<\/li>\n<li>4 laatikoilla<\/li>\n<li>Kehysmateriaali: Metalli<\/li>\n<li>Vain sis\u00e4k\u00e4ytt\u00f6\u00f6n<\/li>\n<li>Toimitus-:<\/li>\n<li>1 x kirjoitusp\u00f6yt\u00e4<\/li>\n<li>Kokoonpano vaaditaan: Kyll\u00e4<\/li>\n<li>Alueen nimi: Askim<\/li>\n<\/ul>\n","protected":false},"featured_media":100000153473,"comment_status":"closed","ping_status":"closed","template":"","meta":[],"product_brand":[],"product_cat":[84,8551],"product_tag":[],"class_list":{"0":"post-153473","1":"product","2":"type-product","3":"status-publish","4":"has-post-thumbnail","6":"product_cat-huonekalut","7":"product_cat-kirjoituspoydat","9":"first","10":"instock","11":"taxable","12":"shipping-taxable","13":"purchasable","14":"product-type-simple"},"_links":{"self":[{"href":"https:\/\/www.otiumhome.fi\/index.php\/wp-json\/wp\/v2\/product\/153473","targetHints":{"allow":["GET"]}}],"collection":[{"href":"https:\/\/www.otiumhome.fi\/index.php\/wp-json\/wp\/v2\/product"}],"about":[{"href":"https:\/\/www.otiumhome.fi\/index.php\/wp-json\/wp\/v2\/types\/product"}],"replies":[{"embeddable":true,"href":"https:\/\/www.otiumhome.fi\/index.php\/wp-json\/wp\/v2\/comments?post=153473"}],"wp:featuredmedia":[{"embeddable":true,"href":"https:\/\/www.otiumhome.fi\/index.php\/wp-json\/"}],"wp:attachment":[{"href":"https:\/\/www.otiumhome.fi\/index.php\/wp-json\/wp\/v2\/media?parent=153473"}],"wp:term":[{"taxonomy":"product_brand","embeddable":true,"href":"https:\/\/www.otiumhome.fi\/index.php\/wp-json\/wp\/v2\/product_brand?post=153473"},{"taxonomy":"product_cat","embeddable":true,"href":"https:\/\/www.otiumhome.fi\/index.php\/wp-json\/wp\/v2\/product_cat?post=153473"},{"taxonomy":"product_tag","embeddable":true,"href":"https:\/\/www.otiumhome.fi\/index.php\/wp-json\/wp\/v2\/product_tag?post=153473"}],"curies":[{"name":"wp","href":"https:\/\/api.w.org\/{rel}","templated":true}]}}