{"id":153319,"date":"2025-07-01T17:32:33","date_gmt":"2025-07-01T17:32:33","guid":{"rendered":"https:\/\/www.otiumhome.fi\/?p=153319"},"modified":"2025-12-09T04:12:28","modified_gmt":"2025-12-09T04:12:28","slug":"vaatekaappi-ovella-musta-tammi-80-x-505-x-180-cm-tekninen-puu","status":"publish","type":"product","link":"https:\/\/www.otiumhome.fi\/index.php\/tuote\/vaatekaappi-ovella-musta-tammi-80-x-505-x-180-cm-tekninen-puu\/","title":{"rendered":"Vaatekaappi ovella Musta tammi. 80 x 50,5 x 180 cm Tekninen puu"},"content":{"rendered":"<p>T\u00e4m\u00e4 moderni insin\u00f6\u00f6rivaattekaappi on s\u00e4ilytysratkaisu, jossa on tyylik\u00e4st\u00e4 muotoilua ja k\u00e4yt\u00e4nn\u00f6llisyytt\u00e4. Se sopii hyvin mihin tahansa makuuhuoneeseen ja sulautuu nykyaikaiseen sisustukseen, tarjoten runsaasti tilaa vaatteille ja muille esineille. Sen yksinkertainen muotoilu on t\u00e4ydellinen kaikille, jotka haluavat tilan s\u00e4ilyv\u00e4n siistin\u00e4 ja toimivana, tehden siit\u00e4 elegantin ja k\u00e4yt\u00e4nn\u00f6llisen lis\u00e4n mihin tahansa huoneeseen.<\/p>\n<ul>\n<li><b>Materiaalit:<\/b> T\u00e4m\u00e4 kaappi on valmistettu laadukkaasta insin\u00f6\u00f6ripuusta, joten se tarjoaa kest\u00e4v\u00e4\u00e4 s\u00e4ilytyst\u00e4, samalla kun se n\u00e4ytt\u00e4\u00e4 tyylikk\u00e4\u00e4lt\u00e4. Insin\u00f6\u00f6ripuu takaa pitk\u00e4ik\u00e4isyyden ja kest\u00e4vyyden p\u00e4ivitt\u00e4ist\u00e4 k\u00e4ytt\u00f6\u00e4 vastaan.\n<li><b>Mukana tulevat osat:<\/b> Kaappi, jossa on saranoidut ovet ja levyhyllyt, yhdist\u00e4\u00e4 k\u00e4yt\u00e4nn\u00f6llisyyden ja tyylikkyyden. Hyllytilaa on runsaasti, jotta voit j\u00e4rjest\u00e4\u00e4 kaikki tavarasi helposti. Saranoidut ovet luovat modernin ilmeen, joka t\u00e4ydent\u00e4\u00e4 huonetta.<\/li>\n<li><b>Ominaisuudet \/ Toiminta \/ Muotoilu:<\/b> T\u00e4m\u00e4 kaappi on suunniteltu sis\u00e4lt\u00e4m\u00e4\u00e4n paljon s\u00e4ilytystilaa vaatteille ja asusteille. Huolellinen suunnittelu vastaa tarpeitasi ja parantaa tilan esteettisyytt\u00e4.<\/li>\n<li><b>Suositellut k\u00e4ytt\u00f6tarkoitukset:<\/b> T\u00e4m\u00e4 kaappi sopii loistavasti makuuhuoneeseen tai muuhun tilaan, ja tarjoaa k\u00e4yt\u00e4nn\u00f6llisi\u00e4 s\u00e4ilytysratkaisuja, jotka yhdist\u00e4v\u00e4t modernin tyylin ja toimivuutta.<\/li>\n<li><b>Hoito &amp; Huolto:<\/b> S\u00e4ilytt\u00e4\u00e4ksesi kaapin upean ilmeen, v\u00e4lt\u00e4 kovia kemikaaleja. Pyyhi vain kuivalla liinalla, niin se pysyy raikkaana kuin uutena.<\/li>\n<\/ul>\n<ul>\n<li>V\u00e4ri: Musta tammi.<\/li>\n<li>Materiaali: Tekninen puu<\/li>\n<li>Yleiset mitat: 80 x 50,5 x 180 cm (P x L x K)<\/li>\n<li>Paino: 26,8 kg<\/li>\n<li>Runsaasti s\u00e4ilytystilaa<\/li>\n<li>1 hyllyll\u00e4<\/li>\n<li>Kehysmateriaali: Tekninen puu<\/li>\n<li>2 ovien kanssa<\/li>\n<li>Sis\u00e4- \/ ulkotiloissa: Vain sis\u00e4k\u00e4ytt\u00f6\u00f6n<\/li>\n<li>Toimitus-:<\/li>\n<li>1 x vaatekaappi<\/li>\n<li>Kokoonpano vaaditaan: Kyll\u00e4<\/li>\n<\/ul>\n","protected":false},"excerpt":{"rendered":"<ul>\n<li>V\u00e4ri: Musta tammi.<\/li>\n<li>Materiaali: Tekninen puu<\/li>\n<li>Yleiset mitat: 80 x 50,5 x 180 cm (P x L x K)<\/li>\n<li>Paino: 26,8 kg<\/li>\n<li>Runsaasti s\u00e4ilytystilaa<\/li>\n<li>1 hyllyll\u00e4<\/li>\n<li>Kehysmateriaali: Tekninen puu<\/li>\n<li>2 ovien kanssa<\/li>\n<li>Sis\u00e4- \/ ulkotiloissa: Vain sis\u00e4k\u00e4ytt\u00f6\u00f6n<\/li>\n<li>Toimitus-:<\/li>\n<li>1 x vaatekaappi<\/li>\n<li>Kokoonpano vaaditaan: Kyll\u00e4<\/li>\n<\/ul>\n","protected":false},"featured_media":100000153319,"comment_status":"closed","ping_status":"closed","template":"","meta":[],"product_brand":[],"product_cat":[84,8539],"product_tag":[],"class_list":{"0":"post-153319","1":"product","2":"type-product","3":"status-publish","4":"has-post-thumbnail","6":"product_cat-huonekalut","7":"product_cat-kaapit-vaatekaapit","9":"first","10":"instock","11":"taxable","12":"shipping-taxable","13":"purchasable","14":"product-type-simple"},"_links":{"self":[{"href":"https:\/\/www.otiumhome.fi\/index.php\/wp-json\/wp\/v2\/product\/153319","targetHints":{"allow":["GET"]}}],"collection":[{"href":"https:\/\/www.otiumhome.fi\/index.php\/wp-json\/wp\/v2\/product"}],"about":[{"href":"https:\/\/www.otiumhome.fi\/index.php\/wp-json\/wp\/v2\/types\/product"}],"replies":[{"embeddable":true,"href":"https:\/\/www.otiumhome.fi\/index.php\/wp-json\/wp\/v2\/comments?post=153319"}],"wp:featuredmedia":[{"embeddable":true,"href":"https:\/\/www.otiumhome.fi\/index.php\/wp-json\/"}],"wp:attachment":[{"href":"https:\/\/www.otiumhome.fi\/index.php\/wp-json\/wp\/v2\/media?parent=153319"}],"wp:term":[{"taxonomy":"product_brand","embeddable":true,"href":"https:\/\/www.otiumhome.fi\/index.php\/wp-json\/wp\/v2\/product_brand?post=153319"},{"taxonomy":"product_cat","embeddable":true,"href":"https:\/\/www.otiumhome.fi\/index.php\/wp-json\/wp\/v2\/product_cat?post=153319"},{"taxonomy":"product_tag","embeddable":true,"href":"https:\/\/www.otiumhome.fi\/index.php\/wp-json\/wp\/v2\/product_tag?post=153319"}],"curies":[{"name":"wp","href":"https:\/\/api.w.org\/{rel}","templated":true}]}}