{"id":153182,"date":"2025-06-28T06:46:46","date_gmt":"2025-06-28T06:46:46","guid":{"rendered":"https:\/\/www.otiumhome.fi\/?p=153182"},"modified":"2025-12-09T11:28:45","modified_gmt":"2025-12-09T11:28:45","slug":"sankykehys-laatikoilla-musta-tammi-4ft-small-double","status":"publish","type":"product","link":"https:\/\/www.otiumhome.fi\/index.php\/tuote\/sankykehys-laatikoilla-musta-tammi-4ft-small-double\/","title":{"rendered":"S\u00e4nkykehys laatikoilla Musta tammi 4FT Small Double"},"content":{"rendered":"<p>T\u00e4\u00e4 rustiikkinen s\u00e4ilytyss\u00e4nky yhdist\u00e4\u00e4 modernin muotoilun ja k\u00e4yt\u00e4nn\u00f6llisyyden, mik\u00e4 tekee siit\u00e4 keskeisen osan makuuhuonetta. Sen puhtaat muodot luovat l\u00e4mpim\u00e4n ja j\u00e4rjestelm\u00e4llisen tunnelman. T\u00e4m\u00e4 s\u00e4nky on t\u00e4ydellinen valinta, jos haluat tyylik\u00e4st\u00e4 ja k\u00e4yt\u00e4nn\u00f6llist\u00e4 ratkaisua. S\u00e4\u00e4n pinta on sile\u00e4, mik\u00e4 tuo eleganssia, ja tekninen puu tekee siit\u00e4 kest\u00e4v\u00e4n ilman ett\u00e4 tyyli k\u00e4rsii. T\u00e4\u00e4 yhdistelm\u00e4 varmistaa, ett\u00e4 se sopii monenlaisiin makuuhuoneisiin.<\/p>\n<ul>\n<li><b>Kest\u00e4vi\u00e4 materiaaleja:<\/b> Tekninen puu takaa pitk\u00e4n k\u00e4ytt\u00f6i\u00e4n. Sen kest\u00e4vyys pit\u00e4\u00e4 s\u00e4ngyn hyv\u00e4ss\u00e4 kunnossa vuosia. T\u00e4\u00e4 puu on my\u00f6s hyv\u00e4 perusta kest\u00e4v\u00e4lle k\u00e4yt\u00f6lle ilman, ett\u00e4 se heikkenee. T\u00e4m\u00e4 valinta k\u00e4y niin moderniin kuin kodikkaaseen makuuhuoneeseen, pit\u00e4en arvonsa.<\/li>\n<li><b>Kiinte\u00e4 s\u00e4lepohja:<\/b> Joustamattomat s\u00e4leet tarjoavat tukevaa pohjaa patjalle. Ne ovat j\u00e4ykki\u00e4, joten vaikka liikett\u00e4 on rajallisesti, tukeva rakenne on hyv\u00e4 valinta. T\u00e4m\u00e4 varmistaa sen, ett\u00e4 unesi on rauhallista ja tukevata.<\/li>\n<li><b>Toiminnalliset laatikot:<\/b> T\u00e4\u00e4 s\u00e4nky auttaa pit\u00e4m\u00e4\u00e4n makuuhuoneen siistin\u00e4 sis\u00e4\u00e4nrakennetun varastoinnin avulla. Laatikot ovat tilavia ja sinne mahtuu t\u00e4rkeit\u00e4 juttuja, kuten peittoja, tyynyj\u00e4 tai kirjoja. Ne liikkuvat helposti tyylikk\u00e4iden kahvojen ansiosta, mik\u00e4 tekee k\u00e4yt\u00f6st\u00e4 vaivatonta.<\/li>\n<li><b>Moderni muotoilu:<\/b> Tyylikk\u00e4\u00e4t linjat ja minimalistinen design ilment\u00e4v\u00e4t modernia tyyli\u00e4. Suorat tankokahvat lis\u00e4\u00e4v\u00e4t t\u00e4h\u00e4n tyyliin toimivuutta. T\u00e4m\u00e4 s\u00e4nky sopii hienosti niin moderniin kuin perinteiseen sisustukseen.<\/li>\n<li><b>Helppo huolto ja yll\u00e4pito:<\/b> S\u00e4ngyn huoltaminen on helppoa; tarvitset vain kostean liinan pyyhkimiseen. T\u00e4\u00e4 yksinkertaisuus pit\u00e4\u00e4 s\u00e4ngyn hyv\u00e4ss\u00e4 kunnossa ilman suurta vaivann\u00e4k\u00f6\u00e4. Se on tarkoitettu vain sis\u00e4k\u00e4ytt\u00f6\u00f6n, joten se s\u00e4ilytt\u00e4\u00e4 vieh\u00e4tyksens\u00e4 ilman monimutkaista huoltoa.<\/li>\n<\/ul>\n<ul>\n<li>V\u00e4ri: Musta tammi<\/li>\n<li>Materiaali: Tekninen puu<\/li>\n<li>Kehysmateriaali: Tekninen puu<\/li>\n<li>Yleiset mitat: 193 x 123 x 32 cm (P x L x K)<\/li>\n<li>Onko slated kehys: Kyll\u00e4<\/li>\n<li>Laatikot<\/li>\n<li>S\u00e4ilytystila<\/li>\n<li>Laatikolla<\/li>\n<li>Kokoonpano vaaditaan: Kyll\u00e4<\/li>\n<li>Toimitus-:<\/li>\n<li>1 x S\u00e4ngyn runko<\/li>\n<li>4 x S\u00e4ngyn laatikko<\/li>\n<\/ul>\n","protected":false},"excerpt":{"rendered":"<ul>\n<li>V\u00e4ri: Musta tammi<\/li>\n<li>Materiaali: Tekninen puu<\/li>\n<li>Kehysmateriaali: Tekninen puu<\/li>\n<li>Yleiset mitat: 193 x 123 x 32 cm (P x L x K)<\/li>\n<li>Onko slated kehys: Kyll\u00e4<\/li>\n<li>Laatikot<\/li>\n<li>S\u00e4ilytystila<\/li>\n<li>Laatikolla<\/li>\n<li>Kokoonpano vaaditaan: Kyll\u00e4<\/li>\n<li>Toimitus-:<\/li>\n<li>1 x S\u00e4ngyn runko<\/li>\n<li>4 x S\u00e4ngyn laatikko<\/li>\n<\/ul>\n","protected":false},"featured_media":100000153182,"comment_status":"closed","ping_status":"closed","template":"","meta":[],"product_brand":[],"product_cat":[84,8638],"product_tag":[],"class_list":{"0":"post-153182","1":"product","2":"type-product","3":"status-publish","4":"has-post-thumbnail","6":"product_cat-huonekalut","7":"product_cat-sangyt-sangynrungot","9":"first","10":"instock","11":"taxable","12":"shipping-taxable","13":"purchasable","14":"product-type-simple"},"_links":{"self":[{"href":"https:\/\/www.otiumhome.fi\/index.php\/wp-json\/wp\/v2\/product\/153182","targetHints":{"allow":["GET"]}}],"collection":[{"href":"https:\/\/www.otiumhome.fi\/index.php\/wp-json\/wp\/v2\/product"}],"about":[{"href":"https:\/\/www.otiumhome.fi\/index.php\/wp-json\/wp\/v2\/types\/product"}],"replies":[{"embeddable":true,"href":"https:\/\/www.otiumhome.fi\/index.php\/wp-json\/wp\/v2\/comments?post=153182"}],"wp:featuredmedia":[{"embeddable":true,"href":"https:\/\/www.otiumhome.fi\/index.php\/wp-json\/"}],"wp:attachment":[{"href":"https:\/\/www.otiumhome.fi\/index.php\/wp-json\/wp\/v2\/media?parent=153182"}],"wp:term":[{"taxonomy":"product_brand","embeddable":true,"href":"https:\/\/www.otiumhome.fi\/index.php\/wp-json\/wp\/v2\/product_brand?post=153182"},{"taxonomy":"product_cat","embeddable":true,"href":"https:\/\/www.otiumhome.fi\/index.php\/wp-json\/wp\/v2\/product_cat?post=153182"},{"taxonomy":"product_tag","embeddable":true,"href":"https:\/\/www.otiumhome.fi\/index.php\/wp-json\/wp\/v2\/product_tag?post=153182"}],"curies":[{"name":"wp","href":"https:\/\/api.w.org\/{rel}","templated":true}]}}