{"id":153121,"date":"2025-06-28T06:42:44","date_gmt":"2025-06-28T06:42:44","guid":{"rendered":"https:\/\/www.otiumhome.fi\/?p=153121"},"modified":"2025-12-09T11:23:22","modified_gmt":"2025-12-09T11:23:22","slug":"sangyn-runko-musta-tammi-200-x-200-cm-tekninen-puu","status":"publish","type":"product","link":"https:\/\/www.otiumhome.fi\/index.php\/tuote\/sangyn-runko-musta-tammi-200-x-200-cm-tekninen-puu\/","title":{"rendered":"S\u00e4ngyn runko Musta tammi 200 x 200 cm Tekninen puu"},"content":{"rendered":"<p>T\u00e4m\u00e4 tyylik\u00e4s s\u00e4nkykehys tuo modernia tyyli\u00e4, lis\u00e4ten raikkautta ja eleganssia mihin tahansa makuuhuoneeseen. Tekonaita puu tekee siit\u00e4 sek\u00e4 kest\u00e4v\u00e4n ett\u00e4 n\u00e4tilt\u00e4 n\u00e4ytt\u00e4v\u00e4n. Jos tykk\u00e4\u00e4t minimalistisesta tyylist\u00e4, t\u00e4m\u00e4 suorakaiteen muotoinen s\u00e4nkykehys on t\u00e4ydellinen yhdistelm\u00e4 kauniita linjoja ja fiksua suunnittelua. Tuo nykyaikaisuutta makuuhuoneeseesi t\u00e4ll\u00e4 osalla, joka lis\u00e4\u00e4 ripauksen hienostuneisuutta ja takaa mukavuutta sek\u00e4 kest\u00e4vyytt\u00e4 erinomaiselle y\u00f6unelle.<\/p>\n<ul>\n<li><b>Tekninen Puumateriaali:<\/b> Huipputasoisesta teknisest\u00e4 puusta valmistettu, t\u00e4m\u00e4 s\u00e4nkykehys on kest\u00e4v\u00e4 ja naarmuuntumaton. Fiksu valinta mihin tahansa moderniin kotiin, se tarjoaa tyylikk\u00e4\u00e4n ilmeen ja pitk\u00e4ik\u00e4ist\u00e4 k\u00e4ytt\u00f6\u00e4.<\/li>\n<li><b>Kiinte\u00e4 S\u00e4lepohja:<\/b> J\u00e4yk\u00e4ll\u00e4 s\u00e4lepohjalla varustettuna se on saatava ja vakaa. T\u00e4m\u00e4 pit\u00e4\u00e4 patjasi hyvin paikoillaan ja tarjoaa vankkaa perustaa rauhalliseen uneen.<\/li>\n<li><b>Nykyajan Neli\u00f6jalat:<\/b> Neli\u00f6jalat lis\u00e4\u00e4v\u00e4t s\u00e4ngyn minimalistista tyyli\u00e4 ja antavat sille tukevan tuen. Beigen v\u00e4rins\u00e4 ja mattapinnansa ansiosta ne vahvistavat koko ulkon\u00e4\u00f6n modernia tunnelmaa.<\/li>\n<li><b>Yksinkertainen Mattapinta:<\/b> Mattapinta antaa tasaisen ilmeen, joka nostaa s\u00e4ngyn tyyli\u00e4 ja sopii hyvin eri sisustusteemoihin. Se keskittyy tekstuuriin ja k\u00e4sity\u00f6h\u00f6n, ilman kiilt\u00e4vi\u00e4 h\u00e4iri\u00f6tekij\u00f6it\u00e4.<\/li>\n<li><b>Helppo Huolto:<\/b> Pid\u00e4 huonekalusi kunnossa pyyhkim\u00e4ll\u00e4 se vain kostealla liinalla. V\u00e4lt\u00e4 kovia kemikaaleja ja suoraa auringonvaloa, niin se pysyy raikkaana.<\/li>\n<\/ul>\n<ul>\n<li>V\u00e4ri: Musta tammi<\/li>\n<li>Materiaali: Tekninen puu<\/li>\n<li>Kehysmateriaali: Puu<\/li>\n<li>Yleiset mitat: 203 x 203 x 25 cm (P x L x K)<\/li>\n<li>Patjan koko: Emperor (200 cm x 200 cm \/ 79&#8243; x 79&#8243;)<\/li>\n<li>Onko slated kehys: Kyll\u00e4<\/li>\n<li>Muut<\/li>\n<li>Kokoonpano vaaditaan: Kyll\u00e4<\/li>\n<li>Toimitus-:<\/li>\n<li>1 x S\u00e4nkykeh\u00e4<\/li>\n<\/ul>\n","protected":false},"excerpt":{"rendered":"<ul>\n<li>V\u00e4ri: Musta tammi<\/li>\n<li>Materiaali: Tekninen puu<\/li>\n<li>Kehysmateriaali: Puu<\/li>\n<li>Yleiset mitat: 203 x 203 x 25 cm (P x L x K)<\/li>\n<li>Patjan koko: Emperor (200 cm x 200 cm \/ 79&#8243; x 79&#8243;)<\/li>\n<li>Onko slated kehys: Kyll\u00e4<\/li>\n<li>Muut<\/li>\n<li>Kokoonpano vaaditaan: Kyll\u00e4<\/li>\n<li>Toimitus-:<\/li>\n<li>1 x S\u00e4nkykeh\u00e4<\/li>\n<\/ul>\n","protected":false},"featured_media":100000153121,"comment_status":"closed","ping_status":"closed","template":"","meta":[],"product_brand":[],"product_cat":[84,8638],"product_tag":[],"class_list":{"0":"post-153121","1":"product","2":"type-product","3":"status-publish","4":"has-post-thumbnail","6":"product_cat-huonekalut","7":"product_cat-sangyt-sangynrungot","9":"first","10":"instock","11":"taxable","12":"shipping-taxable","13":"purchasable","14":"product-type-simple"},"_links":{"self":[{"href":"https:\/\/www.otiumhome.fi\/index.php\/wp-json\/wp\/v2\/product\/153121","targetHints":{"allow":["GET"]}}],"collection":[{"href":"https:\/\/www.otiumhome.fi\/index.php\/wp-json\/wp\/v2\/product"}],"about":[{"href":"https:\/\/www.otiumhome.fi\/index.php\/wp-json\/wp\/v2\/types\/product"}],"replies":[{"embeddable":true,"href":"https:\/\/www.otiumhome.fi\/index.php\/wp-json\/wp\/v2\/comments?post=153121"}],"wp:featuredmedia":[{"embeddable":true,"href":"https:\/\/www.otiumhome.fi\/index.php\/wp-json\/"}],"wp:attachment":[{"href":"https:\/\/www.otiumhome.fi\/index.php\/wp-json\/wp\/v2\/media?parent=153121"}],"wp:term":[{"taxonomy":"product_brand","embeddable":true,"href":"https:\/\/www.otiumhome.fi\/index.php\/wp-json\/wp\/v2\/product_brand?post=153121"},{"taxonomy":"product_cat","embeddable":true,"href":"https:\/\/www.otiumhome.fi\/index.php\/wp-json\/wp\/v2\/product_cat?post=153121"},{"taxonomy":"product_tag","embeddable":true,"href":"https:\/\/www.otiumhome.fi\/index.php\/wp-json\/wp\/v2\/product_tag?post=153121"}],"curies":[{"name":"wp","href":"https:\/\/api.w.org\/{rel}","templated":true}]}}