{"id":153107,"date":"2025-06-28T06:20:49","date_gmt":"2025-06-28T06:20:49","guid":{"rendered":"https:\/\/www.otiumhome.fi\/?p=153107"},"modified":"2025-12-09T11:28:50","modified_gmt":"2025-12-09T11:28:50","slug":"paivapedin-runko-laatikoilla-paatylla-musta-tammi-3ft-single","status":"publish","type":"product","link":"https:\/\/www.otiumhome.fi\/index.php\/tuote\/paivapedin-runko-laatikoilla-paatylla-musta-tammi-3ft-single\/","title":{"rendered":"P\u00e4iv\u00e4pedin runko laatikoilla p\u00e4\u00e4tyll\u00e4 Musta tammi 3FT Single"},"content":{"rendered":"<p>T\u00e4m\u00e4 moderni p\u00e4iv\u00e4vuode yhdist\u00e4\u00e4 toiminnallisuuden helppoon ja yksinkertaiseen muotoiluun, ja se on t\u00e4ydellinen lis\u00e4 mihin tahansa makuuhuoneeseen. Sen suorat linjat tekev\u00e4t siit\u00e4 monik\u00e4ytt\u00f6isen vaihtoehdon huoneeseen, jossa on mukava istua p\u00e4iv\u00e4ll\u00e4 ja nukkua y\u00f6ll\u00e4. T\u00e4m\u00e4 ei ole pelk\u00e4st\u00e4\u00e4n lepopaikka, vaan se tarjoaa my\u00f6s runsaasti s\u00e4ilytystilaa, mik\u00e4 auttaa pit\u00e4m\u00e4\u00e4n nukkumisymp\u00e4rist\u00f6n siistin\u00e4.<\/p>\n<ul>\n<li><b>Laadukas tekninen puu:<\/b> T\u00e4m\u00e4 p\u00e4iv\u00e4vuode on tehty korkealaatuisesta teknisest\u00e4 puusta, joka on kest\u00e4v\u00e4 ja luotettava. T\u00e4m\u00e4 materiaali takaa vakautta ja sile\u00e4\u00e4 pintaa, mik\u00e4 parantaa makuuhuoneen ilmett\u00e4.<\/li>\n<li><b>Kiinte\u00e4 s\u00e4lepohja:<\/b> T\u00e4m\u00e4 p\u00e4iv\u00e4vuode on varustettu tukevalla s\u00e4lepohjalla, joka takaa mukavuuden sek\u00e4 istuessa ett\u00e4 nukkuessa. Sen kest\u00e4v\u00e4 rakenne pit\u00e4\u00e4 s\u00e4ngyn hyv\u00e4ss\u00e4 kunnossa pitk\u00e4\u00e4n.<\/li>\n<li><b>Integroitu s\u00e4ilytyslaatikko:<\/b> Sis\u00e4\u00e4nrakennetut laatikot tarjoavat k\u00e4tev\u00e4\u00e4 s\u00e4ilytystilaa. Ne ovat t\u00e4ydellisi\u00e4 vuodevaatteille ja muille henkil\u00f6kohtaisille tavaroille, ja pit\u00e4v\u00e4t huoneen siistin\u00e4.<\/li>\n<li><b>Rustikkityylinen p\u00e4\u00e4ty:<\/b> P\u00e4iv\u00e4vuoteen p\u00e4\u00e4ty lis\u00e4\u00e4 vieh\u00e4tt\u00e4v\u00e4\u00e4 rustiikkista tyyli\u00e4. Se tekee s\u00e4ngyst\u00e4 kodikkaan ja kutsuvan, t\u00e4ydent\u00e4en sen modernia muotoilua.<\/li>\n<li><b>Yksinkertainen yll\u00e4pito:<\/b> T\u00e4m\u00e4 p\u00e4iv\u00e4vuode on helppo pit\u00e4\u00e4 puhtaana; pyyhk\u00e4ise vain kostealla liinalla. T\u00e4m\u00e4 varmistaa siistin ilmeen ilman vaivann\u00e4k\u00f6\u00e4, lis\u00e4ten langen pitk\u00e4aikaisen arvon huonekalullesi.<\/li>\n<\/ul>\n<ul>\n<li>V\u00e4ri: Musta tammi<\/li>\n<li>Materiaali: Tekninen puu<\/li>\n<li>Kehysmateriaali: Tekninen puu<\/li>\n<li>Yleiset mitat: 193 x 93 x 65 cm (P x L x K)<\/li>\n<li>Onko slated kehys: Kyll\u00e4<\/li>\n<li>Enimm\u00e4ism\u00e4\u00e4r\u00e4 ihmisi\u00e4: 1<\/li>\n<li>Laatikot<\/li>\n<li>S\u00e4ilytystila<\/li>\n<li>Laatikolla<\/li>\n<li>Kokoonpano vaaditaan: Kyll\u00e4<\/li>\n<li>Toimitus-:<\/li>\n<li>1 x P\u00e4iv\u00e4peti runko<\/li>\n<li>3 x S\u00e4ngyn laatikko<\/li>\n<\/ul>\n","protected":false},"excerpt":{"rendered":"<ul>\n<li>V\u00e4ri: Musta tammi<\/li>\n<li>Materiaali: Tekninen puu<\/li>\n<li>Kehysmateriaali: Tekninen puu<\/li>\n<li>Yleiset mitat: 193 x 93 x 65 cm (P x L x K)<\/li>\n<li>Onko slated kehys: Kyll\u00e4<\/li>\n<li>Enimm\u00e4ism\u00e4\u00e4r\u00e4 ihmisi\u00e4: 1<\/li>\n<li>Laatikot<\/li>\n<li>S\u00e4ilytystila<\/li>\n<li>Laatikolla<\/li>\n<li>Kokoonpano vaaditaan: Kyll\u00e4<\/li>\n<li>Toimitus-:<\/li>\n<li>1 x P\u00e4iv\u00e4peti runko<\/li>\n<li>3 x S\u00e4ngyn laatikko<\/li>\n<\/ul>\n","protected":false},"featured_media":100000153107,"comment_status":"closed","ping_status":"closed","template":"","meta":[],"product_brand":[],"product_cat":[84,8638],"product_tag":[],"class_list":{"0":"post-153107","1":"product","2":"type-product","3":"status-publish","4":"has-post-thumbnail","6":"product_cat-huonekalut","7":"product_cat-sangyt-sangynrungot","9":"first","10":"instock","11":"taxable","12":"shipping-taxable","13":"purchasable","14":"product-type-simple"},"_links":{"self":[{"href":"https:\/\/www.otiumhome.fi\/index.php\/wp-json\/wp\/v2\/product\/153107","targetHints":{"allow":["GET"]}}],"collection":[{"href":"https:\/\/www.otiumhome.fi\/index.php\/wp-json\/wp\/v2\/product"}],"about":[{"href":"https:\/\/www.otiumhome.fi\/index.php\/wp-json\/wp\/v2\/types\/product"}],"replies":[{"embeddable":true,"href":"https:\/\/www.otiumhome.fi\/index.php\/wp-json\/wp\/v2\/comments?post=153107"}],"wp:featuredmedia":[{"embeddable":true,"href":"https:\/\/www.otiumhome.fi\/index.php\/wp-json\/"}],"wp:attachment":[{"href":"https:\/\/www.otiumhome.fi\/index.php\/wp-json\/wp\/v2\/media?parent=153107"}],"wp:term":[{"taxonomy":"product_brand","embeddable":true,"href":"https:\/\/www.otiumhome.fi\/index.php\/wp-json\/wp\/v2\/product_brand?post=153107"},{"taxonomy":"product_cat","embeddable":true,"href":"https:\/\/www.otiumhome.fi\/index.php\/wp-json\/wp\/v2\/product_cat?post=153107"},{"taxonomy":"product_tag","embeddable":true,"href":"https:\/\/www.otiumhome.fi\/index.php\/wp-json\/wp\/v2\/product_tag?post=153107"}],"curies":[{"name":"wp","href":"https:\/\/api.w.org\/{rel}","templated":true}]}}