{"id":152958,"date":"2025-06-23T23:49:34","date_gmt":"2025-06-23T23:49:34","guid":{"rendered":"https:\/\/www.otiumhome.fi\/?p=152958"},"modified":"2025-06-24T04:29:21","modified_gmt":"2025-06-24T04:29:21","slug":"viinipulloteline-6-pullolle-35x18x255-cm-bambu","status":"publish","type":"product","link":"https:\/\/www.otiumhome.fi\/index.php\/tuote\/viinipulloteline-6-pullolle-35x18x255-cm-bambu\/","title":{"rendered":"Viinipulloteline 6 pullolle 35x18x25,5 cm bambu"},"content":{"rendered":"<p>S\u00e4ilyt\u00e4 ja esittele viinej\u00e4si tyylikk\u00e4\u00e4sti t\u00e4m\u00e4n viinipullotelineen avulla!<\/p>\n<\/p>\n<ul>\n<li>Kest\u00e4v\u00e4 materiaali: Bambu tunnetaan joustavuudestaan ja kovuudestaan. Bambukalusteet ovat hyv\u00e4 vaihtoehto, kun haluat tukevia luonnonmateriaaleista valmistettuja kalusteita. Lis\u00e4ksi lakkaus voi est\u00e4\u00e4 pullotelineen naarmuuntumisen ja tehd\u00e4 puusta vedenpit\u00e4v\u00e4n.<\/li>\n<li>Runsaasti s\u00e4ilytystilaa: Viinipulloteline tarjoaa runsaasti tilaa viiniesi s\u00e4ilytt\u00e4miseen. Siihen mahtuu jopa kuusi viinipulloa.<\/li>\n<li><span style=\"font-size: 13.12px\">Vapaasti seisova: Vapaasti seisovaa viinipullotelinett\u00e4 ei tarvitse asentaa, joten se on vaivaton ratkaisu viinien s\u00e4ilytykseen. Voit k\u00e4ytt\u00e4\u00e4 sit\u00e4 kaikkialla kotonasi, olohuoneesta keitti\u00f6\u00f6n ja jopa puutarhan kes\u00e4juhliin.<\/span><\/li>\n<li>Kompakti muotoilu: Kompaktin muotoilun ansiosta voit s\u00e4ilytt\u00e4\u00e4 pullojasi ilman, ett\u00e4 se vie liikaa tilaa. Voit k\u00e4ytt\u00e4\u00e4 sit\u00e4 viiniesi esittelyyn ty\u00f6tasoilla tai hyllyill\u00e4.<\/li>\n<\/ul>\n<ul>\n<li>Materiaali: Bambu l\u00e4pin\u00e4kyv\u00e4ll\u00e4 lakalla<\/li>\n<li>Mitat: 35 x 18 x 25,5 cm (L x S x K)<\/li>\n<li>Ritil\u00e4n halkaisija: 8,5 cm<\/li>\n<li>Maksimikantavuus: 10 kg<\/li>\n<li>Siihen mahtuu jopa 6 pulloa viini\u00e4 (pullot ei mukana)<\/li>\n<\/ul>\n","protected":false},"excerpt":{"rendered":"<ul>\n<li>Materiaali: Bambu l\u00e4pin\u00e4kyv\u00e4ll\u00e4 lakalla<\/li>\n<li>Mitat: 35 x 18 x 25,5 cm (L x S x K)<\/li>\n<li>Ritil\u00e4n halkaisija: 8,5 cm<\/li>\n<li>Maksimikantavuus: 10 kg<\/li>\n<li>Siihen mahtuu jopa 6 pulloa viini\u00e4 (pullot ei mukana)<\/li>\n<\/ul>\n","protected":false},"featured_media":100000152958,"comment_status":"closed","ping_status":"closed","template":"","meta":[],"product_brand":[],"product_cat":[84,8662],"product_tag":[],"class_list":{"0":"post-152958","1":"product","2":"type-product","3":"status-publish","4":"has-post-thumbnail","6":"product_cat-huonekalut","7":"product_cat-viinitelineet","9":"first","10":"instock","11":"taxable","12":"shipping-taxable","13":"purchasable","14":"product-type-simple"},"_links":{"self":[{"href":"https:\/\/www.otiumhome.fi\/index.php\/wp-json\/wp\/v2\/product\/152958","targetHints":{"allow":["GET"]}}],"collection":[{"href":"https:\/\/www.otiumhome.fi\/index.php\/wp-json\/wp\/v2\/product"}],"about":[{"href":"https:\/\/www.otiumhome.fi\/index.php\/wp-json\/wp\/v2\/types\/product"}],"replies":[{"embeddable":true,"href":"https:\/\/www.otiumhome.fi\/index.php\/wp-json\/wp\/v2\/comments?post=152958"}],"wp:featuredmedia":[{"embeddable":true,"href":"https:\/\/www.otiumhome.fi\/index.php\/wp-json\/"}],"wp:attachment":[{"href":"https:\/\/www.otiumhome.fi\/index.php\/wp-json\/wp\/v2\/media?parent=152958"}],"wp:term":[{"taxonomy":"product_brand","embeddable":true,"href":"https:\/\/www.otiumhome.fi\/index.php\/wp-json\/wp\/v2\/product_brand?post=152958"},{"taxonomy":"product_cat","embeddable":true,"href":"https:\/\/www.otiumhome.fi\/index.php\/wp-json\/wp\/v2\/product_cat?post=152958"},{"taxonomy":"product_tag","embeddable":true,"href":"https:\/\/www.otiumhome.fi\/index.php\/wp-json\/wp\/v2\/product_tag?post=152958"}],"curies":[{"name":"wp","href":"https:\/\/api.w.org\/{rel}","templated":true}]}}