{"id":152826,"date":"2025-06-23T06:13:40","date_gmt":"2025-06-23T06:13:40","guid":{"rendered":"https:\/\/www.otiumhome.fi\/?p=152826"},"modified":"2025-12-09T11:29:17","modified_gmt":"2025-12-09T11:29:17","slug":"sailytystilallinen-sangynrunko-vanha-puu-90-cm-tekninen-puu","status":"publish","type":"product","link":"https:\/\/www.otiumhome.fi\/index.php\/tuote\/sailytystilallinen-sangynrunko-vanha-puu-90-cm-tekninen-puu\/","title":{"rendered":"S\u00e4ilytystilallinen s\u00e4ngynrunko Vanha Puu 90 cm Tekninen puu"},"content":{"rendered":"<p>T\u00e4m\u00e4 moderni s\u00e4ilytyss\u00e4nkykehys yhdist\u00e4\u00e4 k\u00e4yt\u00e4nn\u00f6llisyyden ja tyylin, parantaen makuuhuoneesi ilmett\u00e4 samalla kun se tarjoaa runsaasti s\u00e4ilytysratkaisuja. Tyylikk\u00e4\u00e4n, suorakulmaisen muotoilun ansiosta s\u00e4nkykehys on varustettu sileill\u00e4 pinnoilla ja selkeill\u00e4 viivoilla, jotka kuvastavat modernia muotoilua. Ihanteellinen niille, jotka haluavat hy\u00f6dynt\u00e4\u00e4 tilansa tehokkaasti tinkim\u00e4tt\u00e4 tyylist\u00e4.<\/p>\n<ul>\n<li><b>Teknisest\u00e4 puusta valmistettu rakenne:<\/b> T\u00e4m\u00e4 s\u00e4nkykehys yhdist\u00e4\u00e4 t\u00e4ysm\u00e4nty ja vaneri, mik\u00e4 takaa tukevuuden ja kest\u00e4vyyden. Vankka, mutta tyylik\u00e4s rakenne tarjoaa hyv\u00e4n tuen patjalle ilman lis\u00e4laatikoita. T\u00e4ydellinen valinta, jos arvostat laatua ja pitk\u00e4aikaista k\u00e4ytt\u00f6\u00e4.<\/li>\n<li><b>Integroitu hyllytila:<\/b> S\u00e4nkykehyksen plankkihyllyt, jotka on tehty teknisest\u00e4 puusta, tarjoavat k\u00e4tev\u00e4n ratkaisun kirjoille tai sisustustarvikkeille. N\u00e4m\u00e4 hyllyt on integroitu muotoiluun, mik\u00e4 antaa kuitenkaan huoneen tuntua sekavalta.<\/li>\n<li><b>Toiminnallinen s\u00e4lepohja:<\/b> Kiinte\u00e4 s\u00e4lepohja antaa hyv\u00e4n tuen patjalle, ja se mahdollistaa ilman kierron alla, est\u00e4en kosteuden kertymist\u00e4 ja parantaen patjan k\u00e4ytt\u00f6ik\u00e4\u00e4. Vankka alusta takaa mukavat nukkumiskokemukset joka vuodenaikana.<\/li>\n<li><b>Integroidut saranoidut ovet:<\/b> Saranoidut ovet suorilla tankokahvoilla ovat suunniteltu helpoksi p\u00e4\u00e4syksi s\u00e4ngyn alla oleviin s\u00e4ilytystiloihin. Ne tarjoavat vaivattoman tavan j\u00e4rjestell\u00e4 asioita.<\/li>\n<li><b>Helppo yll\u00e4pito:<\/b> S\u00e4nkykehyksen hoito on vaivatonta; pyyhi pinnat kostealla liinalla, niin se pysyy kuin uusi. T\u00e4m\u00e4 hoitorutiini pit\u00e4\u00e4 huolen sen ulkon\u00e4\u00f6st\u00e4 ja kest\u00e4vyydest\u00e4, joten saat mielenrauhaa ja k\u00e4yt\u00e4nn\u00f6llisyytt\u00e4.<\/li>\n<\/ul>\n<ul>\n<li>V\u00e4ri: Vanha puu<\/li>\n<li>Materiaali: Tekninen puu<\/li>\n<li>Yleiset mitat: 234 x 118 x 53,5 cm (P x L x K)<\/li>\n<li>Patjan koko: Lyhyt yhden hengen s\u00e4nky (90 cm x 190 cm \/ 35&#8243; x 75&#8243;)<\/li>\n<li>Enimm\u00e4ispaino: 100 kg<\/li>\n<li>Onko slated kehys: Kyll\u00e4<\/li>\n<li>Enimm\u00e4ism\u00e4\u00e4r\u00e4 ihmisi\u00e4: 1<\/li>\n<li>Kest\u00e4v\u00e4<\/li>\n<li>Yhteensopiva patjakoko: 90 x 190 cm (L x P)<\/li>\n<li>S\u00e4ngyn korkeus: 53,5 cm<\/li>\n<li>Kokoonpano vaaditaan: Kyll\u00e4<\/li>\n<li>Toimitus-:<\/li>\n<li>1 x S\u00e4ngyn runko<\/li>\n<li>jossa on s\u00e4ilytystila<\/li>\n<\/ul>\n","protected":false},"excerpt":{"rendered":"<ul>\n<li>V\u00e4ri: Vanha puu<\/li>\n<li>Materiaali: Tekninen puu<\/li>\n<li>Yleiset mitat: 234 x 118 x 53,5 cm (P x L x K)<\/li>\n<li>Patjan koko: Lyhyt yhden hengen s\u00e4nky (90 cm x 190 cm \/ 35&#8243; x 75&#8243;)<\/li>\n<li>Enimm\u00e4ispaino: 100 kg<\/li>\n<li>Onko slated kehys: Kyll\u00e4<\/li>\n<li>Enimm\u00e4ism\u00e4\u00e4r\u00e4 ihmisi\u00e4: 1<\/li>\n<li>Kest\u00e4v\u00e4<\/li>\n<li>Yhteensopiva patjakoko: 90 x 190 cm (L x P)<\/li>\n<li>S\u00e4ngyn korkeus: 53,5 cm<\/li>\n<li>Kokoonpano vaaditaan: Kyll\u00e4<\/li>\n<li>Toimitus-:<\/li>\n<li>1 x S\u00e4ngyn runko<\/li>\n<li>jossa on s\u00e4ilytystila<\/li>\n<\/ul>\n","protected":false},"featured_media":100000152826,"comment_status":"closed","ping_status":"closed","template":"","meta":[],"product_brand":[],"product_cat":[84,8638],"product_tag":[],"class_list":{"0":"post-152826","1":"product","2":"type-product","3":"status-publish","4":"has-post-thumbnail","6":"product_cat-huonekalut","7":"product_cat-sangyt-sangynrungot","9":"first","10":"outofstock","11":"taxable","12":"shipping-taxable","13":"purchasable","14":"product-type-simple"},"_links":{"self":[{"href":"https:\/\/www.otiumhome.fi\/index.php\/wp-json\/wp\/v2\/product\/152826","targetHints":{"allow":["GET"]}}],"collection":[{"href":"https:\/\/www.otiumhome.fi\/index.php\/wp-json\/wp\/v2\/product"}],"about":[{"href":"https:\/\/www.otiumhome.fi\/index.php\/wp-json\/wp\/v2\/types\/product"}],"replies":[{"embeddable":true,"href":"https:\/\/www.otiumhome.fi\/index.php\/wp-json\/wp\/v2\/comments?post=152826"}],"wp:featuredmedia":[{"embeddable":true,"href":"https:\/\/www.otiumhome.fi\/index.php\/wp-json\/"}],"wp:attachment":[{"href":"https:\/\/www.otiumhome.fi\/index.php\/wp-json\/wp\/v2\/media?parent=152826"}],"wp:term":[{"taxonomy":"product_brand","embeddable":true,"href":"https:\/\/www.otiumhome.fi\/index.php\/wp-json\/wp\/v2\/product_brand?post=152826"},{"taxonomy":"product_cat","embeddable":true,"href":"https:\/\/www.otiumhome.fi\/index.php\/wp-json\/wp\/v2\/product_cat?post=152826"},{"taxonomy":"product_tag","embeddable":true,"href":"https:\/\/www.otiumhome.fi\/index.php\/wp-json\/wp\/v2\/product_tag?post=152826"}],"curies":[{"name":"wp","href":"https:\/\/api.w.org\/{rel}","templated":true}]}}