{"id":152724,"date":"2025-06-22T21:21:27","date_gmt":"2025-06-22T21:21:27","guid":{"rendered":"https:\/\/www.otiumhome.fi\/?p=152724"},"modified":"2025-06-24T20:39:49","modified_gmt":"2025-06-24T20:39:49","slug":"sangynrunko-laatikoilla-musta-180x200-cm-tekninen-puu","status":"publish","type":"product","link":"https:\/\/www.otiumhome.fi\/index.php\/tuote\/sangynrunko-laatikoilla-musta-180x200-cm-tekninen-puu\/","title":{"rendered":"S\u00e4ngynrunko laatikoilla musta 180&#215;200 cm tekninen puu"},"content":{"rendered":"<p>Lis\u00e4\u00e4 makuuhuoneeseesi modernia tyyli\u00e4 t\u00e4ll\u00e4 laatikoilla varustetulla s\u00e4ngynrungolla! Se on k\u00e4yt\u00e4nn\u00f6llinen ja koristeellinen lis\u00e4 kotiisi.<\/p>\n<\/p>\n<ul>\n<li>Kest\u00e4v\u00e4 materiaali: S\u00e4ngynrunko on valmistettu teknisest\u00e4 puusta. Tekninen puu on poikkeuksellisen laadukasta ja sile\u00e4pintaista. Se on my\u00f6s luja, vakaa ja kosteudelle vastustuskykyinen.<\/li>\n<li>Tukevat s\u00e4leet: Vaneris\u00e4leet tarjoavat hyv\u00e4n painon jakautumisen, taaten patjan pysymisen paikallaan jokaisen k\u00e4\u00e4nn\u00f6ksen ja liikahduksen my\u00f6t\u00e4, joita unissasi teet.<\/li>\n<li>S\u00e4ilytystoiminto: Mukana toimitetut s\u00e4nkylaatikot tarjoavat runsaasti s\u00e4ilytystilaa t\u00e4rkeiden tavaroiden s\u00e4ilytt\u00e4miseen, t\u00e4m\u00e4 pit\u00e4\u00e4 huoneesi puhtaana ja siistin\u00e4.<\/li>\n<\/ul>\n<p>Hyv\u00e4 tiet\u00e4\u00e4:<\/p>\n<ul>\n<li>Patja ei sis\u00e4lly t\u00e4h\u00e4n s\u00e4nkyyn. Tarjoamme monipuolisen valikoiman patjoja, jotka l\u00f6yd\u00e4t tarkistamalla myym\u00e4l\u00e4mme valikoiman.<\/li>\n<\/ul>\n<ul>\n<li>V\u00e4ri: Musta<\/li>\n<li>S\u00e4ngynrungon materiaali: Tekninen puu<\/li>\n<li>S\u00e4lemateriaali: Vaneri<\/li>\n<li>Kokonaismitat: 203 x 183 x 32 cm (P x L x K)<\/li>\n<li>Sopiva patjan koko: 180 x 200 cm (L x P) (patja ei sis\u00e4lly toimitukseen)<\/li>\n<li>S\u00e4nkylaatikon mitat (L): 81,5 x 31,5 x 13,5 cm (P x L x K)<\/li>\n<li>S\u00e4nkylaatikon mitat (S): 71,5 x 31,5 x 13,5 cm (P x L x K)<\/li>\n<li>Asennus vaaditaan: Kyll\u00e4<\/li>\n<li><strong>Toimitus sis\u00e4lt\u00e4\u00e4:<\/strong><\/li>\n<li>1 x s\u00e4ngyn runko<\/li>\n<li>2 x S\u00e4ngyn vetolaatikko (L)<\/li>\n<li>2 x S\u00e4ngyn vetolaatikko (S)<\/li>\n<\/ul>\n","protected":false},"excerpt":{"rendered":"<ul>\n<li>V\u00e4ri: Musta<\/li>\n<li>S\u00e4ngynrungon materiaali: Tekninen puu<\/li>\n<li>S\u00e4lemateriaali: Vaneri<\/li>\n<li>Kokonaismitat: 203 x 183 x 32 cm (P x L x K)<\/li>\n<li>Sopiva patjan koko: 180 x 200 cm (L x P) (patja ei sis\u00e4lly toimitukseen)<\/li>\n<li>S\u00e4nkylaatikon mitat (L): 81,5 x 31,5 x 13,5 cm (P x L x K)<\/li>\n<li>S\u00e4nkylaatikon mitat (S): 71,5 x 31,5 x 13,5 cm (P x L x K)<\/li>\n<li>Asennus vaaditaan: Kyll\u00e4<\/li>\n<li><strong>Toimitus sis\u00e4lt\u00e4\u00e4:<\/strong><\/li>\n<li>1 x s\u00e4ngyn runko<\/li>\n<li>2 x S\u00e4ngyn vetolaatikko (L)<\/li>\n<li>2 x S\u00e4ngyn vetolaatikko (S)<\/li>\n<\/ul>\n","protected":false},"featured_media":100000152724,"comment_status":"closed","ping_status":"closed","template":"","meta":[],"product_brand":[],"product_cat":[84,8638],"product_tag":[],"class_list":{"0":"post-152724","1":"product","2":"type-product","3":"status-publish","4":"has-post-thumbnail","6":"product_cat-huonekalut","7":"product_cat-sangyt-sangynrungot","9":"first","10":"instock","11":"taxable","12":"shipping-taxable","13":"purchasable","14":"product-type-simple"},"_links":{"self":[{"href":"https:\/\/www.otiumhome.fi\/index.php\/wp-json\/wp\/v2\/product\/152724","targetHints":{"allow":["GET"]}}],"collection":[{"href":"https:\/\/www.otiumhome.fi\/index.php\/wp-json\/wp\/v2\/product"}],"about":[{"href":"https:\/\/www.otiumhome.fi\/index.php\/wp-json\/wp\/v2\/types\/product"}],"replies":[{"embeddable":true,"href":"https:\/\/www.otiumhome.fi\/index.php\/wp-json\/wp\/v2\/comments?post=152724"}],"wp:featuredmedia":[{"embeddable":true,"href":"https:\/\/www.otiumhome.fi\/index.php\/wp-json\/"}],"wp:attachment":[{"href":"https:\/\/www.otiumhome.fi\/index.php\/wp-json\/wp\/v2\/media?parent=152724"}],"wp:term":[{"taxonomy":"product_brand","embeddable":true,"href":"https:\/\/www.otiumhome.fi\/index.php\/wp-json\/wp\/v2\/product_brand?post=152724"},{"taxonomy":"product_cat","embeddable":true,"href":"https:\/\/www.otiumhome.fi\/index.php\/wp-json\/wp\/v2\/product_cat?post=152724"},{"taxonomy":"product_tag","embeddable":true,"href":"https:\/\/www.otiumhome.fi\/index.php\/wp-json\/wp\/v2\/product_tag?post=152724"}],"curies":[{"name":"wp","href":"https:\/\/api.w.org\/{rel}","templated":true}]}}