{"id":152723,"date":"2025-06-22T20:31:43","date_gmt":"2025-06-22T20:31:43","guid":{"rendered":"https:\/\/www.otiumhome.fi\/?p=152723"},"modified":"2025-06-24T16:16:48","modified_gmt":"2025-06-24T16:16:48","slug":"vuodesohva-laatikoilla-ei-patjaa-ruskea-tammi-75x190-cm","status":"publish","type":"product","link":"https:\/\/www.otiumhome.fi\/index.php\/tuote\/vuodesohva-laatikoilla-ei-patjaa-ruskea-tammi-75x190-cm\/","title":{"rendered":"Vuodesohva laatikoilla ei patjaa ruskea tammi 75&#215;190 cm"},"content":{"rendered":"<p>T\u00e4m\u00e4 laatikoilla varustettu 2-in-1 vuodesohva toimii sek\u00e4 sohvana ett\u00e4 s\u00e4nkyn\u00e4. Se on k\u00e4yt\u00e4nn\u00f6llinen ja katseet vangitseva lis\u00e4 olo- tai makuuhuoneeseen.<\/p>\n<\/p>\n<ul>\n<li> Monipuolinen vuodesohva: Vuodesohva toimii p\u00e4iv\u00e4ll\u00e4 sohvana ja s\u00e4nkyn\u00e4 y\u00f6ll\u00e4. T\u00e4m\u00e4 tarjoaa k\u00e4tev\u00e4n ratkaisun vieraiden majoittamiseen. <\/li>\n<li>Runsaasti s\u00e4ilytystilaa: T\u00e4ss\u00e4 vierasvuoteessa on kaksi py\u00f6rill\u00e4 varustettua laatikkoa, jotka tarjoavat runsaasti tilaa vaatteiden, sukkien, lelujen, tyynyjen ja vastaavien s\u00e4ilytt\u00e4miseen.<\/li>\n<li>Tukeva rakenne: T\u00e4ss\u00e4 sohvas\u00e4ngyss\u00e4 on teknisest\u00e4 puusta valmistettu tukeva runko. Tekninen puu on poikkeuksellisen laadukasta ja sile\u00e4pintaista. Se on my\u00f6s luja, vakaa ja kosteudelle vastustuskykyinen.<\/li>\n<\/ul>\n<p>Hyv\u00e4 tiet\u00e4\u00e4:<\/p>\n<ul>\n<li>Toimituksessa mukana ainoastaan sohvas\u00e4ngynrunko. Patja ei sis\u00e4lly toimitukseen. Kaupastamme voit etsi\u00e4 sopivia patjoja.<\/li>\n<\/ul>\n<ul>\n<li>V\u00e4ri: Ruskea tammi<\/li>\n<li>Materiaali: Tekninen puu<\/li>\n<li>Kokonaismitat: 193 x 86,5 x 73 cm (P x L x K) <\/li>\n<li>Sopiva patjan koko: 75 x 190 cm (L x P) (Patja ei sis\u00e4lly tilaukseen)<\/li>\n<li>Vapaa korkeus s\u00e4ngyn alla: 18,5 cm<\/li>\n<li>S\u00e4nkylaatikon mitat (kukin): 88,5 x 31,5 x 14,5 cm (P x L x K)<\/li>\n<li>Asennus vaaditaan: Kyll\u00e4<\/li>\n<li><strong>Toimitus sis\u00e4lt\u00e4\u00e4:<\/strong><\/li>\n<li>1 x P\u00e4iv\u00e4vuode<\/li>\n<li>2 x s\u00e4ngyn vetolaatikko<\/li>\n<\/ul>\n","protected":false},"excerpt":{"rendered":"<ul>\n<li>V\u00e4ri: Ruskea tammi<\/li>\n<li>Materiaali: Tekninen puu<\/li>\n<li>Kokonaismitat: 193 x 86,5 x 73 cm (P x L x K) <\/li>\n<li>Sopiva patjan koko: 75 x 190 cm (L x P) (Patja ei sis\u00e4lly tilaukseen)<\/li>\n<li>Vapaa korkeus s\u00e4ngyn alla: 18,5 cm<\/li>\n<li>S\u00e4nkylaatikon mitat (kukin): 88,5 x 31,5 x 14,5 cm (P x L x K)<\/li>\n<li>Asennus vaaditaan: Kyll\u00e4<\/li>\n<li><strong>Toimitus sis\u00e4lt\u00e4\u00e4:<\/strong><\/li>\n<li>1 x P\u00e4iv\u00e4vuode<\/li>\n<li>2 x s\u00e4ngyn vetolaatikko<\/li>\n<\/ul>\n","protected":false},"featured_media":100000152723,"comment_status":"closed","ping_status":"closed","template":"","meta":[],"product_brand":[],"product_cat":[84,8638],"product_tag":[],"class_list":{"0":"post-152723","1":"product","2":"type-product","3":"status-publish","4":"has-post-thumbnail","6":"product_cat-huonekalut","7":"product_cat-sangyt-sangynrungot","9":"first","10":"instock","11":"taxable","12":"shipping-taxable","13":"purchasable","14":"product-type-simple"},"_links":{"self":[{"href":"https:\/\/www.otiumhome.fi\/index.php\/wp-json\/wp\/v2\/product\/152723","targetHints":{"allow":["GET"]}}],"collection":[{"href":"https:\/\/www.otiumhome.fi\/index.php\/wp-json\/wp\/v2\/product"}],"about":[{"href":"https:\/\/www.otiumhome.fi\/index.php\/wp-json\/wp\/v2\/types\/product"}],"replies":[{"embeddable":true,"href":"https:\/\/www.otiumhome.fi\/index.php\/wp-json\/wp\/v2\/comments?post=152723"}],"wp:featuredmedia":[{"embeddable":true,"href":"https:\/\/www.otiumhome.fi\/index.php\/wp-json\/"}],"wp:attachment":[{"href":"https:\/\/www.otiumhome.fi\/index.php\/wp-json\/wp\/v2\/media?parent=152723"}],"wp:term":[{"taxonomy":"product_brand","embeddable":true,"href":"https:\/\/www.otiumhome.fi\/index.php\/wp-json\/wp\/v2\/product_brand?post=152723"},{"taxonomy":"product_cat","embeddable":true,"href":"https:\/\/www.otiumhome.fi\/index.php\/wp-json\/wp\/v2\/product_cat?post=152723"},{"taxonomy":"product_tag","embeddable":true,"href":"https:\/\/www.otiumhome.fi\/index.php\/wp-json\/wp\/v2\/product_tag?post=152723"}],"curies":[{"name":"wp","href":"https:\/\/api.w.org\/{rel}","templated":true}]}}