{"id":152641,"date":"2025-06-22T09:11:50","date_gmt":"2025-06-22T09:11:50","guid":{"rendered":"https:\/\/www.otiumhome.fi\/?p=152641"},"modified":"2025-06-24T02:31:04","modified_gmt":"2025-06-24T02:31:04","slug":"puutarhan-varastokaappi-4-hyllya-musta-ja-harmaa","status":"publish","type":"product","link":"https:\/\/www.otiumhome.fi\/index.php\/tuote\/puutarhan-varastokaappi-4-hyllya-musta-ja-harmaa\/","title":{"rendered":"Puutarhan Varastokaappi 4 Hylly\u00e4 Musta ja Harmaa"},"content":{"rendered":"<p>Meid\u00e4n laadukas puutarhan varastokaappi sopii t\u00e4ydellisesti j\u00e4rjest\u00e4m\u00e4\u00e4n ja s\u00e4ilytt\u00e4m\u00e4\u00e4n talon tarvikkeita, ty\u00f6kaluja tai muita esineit\u00e4 puutarhassa tai terassilla, jne. T\u00e4m\u00e4 kaappi sulautuu mihin tahansa sisustukseen ajattoman suunnittelunsa ansiosta.<\/p>\n<\/p>\n<p>T\u00e4m\u00e4 T\u00dcV-GS sertifioitu kaappi on valmistettu tukevasta, kest\u00e4v\u00e4st\u00e4 polypropeenista (PP). Varastokaapissa on tuuletetut hyllyt, jotka voidaan s\u00e4\u00e4t\u00e4 sopimaan eri kokoisille esineille. Puutarhakaappi voidaan lukita riippulukolla, t\u00e4m\u00e4 takaa turvallisuuden (lukko ei mukana).<\/p>\n<\/p>\n<p>T\u00e4m\u00e4 ulkotilan varastokaappi on todella helppo puhdistaa. Puutarhakaapissa on kompakti suunnittelu ja se k\u00e4ytt\u00e4\u00e4 rajoitetun tilan hyv\u00e4kseen tehokkaasti.<\/p>\n<\/p>\n<p>Se on helppo koota.<\/p>\n<ul>\n<li>V\u00e4ri: musta ja harmaa<\/li>\n<li>Materiaali: polypropeeni (PP)<\/li>\n<li>Mitat: 97 x 38 x 171 cm (P x L x K)<\/li>\n<li>3 ovea ja 4 tuuletettua, s\u00e4\u00e4dett\u00e4v\u00e4\u00e4 hylly\u00e4<\/li>\n<li>Jokainen hylly on varustettu turvalukolla (hyllyn kiinnitt\u00e4miseksi)<\/li>\n<li>Kalteva yl\u00e4- ja alaosa viem\u00e4riurilla<\/li>\n<li>Maksimikantavuus per hylly: 12 kg<\/li>\n<li>T\u00dcV-sertifioitu<\/li>\n<li>Lukittavissa riippulukolla (ei sis\u00e4lly toimitukseen)<\/li>\n<li>Helppo koota (kokoamisty\u00f6kalut eiv\u00e4t mukana)<\/li>\n<li>VAROITUS! Kaatumisen est\u00e4miseksi t\u00e4m\u00e4 pit\u00e4\u00e4 liitt\u00e4\u00e4 ja kiinnitt\u00e4\u00e4 takana olevan sein\u00e4rei\u00e4n kautta.<\/li>\n<li>Legal Documents:\n<p><span>Lis\u00e4tietoja huonekalujesi kaatumisen est\u00e4misest\u00e4 voit l\u00f6yt\u00e4\u00e4 <span style=\"text-decoration: underline\"><strong><a title=\"https:\/\/bit.ly\/3bVwkQp\" href=\"https:\/\/bit.ly\/3bVwkQp\" target=\"_blank\">t\u00e4\u00e4lt\u00e4<\/a><\/strong><\/span><\/span><\/p>\n<\/li>\n<\/ul>\n","protected":false},"excerpt":{"rendered":"<ul>\n<li>V\u00e4ri: musta ja harmaa<\/li>\n<li>Materiaali: polypropeeni (PP)<\/li>\n<li>Mitat: 97 x 38 x 171 cm (P x L x K)<\/li>\n<li>3 ovea ja 4 tuuletettua, s\u00e4\u00e4dett\u00e4v\u00e4\u00e4 hylly\u00e4<\/li>\n<li>Jokainen hylly on varustettu turvalukolla (hyllyn kiinnitt\u00e4miseksi)<\/li>\n<li>Kalteva yl\u00e4- ja alaosa viem\u00e4riurilla<\/li>\n<li>Maksimikantavuus per hylly: 12 kg<\/li>\n<li>T\u00dcV-sertifioitu<\/li>\n<li>Lukittavissa riippulukolla (ei sis\u00e4lly toimitukseen)<\/li>\n<li>Helppo koota (kokoamisty\u00f6kalut eiv\u00e4t mukana)<\/li>\n<li>VAROITUS! Kaatumisen est\u00e4miseksi t\u00e4m\u00e4 pit\u00e4\u00e4 liitt\u00e4\u00e4 ja kiinnitt\u00e4\u00e4 takana olevan sein\u00e4rei\u00e4n kautta.<\/li>\n<li>Legal Documents:\n<p><span>Lis\u00e4tietoja huonekalujesi kaatumisen est\u00e4misest\u00e4 voit l\u00f6yt\u00e4\u00e4 <span style=\"text-decoration: underline\"><strong><a title=\"https:\/\/bit.ly\/3bVwkQp\" href=\"https:\/\/bit.ly\/3bVwkQp\" target=\"_blank\">t\u00e4\u00e4lt\u00e4<\/a><\/strong><\/span><\/span><\/p>\n<\/li>\n<\/ul>\n","protected":false},"featured_media":100000152641,"comment_status":"closed","ping_status":"closed","template":"","meta":[],"product_brand":[],"product_cat":[84,8635],"product_tag":[],"class_list":{"0":"post-152641","1":"product","2":"type-product","3":"status-publish","4":"has-post-thumbnail","6":"product_cat-huonekalut","7":"product_cat-sailytys-lukkokaapit","9":"first","10":"instock","11":"taxable","12":"shipping-taxable","13":"purchasable","14":"product-type-simple"},"_links":{"self":[{"href":"https:\/\/www.otiumhome.fi\/index.php\/wp-json\/wp\/v2\/product\/152641","targetHints":{"allow":["GET"]}}],"collection":[{"href":"https:\/\/www.otiumhome.fi\/index.php\/wp-json\/wp\/v2\/product"}],"about":[{"href":"https:\/\/www.otiumhome.fi\/index.php\/wp-json\/wp\/v2\/types\/product"}],"replies":[{"embeddable":true,"href":"https:\/\/www.otiumhome.fi\/index.php\/wp-json\/wp\/v2\/comments?post=152641"}],"wp:featuredmedia":[{"embeddable":true,"href":"https:\/\/www.otiumhome.fi\/index.php\/wp-json\/"}],"wp:attachment":[{"href":"https:\/\/www.otiumhome.fi\/index.php\/wp-json\/wp\/v2\/media?parent=152641"}],"wp:term":[{"taxonomy":"product_brand","embeddable":true,"href":"https:\/\/www.otiumhome.fi\/index.php\/wp-json\/wp\/v2\/product_brand?post=152641"},{"taxonomy":"product_cat","embeddable":true,"href":"https:\/\/www.otiumhome.fi\/index.php\/wp-json\/wp\/v2\/product_cat?post=152641"},{"taxonomy":"product_tag","embeddable":true,"href":"https:\/\/www.otiumhome.fi\/index.php\/wp-json\/wp\/v2\/product_tag?post=152641"}],"curies":[{"name":"wp","href":"https:\/\/api.w.org\/{rel}","templated":true}]}}