{"id":152548,"date":"2025-06-22T01:54:44","date_gmt":"2025-06-22T01:54:44","guid":{"rendered":"https:\/\/www.otiumhome.fi\/?p=152548"},"modified":"2025-12-20T06:51:53","modified_gmt":"2025-12-20T06:51:53","slug":"makuuhuoneen-meikkipoydat-ruskea-90-x-50-x-75-cm-taysi-mangopuu","status":"publish","type":"product","link":"https:\/\/www.otiumhome.fi\/index.php\/tuote\/makuuhuoneen-meikkipoydat-ruskea-90-x-50-x-75-cm-taysi-mangopuu\/","title":{"rendered":"Makuuhuoneen meikkip\u00f6yd\u00e4t Ruskea 90 x 50 x 75 cm T\u00e4ysi Mangopuu"},"content":{"rendered":"<p>T\u00e4m\u00e4 teollinen makuuhuoneen meikkip\u00f6yt\u00e4 on suorakaiteen muotoinen ja tukeva, ja se on t\u00e4ydellinen niille, jotka arvostavat kaupunkimaista tyyli\u00e4. Se yhdist\u00e4\u00e4 muodon ja toimivuuden t\u00e4ydellisesti, sopien moderneihin makuuhuoneisiin, ja tarjoaa runsaasti s\u00e4ilytystilaa nykyaikaisella ilmeell\u00e4. Olitpa sitten j\u00e4rjest\u00e4m\u00e4ss\u00e4 vaatekaappisi sis\u00e4lt\u00f6\u00e4 tai lis\u00e4\u00e4m\u00e4ss\u00e4 tyyli\u00e4 sisustukseesi, t\u00e4m\u00e4 kaluste sulautuu vaivatta eri sisustustyyleihin.<\/p>\n<ul>\n<li><b>Teollinen tyyli:<\/b> Robustin muotoilunsa ansiosta se tuo chic-kaupunkimaista loft-henke\u00e4. T\u00e4ydellinen moderniin tai teolliseen tyyliin sopiviin makuuhuoneisiin, se tosiaan toimii katseenvangitsijana ja tarjoaa samalla k\u00e4yt\u00e4nn\u00f6llisyytt\u00e4.<\/li>\n<li><b>Tilava s\u00e4ilytys:<\/b> Useiden laatikoiden ansiosta t\u00e4m\u00e4 p\u00f6yt\u00e4 tarjoaa paljon tilaa meikin, asusteiden ja henkil\u00f6kohtaisten tavaroiden s\u00e4ilytt\u00e4miseen, joten j\u00e4rjestys on taattu. Huolelliset osastot tekev\u00e4t p\u00e4\u00e4syst\u00e4 helppoa ja ymp\u00e4rist\u00f6st\u00e4 siistin.<\/li>\n<li><b>Kompaktit mitat:<\/b> Mitat 90 x 50 x 75 cm varmistavat, ett\u00e4 p\u00f6yt\u00e4 sopii mukavasti erilaisiin makuuhuoneisiin, erityisesti pieniin huoneisiin. Sen kompakti koko optimoi tilan k\u00e4yt\u00f6n.<\/li>\n<li><b>Helppo koota:<\/b> Kokoaminen onnistuu helposti kahden henkil\u00f6n voimin ruuvimeisselin kanssa, mik\u00e4 lupaa mukavuutta tinkim\u00e4tt\u00e4 p\u00f6yd\u00e4n tukevasta rakenteesta. Ohjeet ovat selke\u00e4t, joten kokoaminen on nopeaa ja vaivatonta.<\/li>\n<li><b>Sis\u00e4k\u00e4ytt\u00f6\u00f6n:<\/b> Suunniteltu erityisesti makuuhuoneisiin, t\u00e4m\u00e4 meikkip\u00f6yt\u00e4 t\u00e4ydent\u00e4\u00e4 kodin sisustusta ja parantaa tunnelmaa, toimien samalla k\u00e4yt\u00e4nn\u00f6llisen\u00e4 kalusteenaan ilman ylim\u00e4\u00e4r\u00e4ist\u00e4 vaivann\u00e4k\u00f6\u00e4.<\/li>\n<\/ul>\n<p><strong>T\u00e4rke\u00e4\u00e4 tiet\u00e4\u00e4:<\/strong><\/p>\n<ul>\n<li>\u00c4l\u00e4 k\u00e4yt\u00e4 t\u00e4t\u00e4 tuotetta, jos jokin osa on rikki, revitty tai puuttuu.<\/li>\n<\/ul>\n<ul>\n<li>V\u00e4ri: Ruskea<\/li>\n<li>Materiaali: T\u00e4ysi mangopuu<\/li>\n<li>Yleiset mitat: 90 x 50 x 75 cm (P x L x K)<\/li>\n<li>Paino: 21,83 kg<\/li>\n<li>S\u00e4ilytystila<\/li>\n<li>Peilill\u00e4<\/li>\n<li>Vain sis\u00e4k\u00e4ytt\u00f6\u00f6n<\/li>\n<li>Toimitus-:<\/li>\n<li>1 x makuuhuoneen meikkip\u00f6yt\u00e4<\/li>\n<li>Kokoonpano vaaditaan: Kyll\u00e4<\/li>\n<\/ul>\n","protected":false},"excerpt":{"rendered":"<ul>\n<li>V\u00e4ri: Ruskea<\/li>\n<li>Materiaali: T\u00e4ysi mangopuu<\/li>\n<li>Yleiset mitat: 90 x 50 x 75 cm (P x L x K)<\/li>\n<li>Paino: 21,83 kg<\/li>\n<li>S\u00e4ilytystila<\/li>\n<li>Peilill\u00e4<\/li>\n<li>Vain sis\u00e4k\u00e4ytt\u00f6\u00f6n<\/li>\n<li>Toimitus-:<\/li>\n<li>1 x makuuhuoneen meikkip\u00f6yt\u00e4<\/li>\n<li>Kokoonpano vaaditaan: Kyll\u00e4<\/li>\n<\/ul>\n","protected":false},"featured_media":100000152548,"comment_status":"closed","ping_status":"closed","template":"","meta":[],"product_brand":[],"product_cat":[84,8561,8566],"product_tag":[],"class_list":{"0":"post-152548","1":"product","2":"type-product","3":"status-publish","4":"has-post-thumbnail","6":"product_cat-huonekalut","7":"product_cat-kampauspoydat","8":"product_cat-makuuhuoneen-kampauspoydat","10":"first","11":"instock","12":"taxable","13":"shipping-taxable","14":"purchasable","15":"product-type-simple"},"_links":{"self":[{"href":"https:\/\/www.otiumhome.fi\/index.php\/wp-json\/wp\/v2\/product\/152548","targetHints":{"allow":["GET"]}}],"collection":[{"href":"https:\/\/www.otiumhome.fi\/index.php\/wp-json\/wp\/v2\/product"}],"about":[{"href":"https:\/\/www.otiumhome.fi\/index.php\/wp-json\/wp\/v2\/types\/product"}],"replies":[{"embeddable":true,"href":"https:\/\/www.otiumhome.fi\/index.php\/wp-json\/wp\/v2\/comments?post=152548"}],"wp:featuredmedia":[{"embeddable":true,"href":"https:\/\/www.otiumhome.fi\/index.php\/wp-json\/"}],"wp:attachment":[{"href":"https:\/\/www.otiumhome.fi\/index.php\/wp-json\/wp\/v2\/media?parent=152548"}],"wp:term":[{"taxonomy":"product_brand","embeddable":true,"href":"https:\/\/www.otiumhome.fi\/index.php\/wp-json\/wp\/v2\/product_brand?post=152548"},{"taxonomy":"product_cat","embeddable":true,"href":"https:\/\/www.otiumhome.fi\/index.php\/wp-json\/wp\/v2\/product_cat?post=152548"},{"taxonomy":"product_tag","embeddable":true,"href":"https:\/\/www.otiumhome.fi\/index.php\/wp-json\/wp\/v2\/product_tag?post=152548"}],"curies":[{"name":"wp","href":"https:\/\/api.w.org\/{rel}","templated":true}]}}