{"id":152541,"date":"2025-06-22T00:33:33","date_gmt":"2025-06-22T00:33:33","guid":{"rendered":"https:\/\/www.otiumhome.fi\/?p=152541"},"modified":"2025-09-29T23:37:41","modified_gmt":"2025-09-29T23:37:41","slug":"kylpyhuoneen-kaappi-artisan-oak-32x255x190-cm-puu","status":"publish","type":"product","link":"https:\/\/www.otiumhome.fi\/index.php\/tuote\/kylpyhuoneen-kaappi-artisan-oak-32x255x190-cm-puu\/","title":{"rendered":"Kylpyhuoneen kaappi Artisan Oak 32&#215;25,5&#215;190 cm Puu"},"content":{"rendered":"<p>T\u00e4m\u00e4 kylpyhuonekaappi on loistava valinta kylpyhuoneeseesi, sill\u00e4 se pit\u00e4\u00e4 sen siistin\u00e4 ja j\u00e4rjestelm\u00e4llisen\u00e4!<\/p>\n<\/p>\n<ul>\n<li>Vakaa ja kest\u00e4v\u00e4 materiaali: Puu on kest\u00e4v\u00e4 ja vakaa materiaali, jonka sile\u00e4 pinta kest\u00e4\u00e4 kosteutta, v\u00e4\u00e4ntymist\u00e4 ja halkeilua, joten se on luotettava valinta monenlaisiin projekteihin.<\/li>\n<li>Runsaasti s\u00e4ilytystilaa: T\u00e4m\u00e4 kylpyhuonekaluste tarjoaa runsaasti s\u00e4ilytystilaa, jotta v\u00e4ltt\u00e4m\u00e4tt\u00f6m\u00e4t tavarasi pysyv\u00e4t hyvin j\u00e4rjestyksess\u00e4 ja k\u00e4den ulottuvilla.<\/li>\n<li>Helppohoitoinen: Sile\u00e4n pinnan ansiosta kylpyhuonekaappi on helppo puhdistaa kostealla liinalla, eik\u00e4 se vaadi paljon huoltoa.<\/li>\n<li>K\u00e4yt\u00e4nn\u00f6lliset kahvat: Kaapissa on kahvat, jotka tarjoavat mukavan otteen ja auttavat avaamaan ja sulkemaan kaapin helposti samalla, kun ne lis\u00e4\u00e4v\u00e4t sen kauneutta.<\/li>\n<\/ul>\n<p>Varoitus:<\/p>\n<ul>\n<li>Jotta tuote ei kaatuisi, sit\u00e4 on k\u00e4ytett\u00e4v\u00e4 mukana tulevan sein\u00e4kiinnikkeen kanssa.<\/li>\n<\/ul>\n<p>Hyv\u00e4 tied\u00e4:<\/p>\n<ul>\n<li>Sein\u00e4n sis\u00e4puolelle tarkoitetut ruuvit ja tulpat eiv\u00e4t sis\u00e4lly toimitukseen. Suosittelemme etsim\u00e4\u00e4n ja k\u00e4ytt\u00e4m\u00e4\u00e4n seinille sopivia ruuveja ja tulppia. Jos et ole varma, voit ottaa yhteytt\u00e4 ammattilaiseen. Lue ja noudata ohjeita jokaista vaihetta.<\/li>\n<\/ul>\n<ul>\n<li>V\u00e4ri: K\u00e4sity\u00f6n\u00e4 valmistettu tammi<\/li>\n<li>Materiaali: Puu<\/li>\n<li>Mitat: 32 x 25,5 x 190 cm (L x S x K)<\/li>\n<li>Kokoaminen vaaditaan: Kyll\u00e4<\/li>\n<\/ul>\n","protected":false},"excerpt":{"rendered":"<ul>\n<li>V\u00e4ri: K\u00e4sity\u00f6n\u00e4 valmistettu tammi<\/li>\n<li>Materiaali: Puu<\/li>\n<li>Mitat: 32 x 25,5 x 190 cm (L x S x K)<\/li>\n<li>Kokoaminen vaaditaan: Kyll\u00e4<\/li>\n<\/ul>\n","protected":false},"featured_media":100000152541,"comment_status":"closed","ping_status":"closed","template":"","meta":[],"product_brand":[],"product_cat":[84,8560],"product_tag":[],"class_list":{"0":"post-152541","1":"product","2":"type-product","3":"status-publish","4":"has-post-thumbnail","6":"product_cat-huonekalut","7":"product_cat-kylpyhuoneen-kalusteet","9":"first","10":"instock","11":"taxable","12":"shipping-taxable","13":"purchasable","14":"product-type-simple"},"_links":{"self":[{"href":"https:\/\/www.otiumhome.fi\/index.php\/wp-json\/wp\/v2\/product\/152541","targetHints":{"allow":["GET"]}}],"collection":[{"href":"https:\/\/www.otiumhome.fi\/index.php\/wp-json\/wp\/v2\/product"}],"about":[{"href":"https:\/\/www.otiumhome.fi\/index.php\/wp-json\/wp\/v2\/types\/product"}],"replies":[{"embeddable":true,"href":"https:\/\/www.otiumhome.fi\/index.php\/wp-json\/wp\/v2\/comments?post=152541"}],"wp:featuredmedia":[{"embeddable":true,"href":"https:\/\/www.otiumhome.fi\/index.php\/wp-json\/"}],"wp:attachment":[{"href":"https:\/\/www.otiumhome.fi\/index.php\/wp-json\/wp\/v2\/media?parent=152541"}],"wp:term":[{"taxonomy":"product_brand","embeddable":true,"href":"https:\/\/www.otiumhome.fi\/index.php\/wp-json\/wp\/v2\/product_brand?post=152541"},{"taxonomy":"product_cat","embeddable":true,"href":"https:\/\/www.otiumhome.fi\/index.php\/wp-json\/wp\/v2\/product_cat?post=152541"},{"taxonomy":"product_tag","embeddable":true,"href":"https:\/\/www.otiumhome.fi\/index.php\/wp-json\/wp\/v2\/product_tag?post=152541"}],"curies":[{"name":"wp","href":"https:\/\/api.w.org\/{rel}","templated":true}]}}