{"id":152501,"date":"2025-06-21T19:11:43","date_gmt":"2025-06-21T19:11:43","guid":{"rendered":"https:\/\/www.otiumhome.fi\/?p=152501"},"modified":"2025-06-24T07:35:47","modified_gmt":"2025-06-24T07:35:47","slug":"ruokapoyta-kiintea-karkea-mangopuu-120-cm","status":"publish","type":"product","link":"https:\/\/www.otiumhome.fi\/index.php\/tuote\/ruokapoyta-kiintea-karkea-mangopuu-120-cm\/","title":{"rendered":"Ruokap\u00f6yt\u00e4 kiinte\u00e4 karkea mangopuu 120 cm"},"content":{"rendered":"<p>Upea teollistyylinen puuruokap\u00f6yt\u00e4 on omalaatuinen lis\u00e4 keitti\u00f6si tai ruokailutilasi sisustukseen.<\/p>\n<\/p>\n<p>T\u00e4m\u00e4 ruokap\u00f6yt\u00e4 on valmistettu kiinte\u00e4st\u00e4 karkeasta mangopuusta, joka on vakaa, kest\u00e4v\u00e4 ja kaunis materiaali, k\u00e4sity\u00f6n j\u00e4lki korostaa p\u00f6yd\u00e4n upeaa retrotyyli\u00e4. Ter\u00e4sjalat t\u00e4ydent\u00e4v\u00e4t sen teollisen ulkon\u00e4\u00f6n. Jokainen ty\u00f6vaihe on tehty erityisen huolella, oli se sitten kiillotus tai lakkaus. P\u00f6yd\u00e4n kokoaminen on helppoa.<\/p>\n<\/p>\n<p>T\u00e4rke\u00e4 huomio: voit n\u00e4hd\u00e4 karkean mangopuun luonnolliset pintakuviot, mink\u00e4 ansiosta jokainen ruokap\u00f6yt\u00e4 on ainutlaatuinen sek\u00e4 hieman erilainen kuin muut; toimitus on satunnainen.<\/p>\n<ul>\n<li>V\u00e4ri: ruskea ja musta<\/li>\n<li>Materiaali: karkea mangopuu mattaviimeistelyll\u00e4 + jauhemaalattu ter\u00e4s<\/li>\n<li>Mitat: 120 x 60 x 76 cm (P x L x K)<\/li>\n<li>Hiottu ja lakattu<\/li>\n<li>Helppo koota<\/li>\n<\/ul>\n","protected":false},"excerpt":{"rendered":"<ul>\n<li>V\u00e4ri: ruskea ja musta<\/li>\n<li>Materiaali: karkea mangopuu mattaviimeistelyll\u00e4 + jauhemaalattu ter\u00e4s<\/li>\n<li>Mitat: 120 x 60 x 76 cm (P x L x K)<\/li>\n<li>Hiottu ja lakattu<\/li>\n<li>Helppo koota<\/li>\n<\/ul>\n","protected":false},"featured_media":100000152501,"comment_status":"closed","ping_status":"closed","template":"","meta":[],"product_brand":[],"product_cat":[84,8543],"product_tag":[],"class_list":{"0":"post-152501","1":"product","2":"type-product","3":"status-publish","4":"has-post-thumbnail","6":"product_cat-huonekalut","7":"product_cat-keittion-ruokapoydat","9":"first","10":"instock","11":"taxable","12":"shipping-taxable","13":"purchasable","14":"product-type-simple"},"_links":{"self":[{"href":"https:\/\/www.otiumhome.fi\/index.php\/wp-json\/wp\/v2\/product\/152501","targetHints":{"allow":["GET"]}}],"collection":[{"href":"https:\/\/www.otiumhome.fi\/index.php\/wp-json\/wp\/v2\/product"}],"about":[{"href":"https:\/\/www.otiumhome.fi\/index.php\/wp-json\/wp\/v2\/types\/product"}],"replies":[{"embeddable":true,"href":"https:\/\/www.otiumhome.fi\/index.php\/wp-json\/wp\/v2\/comments?post=152501"}],"wp:featuredmedia":[{"embeddable":true,"href":"https:\/\/www.otiumhome.fi\/index.php\/wp-json\/"}],"wp:attachment":[{"href":"https:\/\/www.otiumhome.fi\/index.php\/wp-json\/wp\/v2\/media?parent=152501"}],"wp:term":[{"taxonomy":"product_brand","embeddable":true,"href":"https:\/\/www.otiumhome.fi\/index.php\/wp-json\/wp\/v2\/product_brand?post=152501"},{"taxonomy":"product_cat","embeddable":true,"href":"https:\/\/www.otiumhome.fi\/index.php\/wp-json\/wp\/v2\/product_cat?post=152501"},{"taxonomy":"product_tag","embeddable":true,"href":"https:\/\/www.otiumhome.fi\/index.php\/wp-json\/wp\/v2\/product_tag?post=152501"}],"curies":[{"name":"wp","href":"https:\/\/api.w.org\/{rel}","templated":true}]}}