{"id":151888,"date":"2025-06-16T17:04:43","date_gmt":"2025-06-16T17:04:43","guid":{"rendered":"https:\/\/www.otiumhome.fi\/?p=151888"},"modified":"2025-12-14T06:47:25","modified_gmt":"2025-12-14T06:47:25","slug":"meikkipoyta-peilivalot-laatikon-kanssa-3-pcs-musta-tekninen-puu","status":"publish","type":"product","link":"https:\/\/www.otiumhome.fi\/index.php\/tuote\/meikkipoyta-peilivalot-laatikon-kanssa-3-pcs-musta-tekninen-puu\/","title":{"rendered":"Meikkip\u00f6yt\u00e4 peilivalot laatikon kanssa 3 pcs Musta Tekninen puu"},"content":{"rendered":"<p>T\u00e4m\u00e4 putiikkimeikkip\u00f6yt\u00e4 onnistuu yhdist\u00e4m\u00e4\u00e4n toiminnallisuuden ja tyylin. Suorakaiteen muotoinen rakenne ja useat s\u00e4ilytystilat tekev\u00e4t siit\u00e4 t\u00e4ydellisen lis\u00e4n mihin tahansa makuuhuoneeseen. Tekninen puu takaa modernin ja huolitellun ilmeen, mik\u00e4 tekee siit\u00e4 soveltuvan eri sisustusratkaisuille. LED-valolla varustettu peili vastaa kauneudenhoitotarpeisiin tehokkaasti samalla kun se parantaa tilasi estetiikkaa.<\/p>\n<ul>\n<li><b>Laatu materiaalit:<\/b> T\u00e4m\u00e4 meikkip\u00f6yt\u00e4 on tehty korkealaatuisista teknisist\u00e4 puumateriaaleista, joten se on kest\u00e4v\u00e4 ja pitk\u00e4ik\u00e4inen. Sen mattapinta ei vain n\u00e4yt\u00e4 hyv\u00e4lt\u00e4, vaan sill\u00e4 on my\u00f6s kest\u00e4v\u00e4 pinta, joka kest\u00e4\u00e4 jokap\u00e4iv\u00e4ist\u00e4 k\u00e4ytt\u00f6\u00e4.<\/li>\n<li><b>Kattava s\u00e4ilytys:<\/b> Tilavilla liukuovilla varustettuna, t\u00e4m\u00e4 p\u00f6yt\u00e4 tarjoaa runsaasti tilaa kosmetiikalle, asusteille ja henkil\u00f6kohtaisille tavaroille, pit\u00e4en ne j\u00e4rjestyksess\u00e4 ja helposti saatavilla.<\/li>\n<li><b>Integroitu peilivalotus:<\/b> Valaisemassa tasostopeili energiatehokkailla LED-valoilla, t\u00e4m\u00e4 p\u00f6yt\u00e4 takaa t\u00e4ydellisen valaistuksen kauneudenhoitoteht\u00e4viin. Sen n\u00e4pp\u00e4r\u00e4 painonappikytkin tekee peilivalojen k\u00e4yt\u00f6st\u00e4 helppoa.<\/li>\n<li><b>Yksinkertainen moderni muotoilu:<\/b> Meikkip\u00f6yd\u00e4n moderni ilme, jossa on puhtaat linjat, on t\u00e4ysin yhteensopiva monien sisustustyyppien kanssa, joten se sopii kaikille nykyaikaisille kodeille.<\/li>\n<li><b>K\u00e4ytt\u00e4j\u00e4yst\u00e4v\u00e4llinen kokoaminen:<\/b> Toimitetaan lis\u00e4osaston kanssa. Kokoaminen vaatii kahta henkil\u00f6\u00e4 ja ruuvimeisselin. Selke\u00e4t ohjeet helpottavat asennusta. Kun se on kasattu, p\u00f6yt\u00e4 auttaa sujuvoittamaan p\u00e4ivitt\u00e4isi\u00e4 rutiineja.<\/li>\n<\/ul>\n<ul>\n<li>V\u00e4ri: Musta<\/li>\n<li>Materiaali: Tekninen puu<\/li>\n<li>Yleiset mitat: 78,5 x 41 x 135 cm (P x L x K)<\/li>\n<li>Paino: 40,6 kg<\/li>\n<li>S\u00e4ilytystila<\/li>\n<li>Kest\u00e4v\u00e4<\/li>\n<li>Virtal\u00e4hde: USB<\/li>\n<li>Valotyyppi: Peilivalot<\/li>\n<li>4 laatikoilla<\/li>\n<li>Tasainen peili<\/li>\n<li>Kehysmateriaali: Tekninen puu<\/li>\n<li>Mukana 1 tulvaovi<\/li>\n<li>Vain sis\u00e4k\u00e4ytt\u00f6\u00f6n<\/li>\n<li>Toimitus-:<\/li>\n<li>1 x Meikkip\u00f6yt\u00e4: 78.5 x 41 x 135 cm (PxLxK)<\/li>\n<li>1 x Sivup\u00f6yt\u00e4: 40 x 40.5 x 75 cm (PxLxK)<\/li>\n<li>Kokoonpano vaaditaan: Kyll\u00e4<\/li>\n<\/ul>\n","protected":false},"excerpt":{"rendered":"<ul>\n<li>V\u00e4ri: Musta<\/li>\n<li>Materiaali: Tekninen puu<\/li>\n<li>Yleiset mitat: 78,5 x 41 x 135 cm (P x L x K)<\/li>\n<li>Paino: 40,6 kg<\/li>\n<li>S\u00e4ilytystila<\/li>\n<li>Kest\u00e4v\u00e4<\/li>\n<li>Virtal\u00e4hde: USB<\/li>\n<li>Valotyyppi: Peilivalot<\/li>\n<li>4 laatikoilla<\/li>\n<li>Tasainen peili<\/li>\n<li>Kehysmateriaali: Tekninen puu<\/li>\n<li>Mukana 1 tulvaovi<\/li>\n<li>Vain sis\u00e4k\u00e4ytt\u00f6\u00f6n<\/li>\n<li>Toimitus-:<\/li>\n<li>1 x Meikkip\u00f6yt\u00e4: 78.5 x 41 x 135 cm (PxLxK)<\/li>\n<li>1 x Sivup\u00f6yt\u00e4: 40 x 40.5 x 75 cm (PxLxK)<\/li>\n<li>Kokoonpano vaaditaan: Kyll\u00e4<\/li>\n<\/ul>\n","protected":false},"featured_media":100000151888,"comment_status":"closed","ping_status":"closed","template":"","meta":[],"product_brand":[],"product_cat":[84,8561,8566],"product_tag":[],"class_list":{"0":"post-151888","1":"product","2":"type-product","3":"status-publish","4":"has-post-thumbnail","6":"product_cat-huonekalut","7":"product_cat-kampauspoydat","8":"product_cat-makuuhuoneen-kampauspoydat","10":"first","11":"instock","12":"taxable","13":"shipping-taxable","14":"purchasable","15":"product-type-simple"},"_links":{"self":[{"href":"https:\/\/www.otiumhome.fi\/index.php\/wp-json\/wp\/v2\/product\/151888","targetHints":{"allow":["GET"]}}],"collection":[{"href":"https:\/\/www.otiumhome.fi\/index.php\/wp-json\/wp\/v2\/product"}],"about":[{"href":"https:\/\/www.otiumhome.fi\/index.php\/wp-json\/wp\/v2\/types\/product"}],"replies":[{"embeddable":true,"href":"https:\/\/www.otiumhome.fi\/index.php\/wp-json\/wp\/v2\/comments?post=151888"}],"wp:featuredmedia":[{"embeddable":true,"href":"https:\/\/www.otiumhome.fi\/index.php\/wp-json\/"}],"wp:attachment":[{"href":"https:\/\/www.otiumhome.fi\/index.php\/wp-json\/wp\/v2\/media?parent=151888"}],"wp:term":[{"taxonomy":"product_brand","embeddable":true,"href":"https:\/\/www.otiumhome.fi\/index.php\/wp-json\/wp\/v2\/product_brand?post=151888"},{"taxonomy":"product_cat","embeddable":true,"href":"https:\/\/www.otiumhome.fi\/index.php\/wp-json\/wp\/v2\/product_cat?post=151888"},{"taxonomy":"product_tag","embeddable":true,"href":"https:\/\/www.otiumhome.fi\/index.php\/wp-json\/wp\/v2\/product_tag?post=151888"}],"curies":[{"name":"wp","href":"https:\/\/api.w.org\/{rel}","templated":true}]}}