{"id":151726,"date":"2025-06-16T16:45:25","date_gmt":"2025-06-16T16:45:25","guid":{"rendered":"https:\/\/www.otiumhome.fi\/?p=151726"},"modified":"2025-12-09T06:22:22","modified_gmt":"2025-12-09T06:22:22","slug":"kylpyhuonekalustesetti-hyllylla-5-pcs-harmaa-765-x-35-x-95-cm","status":"publish","type":"product","link":"https:\/\/www.otiumhome.fi\/index.php\/tuote\/kylpyhuonekalustesetti-hyllylla-5-pcs-harmaa-765-x-35-x-95-cm\/","title":{"rendered":"Kylpyhuonekalustesetti hyllyll\u00e4 5 pcs Harmaa 76,5 x 35 x 95 cm"},"content":{"rendered":"<p>Moderni kylpyhuonekalustesetti on monipuolinen ja tyylik\u00e4s lis\u00e4 mihin tahansa kylpyhuoneeseen, tarjoamalla t\u00e4ydellisen yhdistelm\u00e4n k\u00e4yt\u00e4nn\u00f6llisyytt\u00e4 ja nykyaikaista muotoilua. Sen virtaviivainen ulkon\u00e4k\u00f6 on t\u00e4ydellinen niille, jotka etsiv\u00e4t siisti\u00e4 ja j\u00e4rjestetty\u00e4 kylpyhuonetta. Ihanteellinen kaupunkikoteihin ja modernista estetiikasta pit\u00e4ville, n\u00e4m\u00e4 kalusteet nostavat kylpyhuoneesi yleisilmeen minimalistisella vieh\u00e4tyksell\u00e4.<\/p>\n<ul>\n<li><b>Tekninen puu:<\/b> Jokainen osa t\u00e4ss\u00e4 setiss\u00e4 on valmistettu teknisest\u00e4 puusta, joka tunnetaan kest\u00e4vyydest\u00e4\u00e4n. T\u00e4m\u00e4n materiaalivalinnan ansiosta voit luottaa siihen, ett\u00e4 kalustesetti kest\u00e4\u00e4 k\u00e4yt\u00f6ss\u00e4 pitk\u00e4\u00e4n. Sen sile\u00e4 pinta helpottaa puhtaanapitoa ja tuo tyyli\u00e4 kylpyhuoneeseesi.<\/li>\n<li><b>Peili ja ovien tyyppi:<\/b> Tasainen peili tarjoaa kirkkaan heijastuksen, joka on t\u00e4rke\u00e4 aamurutiineissa, kun taas tyylikk\u00e4\u00e4t ovet tarjoavat modernin pinnan. N\u00e4m\u00e4 osat tekev\u00e4t kylpyhuoneestasi yhten\u00e4isen ja viimeistellyn n\u00e4k\u00f6isen.<\/li>\n<li><b>Runsaasti s\u00e4ilytysmahdollisuuksia:<\/b> Se sis\u00e4lt\u00e4\u00e4 erilaisia \u200b\u200byksikk\u00f6j\u00e4, kuten sein\u00e4kaappeja, jotka tarjoavat reilusti tilaa tarpeillesi. Hyllyjen ansiosta asiat pysyv\u00e4t j\u00e4rjestyksess\u00e4 ja saat enemm\u00e4n kummalla k\u00e4ytt\u00f6\u00e4 kylpyhuoneessasi.<\/li>\n<li><b>Helppo kokoaminen:<\/b> Setti toimitetaan viiten\u00e4 erillisen\u00e4 osana, ja se vaatii kahden henkil\u00f6n kokoamista. Kokoamisohjeet ovat selke\u00e4t ja prosessi on yksinkertainen, mik\u00e4 mahdollistaa kauniin ja toimivan kylpyhuoneen aikaansaamisen.<\/li>\n<li><b>K\u00e4tev\u00e4t huolto-ohjeet:<\/b> Kalustesetin puhtaanapito on helppoa. Pyyhk\u00e4ise pinnat kostealla liinalla, niin kylpyhuoneesi pysyy aina siistin\u00e4 ja kutsuvana.<\/li>\n<\/ul>\n<ul>\n<li>V\u00e4ri: Harmaa<\/li>\n<li>Materiaali: Tekninen puu<\/li>\n<li>Yleiset mitat: 76,5 x 35 x 95 cm (P x L x K)<\/li>\n<li>Paino: 82,85 kg<\/li>\n<li>Kest\u00e4v\u00e4<\/li>\n<li>S\u00e4ilytystila<\/li>\n<li>Tasainen peili<\/li>\n<li>Hyllyll\u00e4<\/li>\n<li>Kehysmateriaali: Tekninen puu<\/li>\n<li>Tulvaovi ovella<\/li>\n<li>Sis\u00e4- \/ ulkotiloissa: Vain sis\u00e4k\u00e4ytt\u00f6\u00f6n<\/li>\n<li>Toimitus-:<\/li>\n<li>5 x kylpyhuoneen kalustetta<\/li>\n<li>Kokoonpano vaaditaan: Kyll\u00e4<\/li>\n<\/ul>\n","protected":false},"excerpt":{"rendered":"<ul>\n<li>V\u00e4ri: Harmaa<\/li>\n<li>Materiaali: Tekninen puu<\/li>\n<li>Yleiset mitat: 76,5 x 35 x 95 cm (P x L x K)<\/li>\n<li>Paino: 82,85 kg<\/li>\n<li>Kest\u00e4v\u00e4<\/li>\n<li>S\u00e4ilytystila<\/li>\n<li>Tasainen peili<\/li>\n<li>Hyllyll\u00e4<\/li>\n<li>Kehysmateriaali: Tekninen puu<\/li>\n<li>Tulvaovi ovella<\/li>\n<li>Sis\u00e4- \/ ulkotiloissa: Vain sis\u00e4k\u00e4ytt\u00f6\u00f6n<\/li>\n<li>Toimitus-:<\/li>\n<li>5 x kylpyhuoneen kalustetta<\/li>\n<li>Kokoonpano vaaditaan: Kyll\u00e4<\/li>\n<\/ul>\n","protected":false},"featured_media":100000151726,"comment_status":"closed","ping_status":"closed","template":"","meta":[],"product_brand":[],"product_cat":[84,8560],"product_tag":[],"class_list":{"0":"post-151726","1":"product","2":"type-product","3":"status-publish","4":"has-post-thumbnail","6":"product_cat-huonekalut","7":"product_cat-kylpyhuoneen-kalusteet","9":"first","10":"instock","11":"taxable","12":"shipping-taxable","13":"purchasable","14":"product-type-simple"},"_links":{"self":[{"href":"https:\/\/www.otiumhome.fi\/index.php\/wp-json\/wp\/v2\/product\/151726","targetHints":{"allow":["GET"]}}],"collection":[{"href":"https:\/\/www.otiumhome.fi\/index.php\/wp-json\/wp\/v2\/product"}],"about":[{"href":"https:\/\/www.otiumhome.fi\/index.php\/wp-json\/wp\/v2\/types\/product"}],"replies":[{"embeddable":true,"href":"https:\/\/www.otiumhome.fi\/index.php\/wp-json\/wp\/v2\/comments?post=151726"}],"wp:featuredmedia":[{"embeddable":true,"href":"https:\/\/www.otiumhome.fi\/index.php\/wp-json\/"}],"wp:attachment":[{"href":"https:\/\/www.otiumhome.fi\/index.php\/wp-json\/wp\/v2\/media?parent=151726"}],"wp:term":[{"taxonomy":"product_brand","embeddable":true,"href":"https:\/\/www.otiumhome.fi\/index.php\/wp-json\/wp\/v2\/product_brand?post=151726"},{"taxonomy":"product_cat","embeddable":true,"href":"https:\/\/www.otiumhome.fi\/index.php\/wp-json\/wp\/v2\/product_cat?post=151726"},{"taxonomy":"product_tag","embeddable":true,"href":"https:\/\/www.otiumhome.fi\/index.php\/wp-json\/wp\/v2\/product_tag?post=151726"}],"curies":[{"name":"wp","href":"https:\/\/api.w.org\/{rel}","templated":true}]}}