{"id":151721,"date":"2025-06-16T16:43:46","date_gmt":"2025-06-16T16:43:46","guid":{"rendered":"https:\/\/www.otiumhome.fi\/?p=151721"},"modified":"2025-12-09T06:28:03","modified_gmt":"2025-12-09T06:28:03","slug":"kylpyhuonekalustesetti-hyllylla-3-pcs-musta-30-x-30-x-995-cm","status":"publish","type":"product","link":"https:\/\/www.otiumhome.fi\/index.php\/tuote\/kylpyhuonekalustesetti-hyllylla-3-pcs-musta-30-x-30-x-995-cm\/","title":{"rendered":"Kylpyhuonekalustesetti hyllyll\u00e4 3 pcs Musta 30 x 30 x 99,5 cm"},"content":{"rendered":"<p>T\u00e4m\u00e4 kylpyhuonekalustesetti yhdist\u00e4\u00e4 modernin muotoilun k\u00e4yt\u00e4nn\u00f6llisiin s\u00e4ilytysratkaisuihin. Sen minimalistinen ilme ja puhtaat linjat sopivat moniin kylpyhuone tyyleihin, tuoden kauneutta ja k\u00e4yt\u00e4nn\u00f6llisyytt\u00e4. Ihanteellinen kompakteihin tiloihin, setti luo siistin ja tilavan ymp\u00e4rist\u00f6n, joka kannustaa j\u00e4rjestettyyn el\u00e4m\u00e4ntapaan.<\/p>\n<ul>\n<li><b>Insin\u00f6\u00f6ripuun rakenne<\/b> Kalustesetti on tehty kokonaan insin\u00f6\u00f6ripuusta, joka on tyylik\u00e4s ja pitk\u00e4kestoinen. Insin\u00f6\u00f6ripuu kest\u00e4\u00e4 kosteutta ja muodonmuutoksia, joten se sopii hyvin kylpyhuoneeseen, jossa kosteus vaihtelee. T\u00e4m\u00e4 varmistaa, ett\u00e4 setti pysyy muodossaan ja tilassaan ajan my\u00f6t\u00e4.<\/li>\n<li><b>Monipuoliset s\u00e4ilytysratkaisut<\/b> Levytteet ja tasaiset ovet tarjoavat k\u00e4yt\u00e4nn\u00f6llisen s\u00e4ilytysratkaisun eri lokeroilla. Levyt auttavat pit\u00e4m\u00e4\u00e4n kylpyhuoneen tavarat j\u00e4rjestyksess\u00e4 siistill\u00e4 ilmeell\u00e4. T\u00e4m\u00e4 muunneltavuus tekee siit\u00e4 t\u00e4ydellisen niin siisteytt\u00e4 kaipaaville kotitalouksille kuin vaihteleville varastointitarpeille.<\/li>\n<li><b>K\u00e4ytt\u00e4j\u00e4yst\u00e4v\u00e4llinen muotoilu<\/b> Setiss\u00e4 on tasainen peili, joka sopii p\u00e4ivitt\u00e4isiin grooming-teht\u00e4viin. Peilin tasainen pinta antaa v\u00e4\u00e4ristym\u00e4tt\u00f6m\u00e4n n\u00e4kym\u00e4n ja parantaa henkil\u00f6kohtaista hoitoa. Sein\u00e4kiinnitys tekee kylpyhuoneesta avaramman ja vapauttaa lattiatilaa.<\/li>\n<li><b>Toiminnalliset k\u00e4densijat<\/b> Ter\u00e4ksiset k\u00e4densijat helpottavat lokeroihin p\u00e4\u00e4sy\u00e4. K\u00e4densijojen kest\u00e4vyys tukee setin vankkaa rakennetta, varmistaen, ett\u00e4 se ei vain n\u00e4yt\u00e4 hyv\u00e4lt\u00e4, vaan toimii my\u00f6s tehokkaasti joka kerta. N\u00e4m\u00e4 k\u00e4yt\u00e4nn\u00f6lliset elementit parantavat k\u00e4ytt\u00e4j\u00e4tyytyv\u00e4isyytt\u00e4 ja setin luotettavuutta.<\/li>\n<li><b>Yksinkertainen huolto<\/b> Huolto on vaivatonta, pinnat voi puhdistaa vain kuivalla liinalla. T\u00e4m\u00e4n helppouden ansiosta kalusteet pysyv\u00e4t visuaalisesti houkuttelevina ilman vaivann\u00e4k\u00f6\u00e4, tehden setist\u00e4 yht\u00e4 k\u00e4ytt\u00e4j\u00e4yst\u00e4v\u00e4lliseksi yll\u00e4pidossa kuin k\u00e4yt\u00f6ss\u00e4.<\/li>\n<\/ul>\n<ul>\n<li>V\u00e4ri: Musta<\/li>\n<li>Materiaali: Tekninen puu<\/li>\n<li>Yleiset mitat: 30 x 30 x 99,5 cm (P x L x K)<\/li>\n<li>Paino: 42,25 kg<\/li>\n<li>Kest\u00e4v\u00e4<\/li>\n<li>S\u00e4ilytystila<\/li>\n<li>Tasainen peili<\/li>\n<li>3 hyllyill\u00e4<\/li>\n<li>Kehysmateriaali: Tekninen puu<\/li>\n<li>2 ovien kanssa<\/li>\n<li>Sis\u00e4- \/ ulkotiloissa: Vain sis\u00e4k\u00e4ytt\u00f6\u00f6n<\/li>\n<li>Toimitus-:<\/li>\n<li>3 x Kylpyhuonekalusteet<\/li>\n<li>Kokoonpano vaaditaan: Kyll\u00e4<\/li>\n<\/ul>\n","protected":false},"excerpt":{"rendered":"<ul>\n<li>V\u00e4ri: Musta<\/li>\n<li>Materiaali: Tekninen puu<\/li>\n<li>Yleiset mitat: 30 x 30 x 99,5 cm (P x L x K)<\/li>\n<li>Paino: 42,25 kg<\/li>\n<li>Kest\u00e4v\u00e4<\/li>\n<li>S\u00e4ilytystila<\/li>\n<li>Tasainen peili<\/li>\n<li>3 hyllyill\u00e4<\/li>\n<li>Kehysmateriaali: Tekninen puu<\/li>\n<li>2 ovien kanssa<\/li>\n<li>Sis\u00e4- \/ ulkotiloissa: Vain sis\u00e4k\u00e4ytt\u00f6\u00f6n<\/li>\n<li>Toimitus-:<\/li>\n<li>3 x Kylpyhuonekalusteet<\/li>\n<li>Kokoonpano vaaditaan: Kyll\u00e4<\/li>\n<\/ul>\n","protected":false},"featured_media":100000151721,"comment_status":"closed","ping_status":"closed","template":"","meta":[],"product_brand":[],"product_cat":[84,8560],"product_tag":[],"class_list":{"0":"post-151721","1":"product","2":"type-product","3":"status-publish","4":"has-post-thumbnail","6":"product_cat-huonekalut","7":"product_cat-kylpyhuoneen-kalusteet","9":"first","10":"outofstock","11":"taxable","12":"shipping-taxable","13":"purchasable","14":"product-type-simple"},"_links":{"self":[{"href":"https:\/\/www.otiumhome.fi\/index.php\/wp-json\/wp\/v2\/product\/151721","targetHints":{"allow":["GET"]}}],"collection":[{"href":"https:\/\/www.otiumhome.fi\/index.php\/wp-json\/wp\/v2\/product"}],"about":[{"href":"https:\/\/www.otiumhome.fi\/index.php\/wp-json\/wp\/v2\/types\/product"}],"replies":[{"embeddable":true,"href":"https:\/\/www.otiumhome.fi\/index.php\/wp-json\/wp\/v2\/comments?post=151721"}],"wp:featuredmedia":[{"embeddable":true,"href":"https:\/\/www.otiumhome.fi\/index.php\/wp-json\/"}],"wp:attachment":[{"href":"https:\/\/www.otiumhome.fi\/index.php\/wp-json\/wp\/v2\/media?parent=151721"}],"wp:term":[{"taxonomy":"product_brand","embeddable":true,"href":"https:\/\/www.otiumhome.fi\/index.php\/wp-json\/wp\/v2\/product_brand?post=151721"},{"taxonomy":"product_cat","embeddable":true,"href":"https:\/\/www.otiumhome.fi\/index.php\/wp-json\/wp\/v2\/product_cat?post=151721"},{"taxonomy":"product_tag","embeddable":true,"href":"https:\/\/www.otiumhome.fi\/index.php\/wp-json\/wp\/v2\/product_tag?post=151721"}],"curies":[{"name":"wp","href":"https:\/\/api.w.org\/{rel}","templated":true}]}}