{"id":151717,"date":"2025-06-16T16:43:41","date_gmt":"2025-06-16T16:43:41","guid":{"rendered":"https:\/\/www.otiumhome.fi\/?p=151717"},"modified":"2025-12-14T06:21:43","modified_gmt":"2025-12-14T06:21:43","slug":"konsolipoyta-hyllylla-ovella-monivarinen-50-x-30-x-70-cm","status":"publish","type":"product","link":"https:\/\/www.otiumhome.fi\/index.php\/tuote\/konsolipoyta-hyllylla-ovella-monivarinen-50-x-30-x-70-cm\/","title":{"rendered":"Konsolip\u00f6yt\u00e4 hyllyll\u00e4 ovella Moniv\u00e4rinen 50 x 30 x 70 cm"},"content":{"rendered":"<p>T\u00e4m\u00e4 boheeminen konsolip\u00f6yt\u00e4 tuo tilaan eklektisen ja vapaamielisen ilmeen. Valmistettu mangopuusta ja teknisest\u00e4 puusta, t\u00e4m\u00e4 moniv\u00e4rinen p\u00f6yt\u00e4 yhdist\u00e4\u00e4 tekstuuria ja kuvioita, energisoiden makuuhuoneen sisustusta.<\/p>\n<ul>\n<li><b>Materiaalit:<\/b> T\u00e4m\u00e4 konsolip\u00f6yt\u00e4 on tehty mangopuusta ja teknisest\u00e4 puusta, joten se on kest\u00e4v\u00e4 ja houkuttelevan n\u00e4k\u00f6inen. Materiaalivalinta takaa, ett\u00e4 p\u00f6yt\u00e4 pysyy t\u00e4rke\u00e4n\u00e4 osana huonetta, esitellen luonnollisten elementtien ja teknisen vahvuuden hienoa yhdistelm\u00e4\u00e4.<\/li>\n<li><b>Mukana olevat osat:<\/b> P\u00f6yd\u00e4ss\u00e4 on runsaasti sis\u00e4\u00e4nrakennettuja s\u00e4ilytystiloja, joten se tarjoaa tilaa erilaisten esineiden j\u00e4rjest\u00e4miseen ja pit\u00e4\u00e4 ymp\u00e4rist\u00f6n siistin\u00e4. Suunnittelu sis\u00e4lt\u00e4\u00e4 hyllyj\u00e4 ja osastoja, jotka tekev\u00e4t organisoinnista helppoa.<\/li>\n<li><b>Ominaisuudet \/ Toiminta \/ Suunnittelu:<\/b> T\u00e4m\u00e4 p\u00f6yt\u00e4 on rakennettu kest\u00e4m\u00e4\u00e4n, ja sen boheeminen tyyli tuo huoneeseen eklektist\u00e4 vieh\u00e4tyst\u00e4. K\u00e4yt\u00e4nn\u00f6llinen muotoilu kattaa my\u00f6s tilan tarpeet, korostaen silti taiteellista tyyli\u00e4.<\/li>\n<li><b>Suositellut k\u00e4ytt\u00f6tarkoitukset:<\/b> Sopii hyvin makuuhuoneeseen, konsolip\u00f6yt\u00e4 t\u00e4ytt\u00e4\u00e4 moninaiset tarpeet, toimiessaan niin n\u00e4yttely- kuin s\u00e4ilytystilana. Sen eklektinen tyyli sulautuu eri sisustusteemoihin, joten se toimii hyvin henkil\u00f6kohtaisten ilmaisujen tukena miss\u00e4 tahansa sis\u00e4tilassa.<\/li>\n<li><b>Hoito ja yll\u00e4pito:<\/b> Pid\u00e4 p\u00f6yd\u00e4n ulkon\u00e4k\u00f6 hyv\u00e4n\u00e4 puhdistamalla kuivilla menetelmill\u00e4 ja v\u00e4lt\u00e4 voimakkaita kemikaaleja. S\u00e4\u00e4nn\u00f6llinen p\u00f6lytt\u00e4minen pit\u00e4\u00e4 v\u00e4rit ja kuviot kirkkaina, varmistaen p\u00f6yd\u00e4n kest\u00e4vyyden ja visuaalisen vieh\u00e4tysvoiman.<\/li>\n<\/ul>\n<ul>\n<li>V\u00e4ri: Moniv\u00e4rinen<\/li>\n<li>Materiaali: Kova mangopuinen ja keinotekoinen puun materiaali<\/li>\n<li>Yleiset mitat: 50 x 30 x 70 cm (P x L x K)<\/li>\n<li>Paino: 11,5 kg<\/li>\n<li>Kest\u00e4v\u00e4<\/li>\n<li>S\u00e4ilytystila<\/li>\n<li>1 hyllyll\u00e4<\/li>\n<li>2 ovien kanssa<\/li>\n<li>Enimm\u00e4ispaino: 75 kg<\/li>\n<li>Vain sis\u00e4k\u00e4ytt\u00f6\u00f6n<\/li>\n<li>Toimitus-:<\/li>\n<li>1 x Console-P\u00f6yt\u00e4<\/li>\n<li>Kokoonpano vaaditaan: Kyll\u00e4<\/li>\n<\/ul>\n","protected":false},"excerpt":{"rendered":"<ul>\n<li>V\u00e4ri: Moniv\u00e4rinen<\/li>\n<li>Materiaali: Kova mangopuinen ja keinotekoinen puun materiaali<\/li>\n<li>Yleiset mitat: 50 x 30 x 70 cm (P x L x K)<\/li>\n<li>Paino: 11,5 kg<\/li>\n<li>Kest\u00e4v\u00e4<\/li>\n<li>S\u00e4ilytystila<\/li>\n<li>1 hyllyll\u00e4<\/li>\n<li>2 ovien kanssa<\/li>\n<li>Enimm\u00e4ispaino: 75 kg<\/li>\n<li>Vain sis\u00e4k\u00e4ytt\u00f6\u00f6n<\/li>\n<li>Toimitus-:<\/li>\n<li>1 x Console-P\u00f6yt\u00e4<\/li>\n<li>Kokoonpano vaaditaan: Kyll\u00e4<\/li>\n<\/ul>\n","protected":false},"featured_media":100000151717,"comment_status":"closed","ping_status":"closed","template":"","meta":[],"product_brand":[],"product_cat":[84,8559,8533],"product_tag":[],"class_list":{"0":"post-151717","1":"product","2":"type-product","3":"status-publish","4":"has-post-thumbnail","6":"product_cat-huonekalut","7":"product_cat-konsolipoydat","8":"product_cat-sivupoydat","10":"first","11":"instock","12":"taxable","13":"shipping-taxable","14":"purchasable","15":"product-type-simple"},"_links":{"self":[{"href":"https:\/\/www.otiumhome.fi\/index.php\/wp-json\/wp\/v2\/product\/151717","targetHints":{"allow":["GET"]}}],"collection":[{"href":"https:\/\/www.otiumhome.fi\/index.php\/wp-json\/wp\/v2\/product"}],"about":[{"href":"https:\/\/www.otiumhome.fi\/index.php\/wp-json\/wp\/v2\/types\/product"}],"replies":[{"embeddable":true,"href":"https:\/\/www.otiumhome.fi\/index.php\/wp-json\/wp\/v2\/comments?post=151717"}],"wp:featuredmedia":[{"embeddable":true,"href":"https:\/\/www.otiumhome.fi\/index.php\/wp-json\/"}],"wp:attachment":[{"href":"https:\/\/www.otiumhome.fi\/index.php\/wp-json\/wp\/v2\/media?parent=151717"}],"wp:term":[{"taxonomy":"product_brand","embeddable":true,"href":"https:\/\/www.otiumhome.fi\/index.php\/wp-json\/wp\/v2\/product_brand?post=151717"},{"taxonomy":"product_cat","embeddable":true,"href":"https:\/\/www.otiumhome.fi\/index.php\/wp-json\/wp\/v2\/product_cat?post=151717"},{"taxonomy":"product_tag","embeddable":true,"href":"https:\/\/www.otiumhome.fi\/index.php\/wp-json\/wp\/v2\/product_tag?post=151717"}],"curies":[{"name":"wp","href":"https:\/\/api.w.org\/{rel}","templated":true}]}}