{"id":151715,"date":"2025-06-16T16:43:27","date_gmt":"2025-06-16T16:43:27","guid":{"rendered":"https:\/\/www.otiumhome.fi\/?p=151715"},"modified":"2025-12-14T06:19:36","modified_gmt":"2025-12-14T06:19:36","slug":"kirjoituspoyta-laatikon-kanssa-ruskea-100-x-50-x-75-cm","status":"publish","type":"product","link":"https:\/\/www.otiumhome.fi\/index.php\/tuote\/kirjoituspoyta-laatikon-kanssa-ruskea-100-x-50-x-75-cm\/","title":{"rendered":"Kirjoitusp\u00f6yt\u00e4 laatikon kanssa Ruskea 100 x 50 x 75 cm"},"content":{"rendered":"<p>T\u00e4m\u00e4 rustiikkinen kirjoitusp\u00f6yt\u00e4 yhdist\u00e4\u00e4 yksinkertaisen tyylin ja k\u00e4yt\u00e4nn\u00f6llisyyden. L\u00e4mpim\u00e4n ulkon\u00e4\u00f6n omaava suorakaiteen muotoinen p\u00f6yt\u00e4 on loistava tilaa s\u00e4\u00e4st\u00e4v\u00e4 ratkaisu makuuhuoneeseen, jossa tyyli kohtaa k\u00e4yt\u00e4nn\u00f6llisyyden. T\u00e4ysist\u00e4 akaasiapuista ja teknisest\u00e4 puusta valmistettu p\u00f6yt\u00e4 tarjoaa tukevan perustan samalla kun se s\u00e4ilytt\u00e4\u00e4 rustiikkisen tunnelman. Sen luonnolliset ruskeat s\u00e4vyt sulautuvat hyvin rustiikkiseen sisustukseen. T\u00e4m\u00e4 on loistava vaihtoehto kirjoittajille, opiskelijoille tai kaikille, jotka tarvitsevat ty\u00f6tilaa.<\/p>\n<ul>\n<li><b>Premium materiaalit:<\/b> Rakennettu t\u00e4ysist\u00e4 akaasiapuista ja teknisest\u00e4 puusta, varmistaen vakautta ja luonnollista kauneutta, joka pident\u00e4\u00e4 p\u00f6yd\u00e4n kestoa.<\/li>\n<li><b>K\u00e4yt\u00e4nn\u00f6llinen s\u00e4ilytys:<\/b> Varustettu k\u00e4yt\u00e4nn\u00f6llisill\u00e4 lokeroilla ja laatikoilla, joissa on runsaasti tilaa kirjoitusvihkoille ja muille tarvikkeille, pit\u00e4en \u00e7al\u0131\u015fma tilasi siistin\u00e4.<\/li>\n<li><b>Kest\u00e4vyys:<\/b> Kest\u00e4v\u00e4 rakenne takaa pitk\u00e4n k\u00e4ytt\u00f6i\u00e4n, niin ammatillisiin kuin henkil\u00f6kohtaisiin projekteihin.<\/li>\n<li><b>Monipuolinen k\u00e4ytt\u00f6:<\/b> Sopii erinomaisesti kotitoimistoihin, opiskeluhuoneisiin tai nuoren makuuhuoneeseen, mahdollistaen joustavuutta eri tarpeisiin.<\/li>\n<li><b>Kokoaminen vaaditaan:<\/b> Toimitetaan valmiina, mutta vaatii kokoamista; kahden ihmisen yhteisty\u00f6ll\u00e4 t\u00e4m\u00e4 sujuu helposti.<\/li>\n<\/ul>\n<ul>\n<li>V\u00e4ri: Ruskea<\/li>\n<li>Materiaali: Tukeva akasiapuu ja ongelmaverhoiltu puu<\/li>\n<li>Yleiset mitat: 100 x 50 x 75 cm (P x L x K)<\/li>\n<li>Paino: 27,75 kg<\/li>\n<li>Kest\u00e4v\u00e4<\/li>\n<li>S\u00e4ilytystila<\/li>\n<li>2 laatikoilla<\/li>\n<li>Enimm\u00e4ispaino: 75 kg<\/li>\n<li>Vain sis\u00e4k\u00e4ytt\u00f6\u00f6n<\/li>\n<li>Toimitus-:<\/li>\n<li>1 x kirjoitusp\u00f6yt\u00e4<\/li>\n<li>Kokoonpano vaaditaan: Kyll\u00e4<\/li>\n<\/ul>\n","protected":false},"excerpt":{"rendered":"<ul>\n<li>V\u00e4ri: Ruskea<\/li>\n<li>Materiaali: Tukeva akasiapuu ja ongelmaverhoiltu puu<\/li>\n<li>Yleiset mitat: 100 x 50 x 75 cm (P x L x K)<\/li>\n<li>Paino: 27,75 kg<\/li>\n<li>Kest\u00e4v\u00e4<\/li>\n<li>S\u00e4ilytystila<\/li>\n<li>2 laatikoilla<\/li>\n<li>Enimm\u00e4ispaino: 75 kg<\/li>\n<li>Vain sis\u00e4k\u00e4ytt\u00f6\u00f6n<\/li>\n<li>Toimitus-:<\/li>\n<li>1 x kirjoitusp\u00f6yt\u00e4<\/li>\n<li>Kokoonpano vaaditaan: Kyll\u00e4<\/li>\n<\/ul>\n","protected":false},"featured_media":100000151715,"comment_status":"closed","ping_status":"closed","template":"","meta":[],"product_brand":[],"product_cat":[84,8551],"product_tag":[],"class_list":{"0":"post-151715","1":"product","2":"type-product","3":"status-publish","4":"has-post-thumbnail","6":"product_cat-huonekalut","7":"product_cat-kirjoituspoydat","9":"first","10":"instock","11":"taxable","12":"shipping-taxable","13":"purchasable","14":"product-type-simple"},"_links":{"self":[{"href":"https:\/\/www.otiumhome.fi\/index.php\/wp-json\/wp\/v2\/product\/151715","targetHints":{"allow":["GET"]}}],"collection":[{"href":"https:\/\/www.otiumhome.fi\/index.php\/wp-json\/wp\/v2\/product"}],"about":[{"href":"https:\/\/www.otiumhome.fi\/index.php\/wp-json\/wp\/v2\/types\/product"}],"replies":[{"embeddable":true,"href":"https:\/\/www.otiumhome.fi\/index.php\/wp-json\/wp\/v2\/comments?post=151715"}],"wp:featuredmedia":[{"embeddable":true,"href":"https:\/\/www.otiumhome.fi\/index.php\/wp-json\/"}],"wp:attachment":[{"href":"https:\/\/www.otiumhome.fi\/index.php\/wp-json\/wp\/v2\/media?parent=151715"}],"wp:term":[{"taxonomy":"product_brand","embeddable":true,"href":"https:\/\/www.otiumhome.fi\/index.php\/wp-json\/wp\/v2\/product_brand?post=151715"},{"taxonomy":"product_cat","embeddable":true,"href":"https:\/\/www.otiumhome.fi\/index.php\/wp-json\/wp\/v2\/product_cat?post=151715"},{"taxonomy":"product_tag","embeddable":true,"href":"https:\/\/www.otiumhome.fi\/index.php\/wp-json\/wp\/v2\/product_tag?post=151715"}],"curies":[{"name":"wp","href":"https:\/\/api.w.org\/{rel}","templated":true}]}}