{"id":151659,"date":"2025-06-16T16:26:26","date_gmt":"2025-06-16T16:26:26","guid":{"rendered":"https:\/\/www.otiumhome.fi\/?p=151659"},"modified":"2025-06-17T01:29:01","modified_gmt":"2025-06-17T01:29:01","slug":"ruokapoyta-140x70x75-cm-massiivipuu-akaasia","status":"publish","type":"product","link":"https:\/\/www.otiumhome.fi\/index.php\/tuote\/ruokapoyta-140x70x75-cm-massiivipuu-akaasia\/","title":{"rendered":"ruokap\u00f6yt\u00e4 140x70x75 cm massiivipuu akaasia"},"content":{"rendered":"<p>Nauti t\u00e4ydellinen ateria joka p\u00e4iv\u00e4 perheesi tai yst\u00e4viesi kesken t\u00e4m\u00e4n puisen ruokap\u00f6yd\u00e4n \u00e4\u00e4rell\u00e4!<\/p>\n<\/p>\n<ul>\n<li>Tukeva ja vakaa materiaali: T\u00e4ysi akasiapuu tunnetaan lujuudestaan ja kest\u00e4vyydest\u00e4\u00e4n. Sen monipuoliset v\u00e4rit ja ainutlaatuiset puunsyyn kuviot antavat sille vieh\u00e4tt\u00e4v\u00e4n ulkon\u00e4\u00f6n. Hyv\u00e4n vakauden ja s\u00e4\u00e4nkest\u00e4vyyden ansiosta se on ihanteellinen materiaali sis\u00e4- ja ulkokalusteiden valmistamiseen.<\/li>\n<li>Tukeva runko: Keitti\u00f6n p\u00f6yd\u00e4n rautarunko lis\u00e4\u00e4 sisustukseen teollista tyyli\u00e4 ja varmistaa samalla tukevuuden, vakauden ja pitk\u00e4ik\u00e4isyyden.<\/li>\n<li>K\u00e4yt\u00e4nn\u00f6llinen p\u00f6yt\u00e4levy: Ruokap\u00f6yd\u00e4n tukeva p\u00f6yt\u00e4levy on t\u00e4ydellinen juomien, ruoan ja koriste-esineiden sijoittamiseen.<\/li>\n<li>Jaloilla: Korotetut jalat helpottavat ruokap\u00f6yd\u00e4n alta puhdistamista, s\u00e4ilytt\u00e4v\u00e4t siistin ulkon\u00e4\u00f6n ja varmistavat paremman ilmavirran elektronisten laitteiden ymp\u00e4rill\u00e4.<\/li>\n<\/ul>\n<p>Hyv\u00e4 tiet\u00e4\u00e4:<\/p>\n<ul>\n<li>Jokainen kappale on ainutlaatuisen eroavilla v\u00e4reill\u00e4 ja puunsyill\u00e4. Toimitus on sattumanvarainen, t\u00e4m\u00e4 takaa tuotteesi erityisyyden ja ainutlaatuisuuden.<\/li>\n<\/ul>\n<ul>\n<li>Materiaali: t\u00e4ysi akaasiapuu luonnollisella viimeistelyll\u00e4, jauhemaalattu ter\u00e4s<\/li>\n<li>Mitat: 140 x 70 x 75 cm (L x S x K)<\/li>\n<li>Asennus vaaditaan: Kyll\u00e4<\/li>\n<\/ul>\n","protected":false},"excerpt":{"rendered":"<ul>\n<li>Materiaali: t\u00e4ysi akaasiapuu luonnollisella viimeistelyll\u00e4, jauhemaalattu ter\u00e4s<\/li>\n<li>Mitat: 140 x 70 x 75 cm (L x S x K)<\/li>\n<li>Asennus vaaditaan: Kyll\u00e4<\/li>\n<\/ul>\n","protected":false},"featured_media":100000151659,"comment_status":"closed","ping_status":"closed","template":"","meta":[],"product_brand":[],"product_cat":[84,8543],"product_tag":[],"class_list":{"0":"post-151659","1":"product","2":"type-product","3":"status-publish","4":"has-post-thumbnail","6":"product_cat-huonekalut","7":"product_cat-keittion-ruokapoydat","9":"first","10":"instock","11":"taxable","12":"shipping-taxable","13":"purchasable","14":"product-type-simple"},"_links":{"self":[{"href":"https:\/\/www.otiumhome.fi\/index.php\/wp-json\/wp\/v2\/product\/151659","targetHints":{"allow":["GET"]}}],"collection":[{"href":"https:\/\/www.otiumhome.fi\/index.php\/wp-json\/wp\/v2\/product"}],"about":[{"href":"https:\/\/www.otiumhome.fi\/index.php\/wp-json\/wp\/v2\/types\/product"}],"replies":[{"embeddable":true,"href":"https:\/\/www.otiumhome.fi\/index.php\/wp-json\/wp\/v2\/comments?post=151659"}],"wp:featuredmedia":[{"embeddable":true,"href":"https:\/\/www.otiumhome.fi\/index.php\/wp-json\/"}],"wp:attachment":[{"href":"https:\/\/www.otiumhome.fi\/index.php\/wp-json\/wp\/v2\/media?parent=151659"}],"wp:term":[{"taxonomy":"product_brand","embeddable":true,"href":"https:\/\/www.otiumhome.fi\/index.php\/wp-json\/wp\/v2\/product_brand?post=151659"},{"taxonomy":"product_cat","embeddable":true,"href":"https:\/\/www.otiumhome.fi\/index.php\/wp-json\/wp\/v2\/product_cat?post=151659"},{"taxonomy":"product_tag","embeddable":true,"href":"https:\/\/www.otiumhome.fi\/index.php\/wp-json\/wp\/v2\/product_tag?post=151659"}],"curies":[{"name":"wp","href":"https:\/\/api.w.org\/{rel}","templated":true}]}}