{"id":151599,"date":"2025-06-16T16:17:30","date_gmt":"2025-06-16T16:17:30","guid":{"rendered":"https:\/\/www.otiumhome.fi\/?p=151599"},"modified":"2025-06-17T05:33:41","modified_gmt":"2025-06-17T05:33:41","slug":"eteisen-penkki-80x40x45-cm-ruskea-tammi-tekninen-puu","status":"publish","type":"product","link":"https:\/\/www.otiumhome.fi\/index.php\/tuote\/eteisen-penkki-80x40x45-cm-ruskea-tammi-tekninen-puu\/","title":{"rendered":"Eteisen penkki 80x40x45 cm ruskea tammi tekninen puu"},"content":{"rendered":"<p>Luo ovesi viereen l\u00e4mmin ja kutsuva ilmapiiri t\u00e4ll\u00e4 eteisen penkill\u00e4!<\/p>\n<\/p>\n<ul>\n<li>Ensiluokkainen materiaali: Tekninen puu on poikkeuksellisen laadukasta ja sile\u00e4pintaista. Se on luja, vakaa ja kosteudelle vastustuskykyinen.<\/li>\n<li>Runsaasti s\u00e4ilytystilaa: Helposti liukuvalla laatikolla varustettu laatikkopenkki tarjoaa reilusti tilaa vaatteillesi, kirjoillesi, kengillesi tai henkil\u00f6kohtaisille tavaroillesi. Siksi se on t\u00e4ydellinen avustamaan eteisesi, k\u00e4yt\u00e4v\u00e4si tai muun elintilasi pit\u00e4misess\u00e4 puhtaana ja siistin\u00e4.<\/li>\n<li>Monitoiminen k\u00e4ytt\u00f6: Sen lis\u00e4ksi, ett\u00e4 se toimii s\u00e4ilytyspenkkin\u00e4 tai koriste-esineen\u00e4 elintilassasi, t\u00e4m\u00e4 eteisen penkki voi toimia penkki-istuimena, kun laitat keng\u00e4t jalkaan tai riisut ne.<\/li>\n<li>K\u00e4yt\u00e4nn\u00f6llinen yl\u00e4osa: Olohuoneen penkiss\u00e4 on tukeva yl\u00e4osa, tehden siit\u00e4 ihanteellisen koristeiden, valokuvien, ruukkukasvien ja vastaavien esille laittoon.<\/li>\n<\/ul>\n<ul>\n<li>V\u00e4ri: ruskea tammi<\/li>\n<li>Materiaali: tekninen puu<\/li>\n<li>Mitat: 80 x 40 x 45 cm (P x L x K)<\/li>\n<li>Asennus vaaditaan: kyll\u00e4<\/li>\n<\/ul>\n","protected":false},"excerpt":{"rendered":"<ul>\n<li>V\u00e4ri: ruskea tammi<\/li>\n<li>Materiaali: tekninen puu<\/li>\n<li>Mitat: 80 x 40 x 45 cm (P x L x K)<\/li>\n<li>Asennus vaaditaan: kyll\u00e4<\/li>\n<\/ul>\n","protected":false},"featured_media":100000151599,"comment_status":"closed","ping_status":"closed","template":"","meta":[],"product_brand":[],"product_cat":[8538,84],"product_tag":[],"class_list":{"0":"post-151599","1":"product","2":"type-product","3":"status-publish","4":"has-post-thumbnail","6":"product_cat-eteis-sailytyspenkit","7":"product_cat-huonekalut","9":"first","10":"outofstock","11":"taxable","12":"shipping-taxable","13":"purchasable","14":"product-type-simple"},"_links":{"self":[{"href":"https:\/\/www.otiumhome.fi\/index.php\/wp-json\/wp\/v2\/product\/151599","targetHints":{"allow":["GET"]}}],"collection":[{"href":"https:\/\/www.otiumhome.fi\/index.php\/wp-json\/wp\/v2\/product"}],"about":[{"href":"https:\/\/www.otiumhome.fi\/index.php\/wp-json\/wp\/v2\/types\/product"}],"replies":[{"embeddable":true,"href":"https:\/\/www.otiumhome.fi\/index.php\/wp-json\/wp\/v2\/comments?post=151599"}],"wp:featuredmedia":[{"embeddable":true,"href":"https:\/\/www.otiumhome.fi\/index.php\/wp-json\/"}],"wp:attachment":[{"href":"https:\/\/www.otiumhome.fi\/index.php\/wp-json\/wp\/v2\/media?parent=151599"}],"wp:term":[{"taxonomy":"product_brand","embeddable":true,"href":"https:\/\/www.otiumhome.fi\/index.php\/wp-json\/wp\/v2\/product_brand?post=151599"},{"taxonomy":"product_cat","embeddable":true,"href":"https:\/\/www.otiumhome.fi\/index.php\/wp-json\/wp\/v2\/product_cat?post=151599"},{"taxonomy":"product_tag","embeddable":true,"href":"https:\/\/www.otiumhome.fi\/index.php\/wp-json\/wp\/v2\/product_tag?post=151599"}],"curies":[{"name":"wp","href":"https:\/\/api.w.org\/{rel}","templated":true}]}}