{"id":150867,"date":"2025-06-11T15:58:19","date_gmt":"2025-06-11T15:58:19","guid":{"rendered":"https:\/\/www.otiumhome.fi\/?p=150867"},"modified":"2025-06-12T01:35:05","modified_gmt":"2025-06-12T01:35:05","slug":"konsolipoyta-140x35x70-cm-massiivipuu-mango","status":"publish","type":"product","link":"https:\/\/www.otiumhome.fi\/index.php\/tuote\/konsolipoyta-140x35x70-cm-massiivipuu-mango\/","title":{"rendered":"konsolip\u00f6yt\u00e4 140x35x70 cm massiivipuu mango"},"content":{"rendered":"<p>Lis\u00e4\u00e4 ripaus eleganssia eteiseesi, olohuoneeseesi tai k\u00e4yt\u00e4v\u00e4\u00e4si t\u00e4ll\u00e4 tyylikk\u00e4\u00e4ll\u00e4 konsolip\u00f6yd\u00e4ll\u00e4.<\/p>\n<\/p>\n<ul>\n<li>Tukeva ja vakaa materiaali: T\u00e4ysi mangopuu on vankka trooppinen lehtipuu, joka on eritt\u00e4in suosittu huonekalujen valmistuksessa sen poikkeuksellisen kest\u00e4vyyden ja lujuuden vuoksi. Sen kauniit puunsyyt tekev\u00e4t jokaisesta tuotteesta ainutlaatuisen ja seuraavasta eroavan.<\/li>\n<li>Vakaa ja pitk\u00e4ik\u00e4inen runko: P\u00f6yd\u00e4n metallirunko parantaa sisustustasi teollisella tyylill\u00e4 ja tarjoaa poikkeuksellista kest\u00e4vyytt\u00e4, vakautta ja korroosiokest\u00e4vyytt\u00e4.<\/li>\n<li>Tukeva p\u00f6yt\u00e4levy: Eteisp\u00f6yd\u00e4n tukeva p\u00f6yt\u00e4levy on t\u00e4ydellinen ruukkukasvien, valokuvakehysten ja muiden koriste-esineiden sijoittamiseen.<\/li>\n<li>Runsaasti s\u00e4ilytystilaa: 3-kerroksinen eteisen p\u00f6yt\u00e4 tarjoaa riitt\u00e4v\u00e4sti s\u00e4ilytystilaa, jotta voit pit\u00e4\u00e4 erilaiset p\u00e4ivitt\u00e4iset tavarat j\u00e4rjestyksess\u00e4 ja helposti ulottuvillasi.<\/li>\n<li>Helppo huoltaa: Sile\u00e4n pinnan ansiosta sivup\u00f6yt\u00e4 on helppo puhdistaa liinalla ja se tarvitsee vain v\u00e4h\u00e4ist\u00e4 huoltoa.<\/li>\n<\/ul>\n<p>Hyv\u00e4 tiet\u00e4\u00e4:<\/p>\n<ul>\n<li>Jokainen kappale on ainutlaatuisen eroavilla v\u00e4reill\u00e4 ja puunsyill\u00e4. Toimitus on sattumanvarainen, t\u00e4m\u00e4 takaa tuotteesi erityisyyden ja ainutlaatuisuuden.<\/li>\n<\/ul>\n<ul>\n<li>Materiaali: t\u00e4ysi mangopuu + ter\u00e4s<\/li>\n<li>Mitat: 140 x 35 x 70 cm (P x L x K)<\/li>\n<li>Asennus vaaditaan: Kyll\u00e4<\/li>\n<\/ul>\n","protected":false},"excerpt":{"rendered":"<ul>\n<li>Materiaali: t\u00e4ysi mangopuu + ter\u00e4s<\/li>\n<li>Mitat: 140 x 35 x 70 cm (P x L x K)<\/li>\n<li>Asennus vaaditaan: Kyll\u00e4<\/li>\n<\/ul>\n","protected":false},"featured_media":100000150867,"comment_status":"closed","ping_status":"closed","template":"","meta":[],"product_brand":[],"product_cat":[8534,84,8533],"product_tag":[],"class_list":{"0":"post-150867","1":"product","2":"type-product","3":"status-publish","4":"has-post-thumbnail","6":"product_cat-apupoydat","7":"product_cat-huonekalut","8":"product_cat-sivupoydat","10":"first","11":"instock","12":"taxable","13":"shipping-taxable","14":"purchasable","15":"product-type-simple"},"_links":{"self":[{"href":"https:\/\/www.otiumhome.fi\/index.php\/wp-json\/wp\/v2\/product\/150867","targetHints":{"allow":["GET"]}}],"collection":[{"href":"https:\/\/www.otiumhome.fi\/index.php\/wp-json\/wp\/v2\/product"}],"about":[{"href":"https:\/\/www.otiumhome.fi\/index.php\/wp-json\/wp\/v2\/types\/product"}],"replies":[{"embeddable":true,"href":"https:\/\/www.otiumhome.fi\/index.php\/wp-json\/wp\/v2\/comments?post=150867"}],"wp:featuredmedia":[{"embeddable":true,"href":"https:\/\/www.otiumhome.fi\/index.php\/wp-json\/"}],"wp:attachment":[{"href":"https:\/\/www.otiumhome.fi\/index.php\/wp-json\/wp\/v2\/media?parent=150867"}],"wp:term":[{"taxonomy":"product_brand","embeddable":true,"href":"https:\/\/www.otiumhome.fi\/index.php\/wp-json\/wp\/v2\/product_brand?post=150867"},{"taxonomy":"product_cat","embeddable":true,"href":"https:\/\/www.otiumhome.fi\/index.php\/wp-json\/wp\/v2\/product_cat?post=150867"},{"taxonomy":"product_tag","embeddable":true,"href":"https:\/\/www.otiumhome.fi\/index.php\/wp-json\/wp\/v2\/product_tag?post=150867"}],"curies":[{"name":"wp","href":"https:\/\/api.w.org\/{rel}","templated":true}]}}