{"id":150866,"date":"2025-06-11T15:58:15","date_gmt":"2025-06-11T15:58:15","guid":{"rendered":"https:\/\/www.otiumhome.fi\/?p=150866"},"modified":"2025-06-16T16:08:58","modified_gmt":"2025-06-16T16:08:58","slug":"sivupoytasarja-3-kpl-mangopuu","status":"publish","type":"product","link":"https:\/\/www.otiumhome.fi\/index.php\/tuote\/sivupoytasarja-3-kpl-mangopuu\/","title":{"rendered":"Sivup\u00f6yt\u00e4sarja 3 kpl mangopuu"},"content":{"rendered":"<p>N\u00e4m\u00e4 mangopuiset p\u00f6yd\u00e4t ovat tyylikk\u00e4it\u00e4 sek\u00e4 k\u00e4yt\u00e4nn\u00f6llisi\u00e4, ja niist\u00e4 todella tulee huoneesi keskipiste.<\/p>\n<\/p>\n<p>T\u00e4m\u00e4 vintagetyylinen kolmen sivup\u00f6yd\u00e4n sarja on valmistettu t\u00e4ydest\u00e4 mangopuusta, t\u00e4m\u00e4 tekee niist\u00e4 todella vakaat ja kest\u00e4v\u00e4t. Mangopuu on tihe\u00e4 ja karkea kovapuu, jossa on upeat ruskeat tai kultaiset raidat ja kaaret pinnassa. Vahvistetun ter\u00e4srungon ansiosta p\u00f6yd\u00e4t ovat todella vakaat ja kest\u00e4v\u00e4t. Pinottavuuden ansiosta n\u00e4m\u00e4 p\u00f6yd\u00e4t s\u00e4\u00e4st\u00e4v\u00e4t reilusti tilaa, kun ne eiv\u00e4t ole k\u00e4yt\u00f6ss\u00e4. K\u00e4sity\u00f6n j\u00e4lki lis\u00e4\u00e4 n\u00e4iden p\u00f6ytien upeaa retrotyyli\u00e4.<\/p>\n<\/p>\n<p>T\u00e4rke\u00e4 huomio: V\u00e4rit saattavat vaihdella kappaleittain, jokainen p\u00f6yt\u00e4 on ainutlaatuinen. Toimitus on satunnainen.<\/p>\n<ul>\n<li>Materiaali: t\u00e4ysi mangopuu<\/li>\n<li>Runkomateriaali: jauhemaalattu ter\u00e4s<\/li>\n<li>Suuren p\u00f6yd\u00e4n mitat: 60 x 41 x 48 cm (P x L x K)<\/li>\n<li>Keskikokoisen p\u00f6yd\u00e4n mitat: 51 x 41 x 39 cm (P x L x K)<\/li>\n<li>Pienen p\u00f6yd\u00e4n mitat: 40 x 41 x 29 cm (P x L x K)<\/li>\n<li>Kiillotettu, osittain maalattu ja lakattu<\/li>\n<li>Toimitus sis\u00e4lt\u00e4\u00e4 3 erikokoista p\u00f6yt\u00e4\u00e4<\/li>\n<\/ul>\n","protected":false},"excerpt":{"rendered":"<ul>\n<li>Materiaali: t\u00e4ysi mangopuu<\/li>\n<li>Runkomateriaali: jauhemaalattu ter\u00e4s<\/li>\n<li>Suuren p\u00f6yd\u00e4n mitat: 60 x 41 x 48 cm (P x L x K)<\/li>\n<li>Keskikokoisen p\u00f6yd\u00e4n mitat: 51 x 41 x 39 cm (P x L x K)<\/li>\n<li>Pienen p\u00f6yd\u00e4n mitat: 40 x 41 x 29 cm (P x L x K)<\/li>\n<li>Kiillotettu, osittain maalattu ja lakattu<\/li>\n<li>Toimitus sis\u00e4lt\u00e4\u00e4 3 erikokoista p\u00f6yt\u00e4\u00e4<\/li>\n<\/ul>\n","protected":false},"featured_media":100000150866,"comment_status":"closed","ping_status":"closed","template":"","meta":[],"product_brand":[],"product_cat":[8534,84,8533],"product_tag":[],"class_list":{"0":"post-150866","1":"product","2":"type-product","3":"status-publish","4":"has-post-thumbnail","6":"product_cat-apupoydat","7":"product_cat-huonekalut","8":"product_cat-sivupoydat","10":"first","11":"instock","12":"taxable","13":"shipping-taxable","14":"purchasable","15":"product-type-simple"},"_links":{"self":[{"href":"https:\/\/www.otiumhome.fi\/index.php\/wp-json\/wp\/v2\/product\/150866","targetHints":{"allow":["GET"]}}],"collection":[{"href":"https:\/\/www.otiumhome.fi\/index.php\/wp-json\/wp\/v2\/product"}],"about":[{"href":"https:\/\/www.otiumhome.fi\/index.php\/wp-json\/wp\/v2\/types\/product"}],"replies":[{"embeddable":true,"href":"https:\/\/www.otiumhome.fi\/index.php\/wp-json\/wp\/v2\/comments?post=150866"}],"wp:featuredmedia":[{"embeddable":true,"href":"https:\/\/www.otiumhome.fi\/index.php\/wp-json\/"}],"wp:attachment":[{"href":"https:\/\/www.otiumhome.fi\/index.php\/wp-json\/wp\/v2\/media?parent=150866"}],"wp:term":[{"taxonomy":"product_brand","embeddable":true,"href":"https:\/\/www.otiumhome.fi\/index.php\/wp-json\/wp\/v2\/product_brand?post=150866"},{"taxonomy":"product_cat","embeddable":true,"href":"https:\/\/www.otiumhome.fi\/index.php\/wp-json\/wp\/v2\/product_cat?post=150866"},{"taxonomy":"product_tag","embeddable":true,"href":"https:\/\/www.otiumhome.fi\/index.php\/wp-json\/wp\/v2\/product_tag?post=150866"}],"curies":[{"name":"wp","href":"https:\/\/api.w.org\/{rel}","templated":true}]}}