{"id":150034,"date":"2025-06-01T20:00:56","date_gmt":"2025-06-01T20:00:56","guid":{"rendered":"https:\/\/www.otiumhome.fi\/?p=150034"},"modified":"2025-06-06T16:20:39","modified_gmt":"2025-06-06T16:20:39","slug":"poytalevy-100x50x4-cm-suorakaide-taysi-pyokki","status":"publish","type":"product","link":"https:\/\/www.otiumhome.fi\/index.php\/tuote\/poytalevy-100x50x4-cm-suorakaide-taysi-pyokki\/","title":{"rendered":"P\u00f6yt\u00e4levy 100x50x4 cm suorakaide t\u00e4ysi py\u00f6kki"},"content":{"rendered":"<p>Anna p\u00f6yd\u00e4llesi uusi el\u00e4m\u00e4 t\u00e4m\u00e4n puisen p\u00f6yt\u00e4levyn avulla. Se on erinomainen ratkaisu p\u00f6yd\u00e4n pirist\u00e4miseen kotona tai kaupallisessa ymp\u00e4rist\u00f6ss\u00e4.<\/p>\n<\/p>\n<ul>\n<li>T\u00e4ysi py\u00f6kki: P\u00f6yt\u00e4levy on valmistettu t\u00e4ydest\u00e4 py\u00f6kist\u00e4, joka on kaunis luonnollinen materiaali. Py\u00f6kill\u00e4 on suorat puunsyyt ja se on todella kest\u00e4v\u00e4 puu.<\/li>\n<li>Monipuolinen k\u00e4ytt\u00f6: Puista p\u00f6yt\u00e4levy\u00e4 voidaan k\u00e4ytt\u00e4\u00e4 baari-, sivup\u00f6ydiss\u00e4 tai jopa johonkin omaan luomukseesi. Voit yhdist\u00e4\u00e4 vaihtop\u00f6yt\u00e4levyn mink\u00e4 tahansa tyylisten jalkojen kanssa.<\/li>\n<li>Helposti puhdistettava pinta: Sile\u00e4 p\u00f6yt\u00e4levy on helppo puhdistaa kostealla liinalla.<\/li>\n<\/ul>\n<p>Hyv\u00e4 tiet\u00e4\u00e4:<\/p>\n<ul>\n<li>Jokainen kappale on ainutlaatuisen eroavilla v\u00e4reill\u00e4 ja puunsyill\u00e4. Toimitus on sattumanvarainen, t\u00e4m\u00e4 takaa tuotteesi erityisyyden ja ainutlaatuisuuden.<\/li>\n<\/ul>\n<ul>\n<li>Materiaali: T\u00e4ysi py\u00f6kki (k\u00e4sittelem\u00e4t\u00f6n)<\/li>\n<li>Mitat: 100 x 50 x 4 cm (P x L x Paks.)<\/li>\n<li>Muoto: suorakulmainen<\/li>\n<li>Suositeltu p\u00f6yt\u00e4: Sivup\u00f6yt\u00e4, baarip\u00f6yt\u00e4<\/li>\n<li>Toimitus sis\u00e4lt\u00e4\u00e4 vain p\u00f6yt\u00e4levyn<\/li>\n<\/ul>\n","protected":false},"excerpt":{"rendered":"<ul>\n<li>Materiaali: T\u00e4ysi py\u00f6kki (k\u00e4sittelem\u00e4t\u00f6n)<\/li>\n<li>Mitat: 100 x 50 x 4 cm (P x L x Paks.)<\/li>\n<li>Muoto: suorakulmainen<\/li>\n<li>Suositeltu p\u00f6yt\u00e4: Sivup\u00f6yt\u00e4, baarip\u00f6yt\u00e4<\/li>\n<li>Toimitus sis\u00e4lt\u00e4\u00e4 vain p\u00f6yt\u00e4levyn<\/li>\n<\/ul>\n","protected":false},"featured_media":100000150034,"comment_status":"closed","ping_status":"closed","template":"","meta":[],"product_brand":[],"product_cat":[84,8578],"product_tag":[],"class_list":{"0":"post-150034","1":"product","2":"type-product","3":"status-publish","4":"has-post-thumbnail","6":"product_cat-huonekalut","7":"product_cat-poytalevyt","9":"first","10":"instock","11":"taxable","12":"shipping-taxable","13":"purchasable","14":"product-type-simple"},"_links":{"self":[{"href":"https:\/\/www.otiumhome.fi\/index.php\/wp-json\/wp\/v2\/product\/150034","targetHints":{"allow":["GET"]}}],"collection":[{"href":"https:\/\/www.otiumhome.fi\/index.php\/wp-json\/wp\/v2\/product"}],"about":[{"href":"https:\/\/www.otiumhome.fi\/index.php\/wp-json\/wp\/v2\/types\/product"}],"replies":[{"embeddable":true,"href":"https:\/\/www.otiumhome.fi\/index.php\/wp-json\/wp\/v2\/comments?post=150034"}],"wp:featuredmedia":[{"embeddable":true,"href":"https:\/\/www.otiumhome.fi\/index.php\/wp-json\/"}],"wp:attachment":[{"href":"https:\/\/www.otiumhome.fi\/index.php\/wp-json\/wp\/v2\/media?parent=150034"}],"wp:term":[{"taxonomy":"product_brand","embeddable":true,"href":"https:\/\/www.otiumhome.fi\/index.php\/wp-json\/wp\/v2\/product_brand?post=150034"},{"taxonomy":"product_cat","embeddable":true,"href":"https:\/\/www.otiumhome.fi\/index.php\/wp-json\/wp\/v2\/product_cat?post=150034"},{"taxonomy":"product_tag","embeddable":true,"href":"https:\/\/www.otiumhome.fi\/index.php\/wp-json\/wp\/v2\/product_tag?post=150034"}],"curies":[{"name":"wp","href":"https:\/\/api.w.org\/{rel}","templated":true}]}}