{"id":149988,"date":"2025-06-01T19:31:43","date_gmt":"2025-06-01T19:31:43","guid":{"rendered":"https:\/\/www.otiumhome.fi\/?p=149988"},"modified":"2025-12-09T07:49:24","modified_gmt":"2025-12-09T07:49:24","slug":"korkea-kaappi-luonnollinen-60-x-335-x-100-cm-tihea-akasiapuu","status":"publish","type":"product","link":"https:\/\/www.otiumhome.fi\/index.php\/tuote\/korkea-kaappi-luonnollinen-60-x-335-x-100-cm-tihea-akasiapuu\/","title":{"rendered":"Korkea kaappi Luonnollinen 60 x 33,5 x 100 cm Tihe\u00e4 akasiapuu"},"content":{"rendered":"<p>T\u00e4m\u00e4 moderni puinen korkea kaappi yhdist\u00e4\u00e4 tyylin ja k\u00e4yt\u00e4nn\u00f6llisyyden, joka tekee siit\u00e4 upean lis\u00e4n olohuoneeseen tai ruokailutilaan. Rustiikkinen muotoilu korostaa teknisen puun luonnollista kauneutta, tuoden l\u00e4mp\u00f6\u00e4 kotiisi. Tilavien s\u00e4ilytyslokeroiden ansiosta se sopii niille, jotka arvostavat esteettist\u00e4 vieh\u00e4tyst\u00e4 ja k\u00e4yt\u00e4nn\u00f6llist\u00e4 s\u00e4ilytyst\u00e4. T\u00e4m\u00e4 kaappi sulautuu hyvin koteihin, joissa arvostetaan rustiikkista eleganssia ja yksinkertaisuutta.<\/p>\n<ul>\n<li><b>Teknisen puun rakenne:<\/b> Kest\u00e4v\u00e4 tekninen puu on valittu siksi, ett\u00e4 se kest\u00e4\u00e4 jokap\u00e4iv\u00e4isi\u00e4 haasteita. Vahva rakenne takaa pitk\u00e4ik\u00e4isyyden ja samalla sen luonnollinen viimeistely n\u00e4ytt\u00e4\u00e4 tyylikk\u00e4\u00e4lt\u00e4.<\/li>\n<li><b>Rakenteelliset hyllyt:<\/b> Vahvoilla hyllyill\u00e4 varustettu, t\u00e4m\u00e4 kaappi tarjoaa tehokkaita s\u00e4ilytysratkaisuja. Se on t\u00e4ydellinen astioiden, lasejen tai koriste-esineiden j\u00e4rjest\u00e4miseen, pit\u00e4en asiat siistin\u00e4 ja helposti saatavilla.<\/li>\n<li><b>Rustiikkinen estetiikka:<\/b> T\u00e4m\u00e4 kaappi tuo rustiikkista muotoilua huoneeseen, luoden karismaattista kauneutta. Tyyli houkuttaa niit\u00e4, jotka pit\u00e4v\u00e4t luonnollisesta ja l\u00e4mpim\u00e4st\u00e4 kodin sisustuksesta.<\/li>\n<li><b>K\u00e4tev\u00e4t kahvat:<\/b> Sormivetimet helpottavat p\u00e4\u00e4sy\u00e4 s\u00e4ilytystilaan. Ne t\u00e4ydent\u00e4v\u00e4t kokonaisilmett\u00e4 ja s\u00e4ilytt\u00e4v\u00e4t samalla kauniin estetiikan ilman k\u00e4yt\u00e4nn\u00f6llisyydest\u00e4 tinkimist\u00e4.<\/li>\n<li><b>Yksinkertainen yll\u00e4pito:<\/b> T\u00e4m\u00e4 kaappi on helppohoitoinen \u2013 riitt\u00e4\u00e4, ett\u00e4 pyyhit sen kostealla liinalla. T\u00e4m\u00e4 varmistaa v\u00e4h\u00e4isen huollon, jolloin voit nauttia kaapista vaivattomasti.<\/li>\n<\/ul>\n<ul>\n<li>V\u00e4ri: Luonnollinen<\/li>\n<li>Materiaali: Tihe\u00e4 akasiapuu<\/li>\n<li>Yleiset mitat: 60 x 33,5 x 100 cm (P x L x K)<\/li>\n<li>Paino: 25,8 kg<\/li>\n<li>S\u00e4ilytystila<\/li>\n<li>Kest\u00e4v\u00e4<\/li>\n<li>Mukana 3 levyhyllyt<\/li>\n<li>3 ovien kanssa<\/li>\n<li>Vain sis\u00e4k\u00e4ytt\u00f6\u00f6n<\/li>\n<li>Toimitus-:<\/li>\n<li>1 x Sivup\u00f6yt\u00e4<\/li>\n<li>Kokoonpano vaaditaan: Kyll\u00e4<\/li>\n<\/ul>\n","protected":false},"excerpt":{"rendered":"<ul>\n<li>V\u00e4ri: Luonnollinen<\/li>\n<li>Materiaali: Tihe\u00e4 akasiapuu<\/li>\n<li>Yleiset mitat: 60 x 33,5 x 100 cm (P x L x K)<\/li>\n<li>Paino: 25,8 kg<\/li>\n<li>S\u00e4ilytystila<\/li>\n<li>Kest\u00e4v\u00e4<\/li>\n<li>Mukana 3 levyhyllyt<\/li>\n<li>3 ovien kanssa<\/li>\n<li>Vain sis\u00e4k\u00e4ytt\u00f6\u00f6n<\/li>\n<li>Toimitus-:<\/li>\n<li>1 x Sivup\u00f6yt\u00e4<\/li>\n<li>Kokoonpano vaaditaan: Kyll\u00e4<\/li>\n<\/ul>\n","protected":false},"featured_media":100000149988,"comment_status":"closed","ping_status":"closed","template":"","meta":[],"product_brand":[],"product_cat":[84,8567],"product_tag":[],"class_list":{"0":"post-149988","1":"product","2":"type-product","3":"status-publish","4":"has-post-thumbnail","6":"product_cat-huonekalut","7":"product_cat-medialaitekaapit-telineet","9":"first","10":"instock","11":"taxable","12":"shipping-taxable","13":"purchasable","14":"product-type-simple"},"_links":{"self":[{"href":"https:\/\/www.otiumhome.fi\/index.php\/wp-json\/wp\/v2\/product\/149988","targetHints":{"allow":["GET"]}}],"collection":[{"href":"https:\/\/www.otiumhome.fi\/index.php\/wp-json\/wp\/v2\/product"}],"about":[{"href":"https:\/\/www.otiumhome.fi\/index.php\/wp-json\/wp\/v2\/types\/product"}],"replies":[{"embeddable":true,"href":"https:\/\/www.otiumhome.fi\/index.php\/wp-json\/wp\/v2\/comments?post=149988"}],"wp:featuredmedia":[{"embeddable":true,"href":"https:\/\/www.otiumhome.fi\/index.php\/wp-json\/"}],"wp:attachment":[{"href":"https:\/\/www.otiumhome.fi\/index.php\/wp-json\/wp\/v2\/media?parent=149988"}],"wp:term":[{"taxonomy":"product_brand","embeddable":true,"href":"https:\/\/www.otiumhome.fi\/index.php\/wp-json\/wp\/v2\/product_brand?post=149988"},{"taxonomy":"product_cat","embeddable":true,"href":"https:\/\/www.otiumhome.fi\/index.php\/wp-json\/wp\/v2\/product_cat?post=149988"},{"taxonomy":"product_tag","embeddable":true,"href":"https:\/\/www.otiumhome.fi\/index.php\/wp-json\/wp\/v2\/product_tag?post=149988"}],"curies":[{"name":"wp","href":"https:\/\/api.w.org\/{rel}","templated":true}]}}