{"id":149930,"date":"2025-06-01T19:11:00","date_gmt":"2025-06-01T19:11:00","guid":{"rendered":"https:\/\/www.otiumhome.fi\/?p=149930"},"modified":"2025-12-14T06:47:19","modified_gmt":"2025-12-14T06:47:19","slug":"meikkipoyta-hyllylla-3-pcs-musta-40-x-41-x-135-cm-tekninen-puu","status":"publish","type":"product","link":"https:\/\/www.otiumhome.fi\/index.php\/tuote\/meikkipoyta-hyllylla-3-pcs-musta-40-x-41-x-135-cm-tekninen-puu\/","title":{"rendered":"Meikkip\u00f6yt\u00e4 hyllyll\u00e4 3 pcs Musta 40 x 41 x 135 cm Tekninen puu"},"content":{"rendered":"<p>T\u00e4\u00e4 tyylik\u00e4s moderni meikkip\u00f6yt\u00e4 on puhtaita linjoja ja toimivuutta, mik\u00e4 tekee siit\u00e4 t\u00e4ydellisen valinnan moderneihin makuuhuoneisiin. Sen yksinkertainen suorakaiteen muotoinen rakenne ja minimalistinen sisustus sulautuu vaivattomasti eri tyyleihin, joten se on houkutteleva lis\u00e4 mihin tahansa huoneeseen. Parempaa j\u00e4rjestyst\u00e4 el\u00e4m\u00e4ss\u00e4, t\u00e4\u00e4 p\u00f6yt\u00e4 tasapainottaa muotoilun ja k\u00e4yt\u00e4nn\u00f6llisyyden, jotta voit luoda oman pienen pakopaikan sun tilassa.<\/p>\n<ul>\n<li><b>Teknisen puun rakenne<\/b> T\u00e4m\u00e4 meikkip\u00f6yt\u00e4 on rakennettu kest\u00e4v\u00e4st\u00e4 teknisest\u00e4 puusta, joten se on tukeva ja luotettava. Sen sile\u00e4 pinta takaa tyylin ja kest\u00e4vyyden jokap\u00e4iv\u00e4isess\u00e4 k\u00e4yt\u00f6ss\u00e4.<\/li>\n<li><b>Tehokas LED-valaistus<\/b> Joustavien LED-nauhojen ansiosta t\u00e4\u00e4 meikkip\u00f6yt\u00e4 tarjoaa just oikeaa valoa, olipa se y\u00f6ll\u00e4 tai h\u00e4m\u00e4r\u00e4ss\u00e4. Se on loistava tarkkaan meikkaamiseen tai groomaukseen.<\/li>\n<li><b>K\u00e4yt\u00e4nn\u00f6lliset s\u00e4ilytysratkaisut<\/b> Hyllyjen ja laatikoiden ansiosta s\u00e4ilyt\u00e4t kosmetiikkasi ja tarvikkeesi siististi. T\u00e4\u00e4 malli on ideaalinen niille, jotka haluaa pit\u00e4\u00e4 makuuhuoneensa sotkuttomana.<\/li>\n<li><b>Sopii moderneihin makuuhuoneisiin<\/b> Sen sulavat linjat ja k\u00e4yt\u00e4nn\u00f6lliset piirteet tekev\u00e4t siit\u00e4 erinomaisen valinnan nykyaikaisiin tiloihin. Olipa se s\u00e4ngyn vieress\u00e4 tai vaatehuoneessa, se sopii t\u00e4ydellisesti existing kalusteeseesi.<\/li>\n<li><b>Huolto ja kokoaminen<\/b> P\u00f6yt\u00e4 tulee kolmessa osassa, ja kaksi k\u00e4tt\u00e4 tarvitaan sen kokoamiseen. Pid\u00e4 se hyv\u00e4n\u00e4 pyyhkim\u00e4ll\u00e4 sit\u00e4 kuivalla liinalla s\u00e4\u00e4nn\u00f6llisesti.<\/li>\n<\/ul>\n<ul>\n<li>V\u00e4ri: Musta<\/li>\n<li>Materiaali: Tekninen puu<\/li>\n<li>Yleiset mitat: 40 x 41 x 135 cm (P x L x K)<\/li>\n<li>Paino: 58,15 kg<\/li>\n<li>Kest\u00e4v\u00e4<\/li>\n<li>S\u00e4ilytystila<\/li>\n<li>Valotyyppi: Led-valonauhat<\/li>\n<li>Laatikolla<\/li>\n<li>Hyllyll\u00e4<\/li>\n<li>Kehysmateriaali: Tekninen puu<\/li>\n<li>Sis\u00e4- \/ ulkotiloissa: Vain sis\u00e4k\u00e4ytt\u00f6\u00f6n<\/li>\n<li>Toimitus-:<\/li>\n<li>3 kpl meikkip\u00f6yt\u00e4<\/li>\n<li>Kokoonpano vaaditaan: Kyll\u00e4<\/li>\n<\/ul>\n","protected":false},"excerpt":{"rendered":"<ul>\n<li>V\u00e4ri: Musta<\/li>\n<li>Materiaali: Tekninen puu<\/li>\n<li>Yleiset mitat: 40 x 41 x 135 cm (P x L x K)<\/li>\n<li>Paino: 58,15 kg<\/li>\n<li>Kest\u00e4v\u00e4<\/li>\n<li>S\u00e4ilytystila<\/li>\n<li>Valotyyppi: Led-valonauhat<\/li>\n<li>Laatikolla<\/li>\n<li>Hyllyll\u00e4<\/li>\n<li>Kehysmateriaali: Tekninen puu<\/li>\n<li>Sis\u00e4- \/ ulkotiloissa: Vain sis\u00e4k\u00e4ytt\u00f6\u00f6n<\/li>\n<li>Toimitus-:<\/li>\n<li>3 kpl meikkip\u00f6yt\u00e4<\/li>\n<li>Kokoonpano vaaditaan: Kyll\u00e4<\/li>\n<\/ul>\n","protected":false},"featured_media":100000149930,"comment_status":"closed","ping_status":"closed","template":"","meta":[],"product_brand":[],"product_cat":[84,8561,8566],"product_tag":[],"class_list":{"0":"post-149930","1":"product","2":"type-product","3":"status-publish","4":"has-post-thumbnail","6":"product_cat-huonekalut","7":"product_cat-kampauspoydat","8":"product_cat-makuuhuoneen-kampauspoydat","10":"first","11":"instock","12":"taxable","13":"shipping-taxable","14":"purchasable","15":"product-type-simple"},"_links":{"self":[{"href":"https:\/\/www.otiumhome.fi\/index.php\/wp-json\/wp\/v2\/product\/149930","targetHints":{"allow":["GET"]}}],"collection":[{"href":"https:\/\/www.otiumhome.fi\/index.php\/wp-json\/wp\/v2\/product"}],"about":[{"href":"https:\/\/www.otiumhome.fi\/index.php\/wp-json\/wp\/v2\/types\/product"}],"replies":[{"embeddable":true,"href":"https:\/\/www.otiumhome.fi\/index.php\/wp-json\/wp\/v2\/comments?post=149930"}],"wp:featuredmedia":[{"embeddable":true,"href":"https:\/\/www.otiumhome.fi\/index.php\/wp-json\/"}],"wp:attachment":[{"href":"https:\/\/www.otiumhome.fi\/index.php\/wp-json\/wp\/v2\/media?parent=149930"}],"wp:term":[{"taxonomy":"product_brand","embeddable":true,"href":"https:\/\/www.otiumhome.fi\/index.php\/wp-json\/wp\/v2\/product_brand?post=149930"},{"taxonomy":"product_cat","embeddable":true,"href":"https:\/\/www.otiumhome.fi\/index.php\/wp-json\/wp\/v2\/product_cat?post=149930"},{"taxonomy":"product_tag","embeddable":true,"href":"https:\/\/www.otiumhome.fi\/index.php\/wp-json\/wp\/v2\/product_tag?post=149930"}],"curies":[{"name":"wp","href":"https:\/\/api.w.org\/{rel}","templated":true}]}}