{"id":149660,"date":"2025-06-01T15:36:46","date_gmt":"2025-06-01T15:36:46","guid":{"rendered":"https:\/\/www.otiumhome.fi\/?p=149660"},"modified":"2025-06-06T15:36:34","modified_gmt":"2025-06-06T15:36:34","slug":"ruokapoyta-180x90x76-cm-massiivipuu","status":"publish","type":"product","link":"https:\/\/www.otiumhome.fi\/index.php\/tuote\/ruokapoyta-180x90x76-cm-massiivipuu\/","title":{"rendered":"Ruokap\u00f6yt\u00e4 180x90x76 cm massiivipuu"},"content":{"rendered":"<p>Puinen ruokap\u00f6yt\u00e4mme, joka on valmistettu massiivipuusta harmaalla viimeistelyll\u00e4, tuo rustiikkista tunnelmaa sisustukseesi.<\/p>\n<\/p>\n<p>Jokainen ty\u00f6vaihe on tehty erityisen huolellisesti, olkoon se sitten kiillotus, maalaus ja lakkaus.<\/p>\n<\/p>\n<p>Ota huomioon: pintakuviot ja v\u00e4rit vaihtelevat kappaleesta toiseen, mik\u00e4 tekee jokaisesta ruokap\u00f6yd\u00e4st\u00e4 ainutlaatuisen.<\/p>\n<ul>\n<li>Materiaali: Massiivipuu harmaalla viimeistely<\/li>\n<li>Mitat: 180 x 90 x 76 cm (P x L x K)<\/li>\n<li>Jalan leveys: 15 cm<\/li>\n<li>Viimeistely: hiottu, maalattu ja lakattu<\/li>\n<li>Asennus vaaditaan: kyll\u00e4<\/li>\n<\/ul>\n","protected":false},"excerpt":{"rendered":"<ul>\n<li>Materiaali: Massiivipuu harmaalla viimeistely<\/li>\n<li>Mitat: 180 x 90 x 76 cm (P x L x K)<\/li>\n<li>Jalan leveys: 15 cm<\/li>\n<li>Viimeistely: hiottu, maalattu ja lakattu<\/li>\n<li>Asennus vaaditaan: kyll\u00e4<\/li>\n<\/ul>\n","protected":false},"featured_media":100000149660,"comment_status":"closed","ping_status":"closed","template":"","meta":[],"product_brand":[],"product_cat":[84,8543],"product_tag":[],"class_list":{"0":"post-149660","1":"product","2":"type-product","3":"status-publish","4":"has-post-thumbnail","6":"product_cat-huonekalut","7":"product_cat-keittion-ruokapoydat","9":"first","10":"outofstock","11":"taxable","12":"shipping-taxable","13":"purchasable","14":"product-type-simple"},"_links":{"self":[{"href":"https:\/\/www.otiumhome.fi\/index.php\/wp-json\/wp\/v2\/product\/149660","targetHints":{"allow":["GET"]}}],"collection":[{"href":"https:\/\/www.otiumhome.fi\/index.php\/wp-json\/wp\/v2\/product"}],"about":[{"href":"https:\/\/www.otiumhome.fi\/index.php\/wp-json\/wp\/v2\/types\/product"}],"replies":[{"embeddable":true,"href":"https:\/\/www.otiumhome.fi\/index.php\/wp-json\/wp\/v2\/comments?post=149660"}],"wp:featuredmedia":[{"embeddable":true,"href":"https:\/\/www.otiumhome.fi\/index.php\/wp-json\/"}],"wp:attachment":[{"href":"https:\/\/www.otiumhome.fi\/index.php\/wp-json\/wp\/v2\/media?parent=149660"}],"wp:term":[{"taxonomy":"product_brand","embeddable":true,"href":"https:\/\/www.otiumhome.fi\/index.php\/wp-json\/wp\/v2\/product_brand?post=149660"},{"taxonomy":"product_cat","embeddable":true,"href":"https:\/\/www.otiumhome.fi\/index.php\/wp-json\/wp\/v2\/product_cat?post=149660"},{"taxonomy":"product_tag","embeddable":true,"href":"https:\/\/www.otiumhome.fi\/index.php\/wp-json\/wp\/v2\/product_tag?post=149660"}],"curies":[{"name":"wp","href":"https:\/\/api.w.org\/{rel}","templated":true}]}}