{"id":149521,"date":"2025-05-27T23:09:52","date_gmt":"2025-05-27T23:09:52","guid":{"rendered":"https:\/\/www.otiumhome.fi\/?p=149521"},"modified":"2025-06-06T18:23:24","modified_gmt":"2025-06-06T18:23:24","slug":"sohvasanky-musta-80x200-cm-taysi-manty","status":"publish","type":"product","link":"https:\/\/www.otiumhome.fi\/index.php\/tuote\/sohvasanky-musta-80x200-cm-taysi-manty\/","title":{"rendered":"Sohvas\u00e4nky musta 80&#215;200 cm t\u00e4ysi m\u00e4nty"},"content":{"rendered":"<p>T\u00e4m\u00e4 puinen p\u00e4iv\u00e4vuode toimii t\u00e4ydellisen\u00e4 vuoteena y\u00f6vieraille ja tarjoaa mukavan istumapaikan p\u00e4iv\u00e4saikaan.<\/p>\n<\/p>\n<ul>\n<li> T\u00e4ysi m\u00e4nty: T\u00e4ysi m\u00e4ntypuu on kaunis luonnollinen materiaali. M\u00e4nnyll\u00e4 on suorat puunsyyt ja sen oksanpaikat antavat materiaalille sen ominaisen rustiikkisen ilmeen. <\/li>\n<li>Monitoiminen suunnittelu: T\u00e4yspuista sohvas\u00e4nky\u00e4 voidaan k\u00e4ytt\u00e4\u00e4 p\u00e4iv\u00e4ll\u00e4 sohvana tai y\u00f6ll\u00e4 vuoteena, joten se tarjoaa nopean ratkaisun y\u00f6vieraiden majoittamiseen.<\/li>\n<li>Runsaasti s\u00e4ilytystilaa: Laatikoilla varustettu vuodesohva mahdollistaa rajoitetussa asuintilassa tavaroiden hyv\u00e4ss\u00e4 j\u00e4rjestyksess\u00e4 pit\u00e4misen ja suojaa niit\u00e4 samalla p\u00f6lylt\u00e4.<\/li>\n<\/ul>\n<p>Huomioi:<\/p>\n<ul>\n<li>Toimituksessa mukana ainoastaan vuodesohvan runko. Patja ei sis\u00e4lly toimitukseen. Voit etsi\u00e4 myym\u00e4l\u00e4st\u00e4mme sopivia patjoja.<\/li>\n<li>Jokaisen tuotteen mukana on laatikossa kokoonpano-ohje helppoa asennusta varten.<\/li>\n<\/ul>\n<ul>\n<li>V\u00e4ri: Musta<\/li>\n<li>Materiaali: T\u00e4ysi m\u00e4nty <\/li>\n<li>Kokonaismitat: 207 x 86 x 90 cm (P x L x K) <\/li>\n<li>Sopiva patjan koko: 80 x 200 cm (L x P) (patja ei sis\u00e4lly toimitukseen)<\/li>\n<\/ul>\n","protected":false},"excerpt":{"rendered":"<ul>\n<li>V\u00e4ri: Musta<\/li>\n<li>Materiaali: T\u00e4ysi m\u00e4nty <\/li>\n<li>Kokonaismitat: 207 x 86 x 90 cm (P x L x K) <\/li>\n<li>Sopiva patjan koko: 80 x 200 cm (L x P) (patja ei sis\u00e4lly toimitukseen)<\/li>\n<\/ul>\n","protected":false},"featured_media":100000149521,"comment_status":"closed","ping_status":"closed","template":"","meta":[],"product_brand":[],"product_cat":[84,8638],"product_tag":[],"class_list":{"0":"post-149521","1":"product","2":"type-product","3":"status-publish","4":"has-post-thumbnail","6":"product_cat-huonekalut","7":"product_cat-sangyt-sangynrungot","9":"first","10":"instock","11":"taxable","12":"shipping-taxable","13":"purchasable","14":"product-type-simple"},"_links":{"self":[{"href":"https:\/\/www.otiumhome.fi\/index.php\/wp-json\/wp\/v2\/product\/149521","targetHints":{"allow":["GET"]}}],"collection":[{"href":"https:\/\/www.otiumhome.fi\/index.php\/wp-json\/wp\/v2\/product"}],"about":[{"href":"https:\/\/www.otiumhome.fi\/index.php\/wp-json\/wp\/v2\/types\/product"}],"replies":[{"embeddable":true,"href":"https:\/\/www.otiumhome.fi\/index.php\/wp-json\/wp\/v2\/comments?post=149521"}],"wp:featuredmedia":[{"embeddable":true,"href":"https:\/\/www.otiumhome.fi\/index.php\/wp-json\/"}],"wp:attachment":[{"href":"https:\/\/www.otiumhome.fi\/index.php\/wp-json\/wp\/v2\/media?parent=149521"}],"wp:term":[{"taxonomy":"product_brand","embeddable":true,"href":"https:\/\/www.otiumhome.fi\/index.php\/wp-json\/wp\/v2\/product_brand?post=149521"},{"taxonomy":"product_cat","embeddable":true,"href":"https:\/\/www.otiumhome.fi\/index.php\/wp-json\/wp\/v2\/product_cat?post=149521"},{"taxonomy":"product_tag","embeddable":true,"href":"https:\/\/www.otiumhome.fi\/index.php\/wp-json\/wp\/v2\/product_tag?post=149521"}],"curies":[{"name":"wp","href":"https:\/\/api.w.org\/{rel}","templated":true}]}}