{"id":149238,"date":"2025-05-27T19:47:51","date_gmt":"2025-05-27T19:47:51","guid":{"rendered":"https:\/\/www.otiumhome.fi\/?p=149238"},"modified":"2025-06-06T16:47:22","modified_gmt":"2025-06-06T16:47:22","slug":"sangynpaaty-sonoma-tammi-90-cm-tekninen-puu-ja-teras","status":"publish","type":"product","link":"https:\/\/www.otiumhome.fi\/index.php\/tuote\/sangynpaaty-sonoma-tammi-90-cm-tekninen-puu-ja-teras\/","title":{"rendered":"S\u00e4ngynp\u00e4\u00e4ty Sonoma-tammi 90 cm tekninen puu ja ter\u00e4s"},"content":{"rendered":"<p>Tyylikk\u00e4\u00e4sti muotoiltu perinteinen s\u00e4ngyn p\u00e4\u00e4tylevy antaa s\u00e4ngynrungollesi t\u00e4ydellisen ilmeen ja se sopii mihin tahansa makuuhuoneeseen.<\/p>\n<\/p>\n<ul>\n<li>Pitk\u00e4ik\u00e4inen materiaali: Tekninen puu on poikkeuksellisen laadukasta ja sile\u00e4pintaista. Se on luja, vakaa ja kosteudelle vastustuskykyinen.<\/li>\n<li>Tukevat ja vakaat jalat: Metallijalat takaavat tukevuuden ja vakauden.<\/li>\n<li>Erinomainen tuki: S\u00e4ngyn p\u00e4\u00e4tylevy tarjoaa sinulle erinomaisen selk\u00e4tuen s\u00e4ngyll\u00e4 istuessasi, kirjaa lukiessasi tai televisiota katsellessasi.<\/li>\n<\/ul>\n<p>Hyv\u00e4 tiet\u00e4\u00e4:<\/p>\n<ul>\n<li>S\u00e4ngynrunko ja patja eiv\u00e4t sis\u00e4lly toimitukseen.<\/li>\n<\/ul>\n<ul>\n<li>V\u00e4ri: Sonoma<\/li>\n<li>Materiaali: Tekninen puu ja ter\u00e4s<\/li>\n<li>Kokonaismitat: 95 x 3 x 91,5 cm (P x L x K)<\/li>\n<li>Sopiva patjan leveys: 90 cm<\/li>\n<li>Asennus vaaditaan: Kyll\u00e4<\/li>\n<\/ul>\n","protected":false},"excerpt":{"rendered":"<ul>\n<li>V\u00e4ri: Sonoma<\/li>\n<li>Materiaali: Tekninen puu ja ter\u00e4s<\/li>\n<li>Kokonaismitat: 95 x 3 x 91,5 cm (P x L x K)<\/li>\n<li>Sopiva patjan leveys: 90 cm<\/li>\n<li>Asennus vaaditaan: Kyll\u00e4<\/li>\n<\/ul>\n","protected":false},"featured_media":100000149238,"comment_status":"closed","ping_status":"closed","template":"","meta":[],"product_brand":[],"product_cat":[84,8636],"product_tag":[],"class_list":{"0":"post-149238","1":"product","2":"type-product","3":"status-publish","4":"has-post-thumbnail","6":"product_cat-huonekalut","7":"product_cat-sangynpaadyt","9":"first","10":"outofstock","11":"taxable","12":"shipping-taxable","13":"purchasable","14":"product-type-simple"},"_links":{"self":[{"href":"https:\/\/www.otiumhome.fi\/index.php\/wp-json\/wp\/v2\/product\/149238","targetHints":{"allow":["GET"]}}],"collection":[{"href":"https:\/\/www.otiumhome.fi\/index.php\/wp-json\/wp\/v2\/product"}],"about":[{"href":"https:\/\/www.otiumhome.fi\/index.php\/wp-json\/wp\/v2\/types\/product"}],"replies":[{"embeddable":true,"href":"https:\/\/www.otiumhome.fi\/index.php\/wp-json\/wp\/v2\/comments?post=149238"}],"wp:featuredmedia":[{"embeddable":true,"href":"https:\/\/www.otiumhome.fi\/index.php\/wp-json\/"}],"wp:attachment":[{"href":"https:\/\/www.otiumhome.fi\/index.php\/wp-json\/wp\/v2\/media?parent=149238"}],"wp:term":[{"taxonomy":"product_brand","embeddable":true,"href":"https:\/\/www.otiumhome.fi\/index.php\/wp-json\/wp\/v2\/product_brand?post=149238"},{"taxonomy":"product_cat","embeddable":true,"href":"https:\/\/www.otiumhome.fi\/index.php\/wp-json\/wp\/v2\/product_cat?post=149238"},{"taxonomy":"product_tag","embeddable":true,"href":"https:\/\/www.otiumhome.fi\/index.php\/wp-json\/wp\/v2\/product_tag?post=149238"}],"curies":[{"name":"wp","href":"https:\/\/api.w.org\/{rel}","templated":true}]}}