{"id":148716,"date":"2025-05-23T00:41:42","date_gmt":"2025-05-23T00:41:42","guid":{"rendered":"https:\/\/www.otiumhome.fi\/?p=148716"},"modified":"2025-06-06T16:34:16","modified_gmt":"2025-06-06T16:34:16","slug":"kuutioseinahyllyt-4-kpl-betoninharmaa-26x15x26-cm","status":"publish","type":"product","link":"https:\/\/www.otiumhome.fi\/index.php\/tuote\/kuutioseinahyllyt-4-kpl-betoninharmaa-26x15x26-cm\/","title":{"rendered":"Kuutiosein\u00e4hyllyt 4 kpl betoninharmaa 26x15x26 cm"},"content":{"rendered":"<p>K\u00e4yt\u00e4nn\u00f6llisesti muotoiltu kuutiosein\u00e4hyllysarja on suunniteltu keskipisteeksi olo-, makuuhuoneeseen, jne.<\/p>\n<\/p>\n<p>Sein\u00e4kiinnitett\u00e4v\u00e4t hyllyt ovat tukevia ja kest\u00e4vi\u00e4, ne takaavat vuosien k\u00e4yt\u00f6n. Kelluvat hyllyt sopivat mihin tahansa. Voit asentaa ne olohuoneeseen esittelem\u00e4\u00e4n koriste-esineit\u00e4, s\u00e4ilytt\u00e4m\u00e4\u00e4n mausteita keitti\u00f6ss\u00e4 ja esittelem\u00e4\u00e4n valokuvia makuuhuoneessa. Kuutiohyllyjen puhdistus onnistuu helposti kostealla liinalla. Ne muuntavat tyhj\u00e4n sein\u00e4n suunnitteluominaisuudeksi.<\/p>\n<ul>\n<li>V\u00e4ri: betoninharmaa<\/li>\n<li>Materiaali: tekninen puu<\/li>\n<li>Mitat: 26 x 15 x 26 cm (L x S x K)<\/li>\n<li>Asennus vaaditaan: kyll\u00e4<\/li>\n<li><strong>Huomio: <\/strong>Sein\u00e4\u00e4n kiinnitett\u00e4v\u00e4t ruuvit ja tulpat eiv\u00e4t sis\u00e4lly toimitukseen. Etsi ja k\u00e4yt\u00e4 sein\u00e4\u00e4si sopivia ruuveja ja tulppia. Jos olet ep\u00e4varma, kysy ammattilaisen neuvoa. Lue ja seuraa asennusohjeiden jokaista vaihetta huolella.<\/li>\n<li><strong>Toimitus sis\u00e4lt\u00e4\u00e4:<\/strong><\/li>\n<li>4 x kuutiohylly<\/li>\n<\/ul>\n","protected":false},"excerpt":{"rendered":"<ul>\n<li>V\u00e4ri: betoninharmaa<\/li>\n<li>Materiaali: tekninen puu<\/li>\n<li>Mitat: 26 x 15 x 26 cm (L x S x K)<\/li>\n<li>Asennus vaaditaan: kyll\u00e4<\/li>\n<li><strong>Huomio: <\/strong>Sein\u00e4\u00e4n kiinnitett\u00e4v\u00e4t ruuvit ja tulpat eiv\u00e4t sis\u00e4lly toimitukseen. Etsi ja k\u00e4yt\u00e4 sein\u00e4\u00e4si sopivia ruuveja ja tulppia. Jos olet ep\u00e4varma, kysy ammattilaisen neuvoa. Lue ja seuraa asennusohjeiden jokaista vaihetta huolella.<\/li>\n<li><strong>Toimitus sis\u00e4lt\u00e4\u00e4:<\/strong><\/li>\n<li>4 x kuutiohylly<\/li>\n<\/ul>\n","protected":false},"featured_media":100000148716,"comment_status":"closed","ping_status":"closed","template":"","meta":[],"product_brand":[],"product_cat":[84,8634],"product_tag":[],"class_list":{"0":"post-148716","1":"product","2":"type-product","3":"status-publish","4":"has-post-thumbnail","6":"product_cat-huonekalut","7":"product_cat-seinahyllyt","9":"first","10":"instock","11":"taxable","12":"shipping-taxable","13":"purchasable","14":"product-type-simple"},"_links":{"self":[{"href":"https:\/\/www.otiumhome.fi\/index.php\/wp-json\/wp\/v2\/product\/148716","targetHints":{"allow":["GET"]}}],"collection":[{"href":"https:\/\/www.otiumhome.fi\/index.php\/wp-json\/wp\/v2\/product"}],"about":[{"href":"https:\/\/www.otiumhome.fi\/index.php\/wp-json\/wp\/v2\/types\/product"}],"replies":[{"embeddable":true,"href":"https:\/\/www.otiumhome.fi\/index.php\/wp-json\/wp\/v2\/comments?post=148716"}],"wp:featuredmedia":[{"embeddable":true,"href":"https:\/\/www.otiumhome.fi\/index.php\/wp-json\/"}],"wp:attachment":[{"href":"https:\/\/www.otiumhome.fi\/index.php\/wp-json\/wp\/v2\/media?parent=148716"}],"wp:term":[{"taxonomy":"product_brand","embeddable":true,"href":"https:\/\/www.otiumhome.fi\/index.php\/wp-json\/wp\/v2\/product_brand?post=148716"},{"taxonomy":"product_cat","embeddable":true,"href":"https:\/\/www.otiumhome.fi\/index.php\/wp-json\/wp\/v2\/product_cat?post=148716"},{"taxonomy":"product_tag","embeddable":true,"href":"https:\/\/www.otiumhome.fi\/index.php\/wp-json\/wp\/v2\/product_tag?post=148716"}],"curies":[{"name":"wp","href":"https:\/\/api.w.org\/{rel}","templated":true}]}}