{"id":148216,"date":"2025-05-17T23:21:55","date_gmt":"2025-05-17T23:21:55","guid":{"rendered":"https:\/\/www.otiumhome.fi\/?p=148216"},"modified":"2025-12-14T18:50:45","modified_gmt":"2025-12-14T18:50:45","slug":"viinipukki-luonnollinen-58-x-28-x-90-cm-massiivinen-manty","status":"publish","type":"product","link":"https:\/\/www.otiumhome.fi\/index.php\/tuote\/viinipukki-luonnollinen-58-x-28-x-90-cm-massiivinen-manty\/","title":{"rendered":"Viinipukki Luonnollinen 58 x 28 x 90 cm Massiivinen m\u00e4nty"},"content":{"rendered":"<p>T\u00e4m\u00e4 viinipullo hylly on todella tyylik\u00e4s ja k\u00e4yt\u00e4nn\u00f6llinen lis\u00e4ys mihin tahansa keitti\u00f6\u00f6n. Rustiikkinen muotoilu sopii niin moderneihin kuin perinteisiin tiloihin, ja se on t\u00e4ydellinen kaikille viinin yst\u00e4ville, jotka arvostavat estetiikkaa ja k\u00e4yt\u00e4nn\u00f6llisyytt\u00e4. Hylly antaa j\u00e4rjestyst\u00e4 viinikokoelmallesi ja luo mukavaa tunnelmaa, ollen t\u00e4ydellinen katseenvangitsija ruokailutilassa tai keitti\u00f6ss\u00e4.<\/p>\n<ul><\/br><\/p>\n<li><b>Suorakaiteen muoto:<\/b> T\u00e4m\u00e4 viinipullo hylly on k\u00e4yt\u00e4nn\u00f6llinen ja sen suorakaiteen muoto maksimoi tilan. Se mahtuu helposti seinille tai nurkkiin, ja se on loistava valinta tiloihin, joissa tilank\u00e4ytt\u00f6 on t\u00e4rke\u00e4\u00e4.<\/li>\n<p><\/br><\/p>\n<li><b>Rustiikkinen tyyli:<\/b> Rustiikkinen tyyli tuo l\u00e4mpim\u00e4n ja kodikkaan tunnelman keitti\u00f6\u00f6n. Sen maanl\u00e4heiset v\u00e4rit vieh\u00e4tt\u00e4v\u00e4t niit\u00e4, jotka pit\u00e4v\u00e4t maaseudun kauneudesta.<\/li>\n<p><\/br><\/p>\n<li><b>Kest\u00e4v\u00e4 rakenne:<\/b> Vankka rakenne takaa pitk\u00e4n k\u00e4ytt\u00f6i\u00e4n. T\u00e4m\u00e4 hylly pit\u00e4\u00e4 viinipullosi turvassa ja helposti saatavilla.<\/li>\n<p><\/br><\/p>\n<li><b>Kokoamisvaatimukset:<\/b> T\u00e4m\u00e4n viinipullo hyllyn kokoamiseen tarvitaan kaksi kaveria ja ruuvimeisseli, mutta kokoaminen on helppoa. Kokoamisen j\u00e4lkeen hylly pysyy tukevana ja turvallisena.<\/li>\n<p><\/br><\/p>\n<li><b>Sis\u00e4k\u00e4ytt\u00f6:<\/b> T\u00e4m\u00e4 hylly on suunniteltu k\u00e4ytett\u00e4v\u00e4ksi sis\u00e4tiloissa, ja se integroituu hyvin keitti\u00f6\u00f6n antaen hyv\u00e4n s\u00e4ilytysratkaisun viinillesi.<\/li>\n<p><\/br><\/ul>\n<ul>\n<li>V\u00e4ri: Luonnollinen<\/li>\n<li>Materiaali: Massiivinen m\u00e4nty<\/li>\n<li>Yleiset mitat: 58 x 28 x 90 cm (P x L x K)<\/li>\n<li>Paino: 10,37 kg<\/li>\n<li>Kest\u00e4v\u00e4<\/li>\n<li>Enimm\u00e4ispaino: 60 kg<\/li>\n<li>Vain sis\u00e4k\u00e4ytt\u00f6\u00f6n<\/li>\n<li>Toimitus-:<\/li>\n<li>1 x Viin Rack<\/li>\n<li>Kokoonpano vaaditaan: Kyll\u00e4<\/li>\n<\/ul>\n","protected":false},"excerpt":{"rendered":"<ul>\n<li>V\u00e4ri: Luonnollinen<\/li>\n<li>Materiaali: Massiivinen m\u00e4nty<\/li>\n<li>Yleiset mitat: 58 x 28 x 90 cm (P x L x K)<\/li>\n<li>Paino: 10,37 kg<\/li>\n<li>Kest\u00e4v\u00e4<\/li>\n<li>Enimm\u00e4ispaino: 60 kg<\/li>\n<li>Vain sis\u00e4k\u00e4ytt\u00f6\u00f6n<\/li>\n<li>Toimitus-:<\/li>\n<li>1 x Viin Rack<\/li>\n<li>Kokoonpano vaaditaan: Kyll\u00e4<\/li>\n<\/ul>\n","protected":false},"featured_media":100000148216,"comment_status":"closed","ping_status":"closed","template":"","meta":[],"product_brand":[],"product_cat":[84,8662],"product_tag":[],"class_list":{"0":"post-148216","1":"product","2":"type-product","3":"status-publish","4":"has-post-thumbnail","6":"product_cat-huonekalut","7":"product_cat-viinitelineet","9":"first","10":"instock","11":"taxable","12":"shipping-taxable","13":"purchasable","14":"product-type-simple"},"_links":{"self":[{"href":"https:\/\/www.otiumhome.fi\/index.php\/wp-json\/wp\/v2\/product\/148216","targetHints":{"allow":["GET"]}}],"collection":[{"href":"https:\/\/www.otiumhome.fi\/index.php\/wp-json\/wp\/v2\/product"}],"about":[{"href":"https:\/\/www.otiumhome.fi\/index.php\/wp-json\/wp\/v2\/types\/product"}],"replies":[{"embeddable":true,"href":"https:\/\/www.otiumhome.fi\/index.php\/wp-json\/wp\/v2\/comments?post=148216"}],"wp:featuredmedia":[{"embeddable":true,"href":"https:\/\/www.otiumhome.fi\/index.php\/wp-json\/"}],"wp:attachment":[{"href":"https:\/\/www.otiumhome.fi\/index.php\/wp-json\/wp\/v2\/media?parent=148216"}],"wp:term":[{"taxonomy":"product_brand","embeddable":true,"href":"https:\/\/www.otiumhome.fi\/index.php\/wp-json\/wp\/v2\/product_brand?post=148216"},{"taxonomy":"product_cat","embeddable":true,"href":"https:\/\/www.otiumhome.fi\/index.php\/wp-json\/wp\/v2\/product_cat?post=148216"},{"taxonomy":"product_tag","embeddable":true,"href":"https:\/\/www.otiumhome.fi\/index.php\/wp-json\/wp\/v2\/product_tag?post=148216"}],"curies":[{"name":"wp","href":"https:\/\/api.w.org\/{rel}","templated":true}]}}