{"id":148133,"date":"2025-05-17T22:56:52","date_gmt":"2025-05-17T22:56:52","guid":{"rendered":"https:\/\/www.otiumhome.fi\/?p=148133"},"modified":"2025-06-06T18:27:33","modified_gmt":"2025-06-06T18:27:33","slug":"sangynrunko-ei-patja-pinottava-vaha-ruskea-massiivipuu","status":"publish","type":"product","link":"https:\/\/www.otiumhome.fi\/index.php\/tuote\/sangynrunko-ei-patja-pinottava-vaha-ruskea-massiivipuu\/","title":{"rendered":"S\u00e4ngynrunko Ei Patja Pinottava Vaha Ruskea Massiivipuu"},"content":{"rendered":"<p>T\u00e4m\u00e4 puinen pinottava s\u00e4ngynrunko on k\u00e4yt\u00e4nn\u00f6llinen ja tilaa s\u00e4\u00e4st\u00e4v\u00e4 ratkaisu jokaiseen kotiin.<\/p>\n<\/p>\n<ul>\n<li>Vakaa ja pitk\u00e4kestoinen runko: T\u00e4ysi m\u00e4nty tunnetaan lujuudestaan ja kest\u00e4vyydest\u00e4\u00e4n. Sen suorat puunsyyt ja erottuvat oksanpaikat lis\u00e4\u00e4v\u00e4t sen rustiikkista charmia.<\/li>\n<li>Jousia ei tarvita: S\u00e4ngyn rungossa on s\u00e4lepohja, joka tarjoaa erinomaisen tuen ja hengitt\u00e4vyyden patjallesi, mik\u00e4 eliminoi laatikkojousen tarpeen.<\/li>\n<li>Pinottava ja monipuolinen: T\u00e4ss\u00e4 s\u00e4ngynrungossa on tilaa s\u00e4\u00e4st\u00e4v\u00e4 pinottava muotoilu, jonka avulla voit ostaa kaksi s\u00e4nky\u00e4 ilman lis\u00e4tilaa. K\u00e4yt\u00e4 sit\u00e4 yhden hengen s\u00e4nkyn\u00e4 pinoamalla kaksi kehyst\u00e4 tai purkamalla ne ja luo parivuode, kun tarvitset ylim\u00e4\u00e4r\u00e4ist\u00e4 nukkumatilaa vieraille!<\/li>\n<li>Kompakti ja tilaa s\u00e4\u00e4st\u00e4v\u00e4: Kompaktin muotoilunsa ansiosta s\u00e4ngyn runko sopii erinomaisesti ahtaisiin tiloihin tai mataliin kattoihin, jolloin voit maksimoida k\u00e4ytett\u00e4viss\u00e4 olevan alueen tyylist\u00e4 tai mukavuudesta tinkim\u00e4tt\u00e4.<\/li>\n<\/ul>\n<p>Hyv\u00e4 tiet\u00e4\u00e4:<\/p>\n<ul>\n<li>Parantaaksesi vakautta pinotaessasi kahta s\u00e4nky\u00e4, aseta patja yl\u00e4- ja alas\u00e4ngyn v\u00e4liin. T\u00e4m\u00e4 auttaa jakamaan painon tasaisesti ja lis\u00e4\u00e4 tukea.<\/li>\n<\/ul>\n<ul>\n<li>V\u00e4ri: Vahanruskea<\/li>\n<li>S\u00e4ngynrungon materiaali: T\u00e4ysi m\u00e4nty<\/li>\n<li>S\u00e4lemateriaali: Vaneri<\/li>\n<li>Mitat: 203,5 x 103,5 x 28 cm (P x L x K)<\/li>\n<li>Sopiva patjan koko: 100 x 200 cm (L x P) (patja ei mukana)<\/li>\n<li>Sopivan patjan paksuus: 15-20 cm<\/li>\n<li>Max. kantavuus: 100 kg<\/li>\n<li>Pinottava muotoilu<\/li>\n<li>Asennus vaaditaan: Kyll\u00e4<\/li>\n<\/ul>\n","protected":false},"excerpt":{"rendered":"<ul>\n<li>V\u00e4ri: Vahanruskea<\/li>\n<li>S\u00e4ngynrungon materiaali: T\u00e4ysi m\u00e4nty<\/li>\n<li>S\u00e4lemateriaali: Vaneri<\/li>\n<li>Mitat: 203,5 x 103,5 x 28 cm (P x L x K)<\/li>\n<li>Sopiva patjan koko: 100 x 200 cm (L x P) (patja ei mukana)<\/li>\n<li>Sopivan patjan paksuus: 15-20 cm<\/li>\n<li>Max. kantavuus: 100 kg<\/li>\n<li>Pinottava muotoilu<\/li>\n<li>Asennus vaaditaan: Kyll\u00e4<\/li>\n<\/ul>\n","protected":false},"featured_media":100000148133,"comment_status":"closed","ping_status":"closed","template":"","meta":[],"product_brand":[],"product_cat":[84,8638],"product_tag":[],"class_list":{"0":"post-148133","1":"product","2":"type-product","3":"status-publish","4":"has-post-thumbnail","6":"product_cat-huonekalut","7":"product_cat-sangyt-sangynrungot","9":"first","10":"instock","11":"taxable","12":"shipping-taxable","13":"purchasable","14":"product-type-simple"},"_links":{"self":[{"href":"https:\/\/www.otiumhome.fi\/index.php\/wp-json\/wp\/v2\/product\/148133","targetHints":{"allow":["GET"]}}],"collection":[{"href":"https:\/\/www.otiumhome.fi\/index.php\/wp-json\/wp\/v2\/product"}],"about":[{"href":"https:\/\/www.otiumhome.fi\/index.php\/wp-json\/wp\/v2\/types\/product"}],"replies":[{"embeddable":true,"href":"https:\/\/www.otiumhome.fi\/index.php\/wp-json\/wp\/v2\/comments?post=148133"}],"wp:featuredmedia":[{"embeddable":true,"href":"https:\/\/www.otiumhome.fi\/index.php\/wp-json\/"}],"wp:attachment":[{"href":"https:\/\/www.otiumhome.fi\/index.php\/wp-json\/wp\/v2\/media?parent=148133"}],"wp:term":[{"taxonomy":"product_brand","embeddable":true,"href":"https:\/\/www.otiumhome.fi\/index.php\/wp-json\/wp\/v2\/product_brand?post=148133"},{"taxonomy":"product_cat","embeddable":true,"href":"https:\/\/www.otiumhome.fi\/index.php\/wp-json\/wp\/v2\/product_cat?post=148133"},{"taxonomy":"product_tag","embeddable":true,"href":"https:\/\/www.otiumhome.fi\/index.php\/wp-json\/wp\/v2\/product_tag?post=148133"}],"curies":[{"name":"wp","href":"https:\/\/api.w.org\/{rel}","templated":true}]}}