{"id":147855,"date":"2025-05-17T18:56:46","date_gmt":"2025-05-17T18:56:46","guid":{"rendered":"https:\/\/www.otiumhome.fi\/?p=147855"},"modified":"2025-06-06T16:28:07","modified_gmt":"2025-06-06T16:28:07","slug":"poytalevy-pyorea-o40x4-cm-taysi-akasiapuu","status":"publish","type":"product","link":"https:\/\/www.otiumhome.fi\/index.php\/tuote\/poytalevy-pyorea-o40x4-cm-taysi-akasiapuu\/","title":{"rendered":"P\u00f6yt\u00e4levy py\u00f6re\u00e4 \u00d840&#215;4 cm t\u00e4ysi akasiapuu"},"content":{"rendered":"<p>K\u00e4yt\u00e4 t\u00e4t\u00e4 puista p\u00f6yt\u00e4levy\u00e4 p\u00f6yt\u00e4si ehostamiseksi. Se on erinomainen ratkaisu p\u00f6yt\u00e4levyjen vaihtoon kotona tai yrityksiss\u00e4.<\/p>\n<ul>\n<li>Pitk\u00e4kestoinen materiaali: T\u00e4ysi akasiapuu on kaunis luonnonmateriaali. Akasiapuu on tihe\u00e4syinen, tukeva ja kest\u00e4v\u00e4 trooppinen lehtipuu.<\/li>\n<li>Useita k\u00e4ytt\u00f6kohteita: Valitsemastasi koosta riippuen t\u00e4t\u00e4 p\u00f6yt\u00e4levy\u00e4 voidaan k\u00e4ytt\u00e4\u00e4 ruoka-, bistro-, ja sivup\u00f6yd\u00e4ss\u00e4, sek\u00e4 baari- tai sohvap\u00f6yd\u00e4ss\u00e4.<\/li>\n<li>Helppo huoltaa: Sile\u00e4n pinnan ansiosta p\u00f6yt\u00e4levy on helppo puhdistaa kostealla liinalla ja se tarvitsee vain v\u00e4h\u00e4ist\u00e4 huoltoa.<\/li>\n<li>K\u00e4sittelem\u00e4t\u00f6n pinta: T\u00e4m\u00e4 p\u00f6yt\u00e4levy on valmistettu k\u00e4sittelem\u00e4tt\u00f6m\u00e4st\u00e4 akasiapuusta, joten voit s\u00e4ilytt\u00e4\u00e4 sen luonnollisen v\u00e4rin tai muokata sit\u00e4 maalilla tai lakalla mielesi mukaan.<\/li>\n<li>Py\u00f6re\u00e4 muoto: P\u00f6yt\u00e4levyn py\u00f6ristetty muoto v\u00e4hent\u00e4\u00e4 loukkaantumisriski\u00e4 ja varmistaa lapsesi ja perheesi turvallisuuden.<\/li>\n<\/ul>\n<ul>\n<li>Materiaali: T\u00e4ysi akasiapuu (k\u00e4sittelem\u00e4t\u00f6n)<\/li>\n<li>Mitat: 40 x 4 cm (Halk. x Paks.)<\/li>\n<li>Muoto: Py\u00f6re\u00e4<\/li>\n<li>Toimitus sis\u00e4lt\u00e4\u00e4 vain p\u00f6yt\u00e4levyn<\/li>\n<\/ul>\n","protected":false},"excerpt":{"rendered":"<ul>\n<li>Materiaali: T\u00e4ysi akasiapuu (k\u00e4sittelem\u00e4t\u00f6n)<\/li>\n<li>Mitat: 40 x 4 cm (Halk. x Paks.)<\/li>\n<li>Muoto: Py\u00f6re\u00e4<\/li>\n<li>Toimitus sis\u00e4lt\u00e4\u00e4 vain p\u00f6yt\u00e4levyn<\/li>\n<\/ul>\n","protected":false},"featured_media":100000147855,"comment_status":"closed","ping_status":"closed","template":"","meta":[],"product_brand":[],"product_cat":[84,8578],"product_tag":[],"class_list":{"0":"post-147855","1":"product","2":"type-product","3":"status-publish","4":"has-post-thumbnail","6":"product_cat-huonekalut","7":"product_cat-poytalevyt","9":"first","10":"instock","11":"taxable","12":"shipping-taxable","13":"purchasable","14":"product-type-simple"},"_links":{"self":[{"href":"https:\/\/www.otiumhome.fi\/index.php\/wp-json\/wp\/v2\/product\/147855","targetHints":{"allow":["GET"]}}],"collection":[{"href":"https:\/\/www.otiumhome.fi\/index.php\/wp-json\/wp\/v2\/product"}],"about":[{"href":"https:\/\/www.otiumhome.fi\/index.php\/wp-json\/wp\/v2\/types\/product"}],"replies":[{"embeddable":true,"href":"https:\/\/www.otiumhome.fi\/index.php\/wp-json\/wp\/v2\/comments?post=147855"}],"wp:featuredmedia":[{"embeddable":true,"href":"https:\/\/www.otiumhome.fi\/index.php\/wp-json\/"}],"wp:attachment":[{"href":"https:\/\/www.otiumhome.fi\/index.php\/wp-json\/wp\/v2\/media?parent=147855"}],"wp:term":[{"taxonomy":"product_brand","embeddable":true,"href":"https:\/\/www.otiumhome.fi\/index.php\/wp-json\/wp\/v2\/product_brand?post=147855"},{"taxonomy":"product_cat","embeddable":true,"href":"https:\/\/www.otiumhome.fi\/index.php\/wp-json\/wp\/v2\/product_cat?post=147855"},{"taxonomy":"product_tag","embeddable":true,"href":"https:\/\/www.otiumhome.fi\/index.php\/wp-json\/wp\/v2\/product_tag?post=147855"}],"curies":[{"name":"wp","href":"https:\/\/api.w.org\/{rel}","templated":true}]}}