{"id":147459,"date":"2025-05-12T14:36:51","date_gmt":"2025-05-12T14:36:51","guid":{"rendered":"https:\/\/www.otiumhome.fi\/?p=147459"},"modified":"2025-06-06T16:54:48","modified_gmt":"2025-06-06T16:54:48","slug":"seinakaappi-artesaani-tammi-180x185x1025-cm-tekninen-puu","status":"publish","type":"product","link":"https:\/\/www.otiumhome.fi\/index.php\/tuote\/seinakaappi-artesaani-tammi-180x185x1025-cm-tekninen-puu\/","title":{"rendered":"Sein\u00e4kaappi artesaani tammi 180&#215;18,5&#215;102,5 cm tekninen puu"},"content":{"rendered":"<p>T\u00e4m\u00e4 s\u00e4ngynp\u00e4\u00e4tykaappi on suunniteltu sopimaan makuuhuoneesi upeasti.<\/p>\n<\/p>\n<ul>\n<li> Vakaa ja kest\u00e4v\u00e4 materiaali: Tekninen puu on kest\u00e4v\u00e4 ja vakaa materiaali, jonka sile\u00e4 pinta kest\u00e4\u00e4 kosteutta, v\u00e4\u00e4ntymist\u00e4 ja halkeilua, joten se on luotettava valinta erilaisiin projekteihin. <\/li>\n<li> Lis\u00e4\u00e4 s\u00e4ilytystilaa: T\u00e4ss\u00e4 sein\u00e4kiinnitett\u00e4v\u00e4ss\u00e4 s\u00e4ngyn p\u00e4\u00e4tylevyn p\u00e4\u00e4ll\u00e4 on kolme osastoa, jotka helpottavat tavaroiden j\u00e4rjestyksess\u00e4 pit\u00e4mist\u00e4. <\/li>\n<li> Laaja k\u00e4ytt\u00f6: T\u00e4m\u00e4 kirjahylly s\u00e4ngynp\u00e4\u00e4ty sopii laajaan valikoimaan sisustustyylej\u00e4. <\/li>\n<li> Helppo huoltaa: Sile\u00e4n pinnan ansiosta makuuhuoneen s\u00e4ngyn p\u00e4\u00e4tylevy on helppo puhdistaa kostealla liinalla ja se tarvitsee vain v\u00e4h\u00e4ist\u00e4 huoltoa. <\/li>\n<\/ul>\n<p>Varoitus:<\/p>\n<ul>\n<li>Kaatumisen est\u00e4miseksi t\u00e4t\u00e4 tuotetta on k\u00e4ytett\u00e4v\u00e4 mukana toimitetun sein\u00e4kiinnityslaitteen kanssa.<\/li>\n<\/ul>\n<ul>\n<li>V\u00e4ri: Artesaani tammi<\/li>\n<li>Materiaali: Tekninen puu<\/li>\n<li>Mitat: 180 x 18,5 x 102,5 cm (L x S x K)<\/li>\n<li>Asennus vaaditaan: Kyll\u00e4<\/li>\n<li>Legal Documents:\n<p><span>Lis\u00e4tietoja huonekalujesi kaatumisen est\u00e4misest\u00e4 voit l\u00f6yt\u00e4\u00e4 <span style=\"text-decoration: underline\"><strong><a title=\"https:\/\/bit.ly\/3bVwkQp\" href=\"https:\/\/bit.ly\/3bVwkQp\" target=\"_blank\">t\u00e4\u00e4lt\u00e4<\/a><\/strong><\/span><\/span><\/p>\n<\/li>\n<\/ul>\n","protected":false},"excerpt":{"rendered":"<ul>\n<li>V\u00e4ri: Artesaani tammi<\/li>\n<li>Materiaali: Tekninen puu<\/li>\n<li>Mitat: 180 x 18,5 x 102,5 cm (L x S x K)<\/li>\n<li>Asennus vaaditaan: Kyll\u00e4<\/li>\n<li>Legal Documents:\n<p><span>Lis\u00e4tietoja huonekalujesi kaatumisen est\u00e4misest\u00e4 voit l\u00f6yt\u00e4\u00e4 <span style=\"text-decoration: underline\"><strong><a title=\"https:\/\/bit.ly\/3bVwkQp\" href=\"https:\/\/bit.ly\/3bVwkQp\" target=\"_blank\">t\u00e4\u00e4lt\u00e4<\/a><\/strong><\/span><\/span><\/p>\n<\/li>\n<\/ul>\n","protected":false},"featured_media":100000147459,"comment_status":"closed","ping_status":"closed","template":"","meta":[],"product_brand":[],"product_cat":[84,8636],"product_tag":[],"class_list":{"0":"post-147459","1":"product","2":"type-product","3":"status-publish","4":"has-post-thumbnail","6":"product_cat-huonekalut","7":"product_cat-sangynpaadyt","9":"first","10":"instock","11":"taxable","12":"shipping-taxable","13":"purchasable","14":"product-type-simple"},"_links":{"self":[{"href":"https:\/\/www.otiumhome.fi\/index.php\/wp-json\/wp\/v2\/product\/147459","targetHints":{"allow":["GET"]}}],"collection":[{"href":"https:\/\/www.otiumhome.fi\/index.php\/wp-json\/wp\/v2\/product"}],"about":[{"href":"https:\/\/www.otiumhome.fi\/index.php\/wp-json\/wp\/v2\/types\/product"}],"replies":[{"embeddable":true,"href":"https:\/\/www.otiumhome.fi\/index.php\/wp-json\/wp\/v2\/comments?post=147459"}],"wp:featuredmedia":[{"embeddable":true,"href":"https:\/\/www.otiumhome.fi\/index.php\/wp-json\/"}],"wp:attachment":[{"href":"https:\/\/www.otiumhome.fi\/index.php\/wp-json\/wp\/v2\/media?parent=147459"}],"wp:term":[{"taxonomy":"product_brand","embeddable":true,"href":"https:\/\/www.otiumhome.fi\/index.php\/wp-json\/wp\/v2\/product_brand?post=147459"},{"taxonomy":"product_cat","embeddable":true,"href":"https:\/\/www.otiumhome.fi\/index.php\/wp-json\/wp\/v2\/product_cat?post=147459"},{"taxonomy":"product_tag","embeddable":true,"href":"https:\/\/www.otiumhome.fi\/index.php\/wp-json\/wp\/v2\/product_tag?post=147459"}],"curies":[{"name":"wp","href":"https:\/\/api.w.org\/{rel}","templated":true}]}}