{"id":147446,"date":"2025-05-12T14:11:35","date_gmt":"2025-05-12T14:11:35","guid":{"rendered":"https:\/\/www.otiumhome.fi\/?p=147446"},"modified":"2025-06-06T16:32:47","modified_gmt":"2025-06-06T16:32:47","slug":"seinahylly-valkoinen-1045x10x43-cm-lastulevy","status":"publish","type":"product","link":"https:\/\/www.otiumhome.fi\/index.php\/tuote\/seinahylly-valkoinen-1045x10x43-cm-lastulevy\/","title":{"rendered":"Sein\u00e4hylly valkoinen 104,5x10x43 cm lastulevy"},"content":{"rendered":"<p>T\u00e4m\u00e4 sein\u00e4kirjahylly on mahtava apu kodin sotkujen j\u00e4rjest\u00e4miseen. Samalla se on ajaton lis\u00e4 kotisi sisustukseen.<\/p>\n<\/p>\n<ul>\n<li>Kest\u00e4v\u00e4 ja tukeva materiaali: Tekninen puu on poikkeuksellisen laadukasta ja sile\u00e4pintaista. Se on my\u00f6s luja, vakaa ja kosteudelle vastustuskykyinen.<\/li>\n<li>Runsaasti s\u00e4ilytystilaa: Kirjatelineess\u00e4 on avohyllyt, jotka tarjoavat runsaasti tilaa kirjojen, lehtien ja koriste-esineiden esille laittoon ja s\u00e4ilytykseen. Samalla se kohentaa asuintilojasi.<\/li>\n<li>Tilaa s\u00e4\u00e4st\u00e4v\u00e4 muotoilu: S\u00e4ilytysteline voidaan kiinnitt\u00e4\u00e4 sein\u00e4lle s\u00e4ilytystilan lis\u00e4\u00e4miseksi. T\u00e4ll\u00e4 tavoin voit maksimoida lattiatilasi ja pit\u00e4\u00e4 alueen siistin\u00e4.<\/li>\n<li>Laajat k\u00e4ytt\u00f6tarkoitukset: Esittelyhylly sopii helposti mihin tahansa huoneeseen. Voit sijoittaa sen olohuoneeseen koristeiden esittelyyn, ty\u00f6huoneeseen kirjojen ja asiakirjojen s\u00e4ilytykseen, makuuhuoneeseen jokap\u00e4iv\u00e4isten tavaroiden s\u00e4ilytt\u00e4mist\u00e4 varten ja kellariin pullojen ja purnukoiden s\u00e4ilytt\u00e4miseen.<\/li>\n<\/ul>\n<p>Hyv\u00e4 tiet\u00e4\u00e4:<\/p>\n<ul>\n<li>Sein\u00e4\u00e4n kiinnitett\u00e4v\u00e4t ruuvit ja tulpat eiv\u00e4t sis\u00e4lly toimitukseen. Suosittelemme etsim\u00e4\u00e4n ja k\u00e4ytt\u00e4m\u00e4\u00e4n sein\u00e4\u00e4si sopivia ruuveja ja tulppia. Jos olet ep\u00e4varma, kysy ammattilaisen neuvoa. Lue ja noudata ohjeiden jokaista vaihetta.<\/li>\n<\/ul>\n<ul>\n<li>V\u00e4ri: Valkoinen<\/li>\n<li>Materiaali: Tekninen puu<\/li>\n<li>Mitat: 104,5 x 10 x 43 cm (L x S x K)<\/li>\n<li>Maksimikantavuus: 30 kg<\/li>\n<li>Asennus vaaditaan: Kyll\u00e4<\/li>\n<\/ul>\n","protected":false},"excerpt":{"rendered":"<ul>\n<li>V\u00e4ri: Valkoinen<\/li>\n<li>Materiaali: Tekninen puu<\/li>\n<li>Mitat: 104,5 x 10 x 43 cm (L x S x K)<\/li>\n<li>Maksimikantavuus: 30 kg<\/li>\n<li>Asennus vaaditaan: Kyll\u00e4<\/li>\n<\/ul>\n","protected":false},"featured_media":100000147446,"comment_status":"closed","ping_status":"closed","template":"","meta":[],"product_brand":[],"product_cat":[84,8634],"product_tag":[],"class_list":{"0":"post-147446","1":"product","2":"type-product","3":"status-publish","4":"has-post-thumbnail","6":"product_cat-huonekalut","7":"product_cat-seinahyllyt","9":"first","10":"instock","11":"taxable","12":"shipping-taxable","13":"purchasable","14":"product-type-simple"},"_links":{"self":[{"href":"https:\/\/www.otiumhome.fi\/index.php\/wp-json\/wp\/v2\/product\/147446","targetHints":{"allow":["GET"]}}],"collection":[{"href":"https:\/\/www.otiumhome.fi\/index.php\/wp-json\/wp\/v2\/product"}],"about":[{"href":"https:\/\/www.otiumhome.fi\/index.php\/wp-json\/wp\/v2\/types\/product"}],"replies":[{"embeddable":true,"href":"https:\/\/www.otiumhome.fi\/index.php\/wp-json\/wp\/v2\/comments?post=147446"}],"wp:featuredmedia":[{"embeddable":true,"href":"https:\/\/www.otiumhome.fi\/index.php\/wp-json\/"}],"wp:attachment":[{"href":"https:\/\/www.otiumhome.fi\/index.php\/wp-json\/wp\/v2\/media?parent=147446"}],"wp:term":[{"taxonomy":"product_brand","embeddable":true,"href":"https:\/\/www.otiumhome.fi\/index.php\/wp-json\/wp\/v2\/product_brand?post=147446"},{"taxonomy":"product_cat","embeddable":true,"href":"https:\/\/www.otiumhome.fi\/index.php\/wp-json\/wp\/v2\/product_cat?post=147446"},{"taxonomy":"product_tag","embeddable":true,"href":"https:\/\/www.otiumhome.fi\/index.php\/wp-json\/wp\/v2\/product_tag?post=147446"}],"curies":[{"name":"wp","href":"https:\/\/api.w.org\/{rel}","templated":true}]}}