{"id":146513,"date":"2025-05-03T19:21:38","date_gmt":"2025-05-03T19:21:38","guid":{"rendered":"https:\/\/www.otiumhome.fi\/?p=146513"},"modified":"2025-06-06T17:15:16","modified_gmt":"2025-06-06T17:15:16","slug":"sangynrunko-musta-140x200-cm-tekninen-puu","status":"publish","type":"product","link":"https:\/\/www.otiumhome.fi\/index.php\/tuote\/sangynrunko-musta-140x200-cm-tekninen-puu\/","title":{"rendered":"S\u00e4ngynrunko musta 140&#215;200 cm tekninen puu"},"content":{"rendered":"<p>Saat paremmat rauhalliset y\u00f6unet t\u00e4m\u00e4n s\u00e4ngynrungon ansiosta! Se on tervetullut lis\u00e4 mihin tahansa makuuhuoneeseen.<\/p>\n<\/p>\n<ul>\n<li>Kest\u00e4v\u00e4 materiaali: S\u00e4ngynrunko on valmistettu teknisest\u00e4 puusta. Tekninen puu on poikkeuksellisen laadukasta ja sile\u00e4pintaista. Se on my\u00f6s luja, vakaa ja kosteudelle vastustuskykyinen.<\/li>\n<li>S\u00e4leet optimaaliseen tukeen: S\u00e4ngynrungossa on s\u00e4leet, jotka tarjoavat t\u00e4rke\u00e4n tuen ja hengitt\u00e4vyyden patjallesi.<\/li>\n<li>S\u00e4ilytystoiminto: T\u00e4ss\u00e4 s\u00e4ngynrungossa on avolokeroita, joissa voit pit\u00e4\u00e4 lehdet, kirjat, lelut ja muut pienesineet hyv\u00e4ss\u00e4 j\u00e4rjestyksess\u00e4.<\/li>\n<\/ul>\n<p>Hyv\u00e4 tiet\u00e4\u00e4:<\/p>\n<ul>\n<li>Patja ei sis\u00e4lly t\u00e4h\u00e4n s\u00e4nkyyn. Tarjoamme monipuolisen valikoiman patjoja, jotka l\u00f6yd\u00e4t tarkistamalla myym\u00e4l\u00e4mme valikoiman.<\/li>\n<\/ul>\n<ul>\n<li>V\u00e4ri: Musta<\/li>\n<li>S\u00e4ngynrungon materiaali: Tekninen puu<\/li>\n<li>S\u00e4lemateriaali: Vaneri<\/li>\n<li>Kokonaismitat: 200 x 140 x 20 cm (P x L x K)<\/li>\n<li>Lokeron mitat (kukin): 34,5\/26 x 18,5 x 17 cm (P x L x K)<\/li>\n<li>Sopiva patjan koko: 140 x 200 cm (L x P) (patja ei mukana)<\/li>\n<li>Asennus vaaditaan: Kyll\u00e4<\/li>\n<\/ul>\n","protected":false},"excerpt":{"rendered":"<ul>\n<li>V\u00e4ri: Musta<\/li>\n<li>S\u00e4ngynrungon materiaali: Tekninen puu<\/li>\n<li>S\u00e4lemateriaali: Vaneri<\/li>\n<li>Kokonaismitat: 200 x 140 x 20 cm (P x L x K)<\/li>\n<li>Lokeron mitat (kukin): 34,5\/26 x 18,5 x 17 cm (P x L x K)<\/li>\n<li>Sopiva patjan koko: 140 x 200 cm (L x P) (patja ei mukana)<\/li>\n<li>Asennus vaaditaan: Kyll\u00e4<\/li>\n<\/ul>\n","protected":false},"featured_media":100000146513,"comment_status":"closed","ping_status":"closed","template":"","meta":[],"product_brand":[],"product_cat":[84,8638],"product_tag":[],"class_list":{"0":"post-146513","1":"product","2":"type-product","3":"status-publish","4":"has-post-thumbnail","6":"product_cat-huonekalut","7":"product_cat-sangyt-sangynrungot","9":"first","10":"instock","11":"taxable","12":"shipping-taxable","13":"purchasable","14":"product-type-simple"},"_links":{"self":[{"href":"https:\/\/www.otiumhome.fi\/index.php\/wp-json\/wp\/v2\/product\/146513","targetHints":{"allow":["GET"]}}],"collection":[{"href":"https:\/\/www.otiumhome.fi\/index.php\/wp-json\/wp\/v2\/product"}],"about":[{"href":"https:\/\/www.otiumhome.fi\/index.php\/wp-json\/wp\/v2\/types\/product"}],"replies":[{"embeddable":true,"href":"https:\/\/www.otiumhome.fi\/index.php\/wp-json\/wp\/v2\/comments?post=146513"}],"wp:featuredmedia":[{"embeddable":true,"href":"https:\/\/www.otiumhome.fi\/index.php\/wp-json\/"}],"wp:attachment":[{"href":"https:\/\/www.otiumhome.fi\/index.php\/wp-json\/wp\/v2\/media?parent=146513"}],"wp:term":[{"taxonomy":"product_brand","embeddable":true,"href":"https:\/\/www.otiumhome.fi\/index.php\/wp-json\/wp\/v2\/product_brand?post=146513"},{"taxonomy":"product_cat","embeddable":true,"href":"https:\/\/www.otiumhome.fi\/index.php\/wp-json\/wp\/v2\/product_cat?post=146513"},{"taxonomy":"product_tag","embeddable":true,"href":"https:\/\/www.otiumhome.fi\/index.php\/wp-json\/wp\/v2\/product_tag?post=146513"}],"curies":[{"name":"wp","href":"https:\/\/api.w.org\/{rel}","templated":true}]}}