{"id":146471,"date":"2025-05-03T09:17:21","date_gmt":"2025-05-03T09:17:21","guid":{"rendered":"https:\/\/www.otiumhome.fi\/?p=146471"},"modified":"2025-06-06T16:32:25","modified_gmt":"2025-06-06T16:32:25","slug":"seinahyllyt-2-kpl-sonoma-tammi-80x115x18-cm-lastulevy","status":"publish","type":"product","link":"https:\/\/www.otiumhome.fi\/index.php\/tuote\/seinahyllyt-2-kpl-sonoma-tammi-80x115x18-cm-lastulevy\/","title":{"rendered":"Sein\u00e4hyllyt 2 kpl Sonoma-tammi 80&#215;11,5&#215;18 cm lastulevy"},"content":{"rendered":"<p>Sulavalinjaisista ja moderneista sein\u00e4hyllyist\u00e4 tulee taatusti olohuoneesi keskipiste.<\/p>\n<\/p>\n<p>Tyylikk\u00e4\u00e4t ja k\u00e4yt\u00e4nn\u00f6lliset sein\u00e4hyllyt toimivat t\u00e4ydellisen\u00e4 paikkana s\u00e4ilytt\u00e4\u00e4 kirjasi, DVD-levysi, ker\u00e4ilyesineesi, koristeesi, jne. N\u00e4iden sein\u00e4kiinnitett\u00e4vien hyllyjen rakenne on tukeva ja vakaa, joten ne kest\u00e4v\u00e4t vuosien k\u00e4yt\u00f6n. Hienostuneen muodikkaat sein\u00e4hyllyt ovat taatusti kaunis lis\u00e4 kotisi sisustukseen.<\/p>\n<ul>\n<li>V\u00e4ri: Sonoma-tammi<\/li>\n<li>Materiaali: lastulevy<\/li>\n<li>Mitat: 80 x 11,5 x 18 cm (L x S x K)<\/li>\n<li>Asennus vaaditaan: kyll\u00e4<\/li>\n<li><strong>Toimitus sis\u00e4lt\u00e4\u00e4:<\/strong><\/li>\n<li>2 x sein\u00e4hylly<\/li>\n<\/ul>\n","protected":false},"excerpt":{"rendered":"<ul>\n<li>V\u00e4ri: Sonoma-tammi<\/li>\n<li>Materiaali: lastulevy<\/li>\n<li>Mitat: 80 x 11,5 x 18 cm (L x S x K)<\/li>\n<li>Asennus vaaditaan: kyll\u00e4<\/li>\n<li><strong>Toimitus sis\u00e4lt\u00e4\u00e4:<\/strong><\/li>\n<li>2 x sein\u00e4hylly<\/li>\n<\/ul>\n","protected":false},"featured_media":100000146471,"comment_status":"closed","ping_status":"closed","template":"","meta":[],"product_brand":[],"product_cat":[84,8634],"product_tag":[],"class_list":{"0":"post-146471","1":"product","2":"type-product","3":"status-publish","4":"has-post-thumbnail","6":"product_cat-huonekalut","7":"product_cat-seinahyllyt","9":"first","10":"instock","11":"taxable","12":"shipping-taxable","13":"purchasable","14":"product-type-simple"},"_links":{"self":[{"href":"https:\/\/www.otiumhome.fi\/index.php\/wp-json\/wp\/v2\/product\/146471","targetHints":{"allow":["GET"]}}],"collection":[{"href":"https:\/\/www.otiumhome.fi\/index.php\/wp-json\/wp\/v2\/product"}],"about":[{"href":"https:\/\/www.otiumhome.fi\/index.php\/wp-json\/wp\/v2\/types\/product"}],"replies":[{"embeddable":true,"href":"https:\/\/www.otiumhome.fi\/index.php\/wp-json\/wp\/v2\/comments?post=146471"}],"wp:featuredmedia":[{"embeddable":true,"href":"https:\/\/www.otiumhome.fi\/index.php\/wp-json\/"}],"wp:attachment":[{"href":"https:\/\/www.otiumhome.fi\/index.php\/wp-json\/wp\/v2\/media?parent=146471"}],"wp:term":[{"taxonomy":"product_brand","embeddable":true,"href":"https:\/\/www.otiumhome.fi\/index.php\/wp-json\/wp\/v2\/product_brand?post=146471"},{"taxonomy":"product_cat","embeddable":true,"href":"https:\/\/www.otiumhome.fi\/index.php\/wp-json\/wp\/v2\/product_cat?post=146471"},{"taxonomy":"product_tag","embeddable":true,"href":"https:\/\/www.otiumhome.fi\/index.php\/wp-json\/wp\/v2\/product_tag?post=146471"}],"curies":[{"name":"wp","href":"https:\/\/api.w.org\/{rel}","templated":true}]}}