{"id":146377,"date":"2025-05-02T17:11:29","date_gmt":"2025-05-02T17:11:29","guid":{"rendered":"https:\/\/www.otiumhome.fi\/?p=146377"},"modified":"2025-06-06T15:36:01","modified_gmt":"2025-06-06T15:36:01","slug":"vaatekaappi-vigo-90x55x170-cm-taysi-manty","status":"publish","type":"product","link":"https:\/\/www.otiumhome.fi\/index.php\/tuote\/vaatekaappi-vigo-90x55x170-cm-taysi-manty\/","title":{"rendered":"Vaatekaappi VIGO 90x55x170 cm t\u00e4ysi m\u00e4nty"},"content":{"rendered":"<p>T\u00e4m\u00e4 klassinen puinen vaatekaappi tarjoaa runsaasti tilaa vaatteidesi, kenkiesi ja asusteidesi siistiss\u00e4 j\u00e4rjestyksess\u00e4 pit\u00e4miseen.<\/p>\n<\/p>\n<ul>\n<li>T\u00e4ysi m\u00e4nty: T\u00e4ysi m\u00e4nty on kaunis luonnonmateriaali, jolla on suorat puunsyyt. Sen oksanpaikat antavat materiaalille sen ominaisen rustiikkisen ilmeen. T\u00e4ydest\u00e4 m\u00e4nnyst\u00e4 valmistettu s\u00e4ilytyskaappi on kest\u00e4v\u00e4 ja tukeva.<\/li>\n<li>Runsaasti s\u00e4ilytystilaa: Kaapissa on kisko vaatteiden ripustamista varten ja kaksi laatikkoa lis\u00e4s\u00e4ilytystilaa varten.<\/li>\n<li>Helppo huoltaa: Vaatekaappi on helppo puhdistaa kostealla liinalla ja se tarvitsee vain v\u00e4h\u00e4ist\u00e4 huoltoa.<\/li>\n<li>Metallikahvat ja nupit: Makuuhuoneen vaatekaapissa on metalliset kahvat ja nupit, jotka tekev\u00e4t avaamisesta ja sulkemisesta helppoa lis\u00e4ten samalla kauneutta.<\/li>\n<\/ul>\n<p>Varoitus:<\/p>\n<ul>\n<li>Kaatumisen est\u00e4miseksi on t\u00e4t\u00e4 tuotetta k\u00e4ytett\u00e4v\u00e4 mukana toimitettavan sein\u00e4kiinnityslaitteen kanssa.<\/li>\n<\/ul>\n<ul>\n<li>Materiaali: Hunajanruskeaksi vahattu t\u00e4ysi m\u00e4nty, tekninen puu, metalli<\/li>\n<li>Mitat: 90 x 55 x 170 cm (L x S x K)<\/li>\n<li>Oven koko: 41 x 110 cm (L x P)<\/li>\n<li>Laatikon ulkomitat: 83 x 23 cm (P x L)<\/li>\n<li>Laatikon sis\u00e4mitat: 77 x 35 x 16 cm (L x S x K)<\/li>\n<li>Ikkunaluukkumaiset ovet<\/li>\n<li>Mallisto: VIGO<\/li>\n<li>Asennus vaaditaan: kyll\u00e4<\/li>\n<li>Legal Documents:\n<p><span>Lis\u00e4tietoja huonekalujesi kaatumisen est\u00e4misest\u00e4 voit l\u00f6yt\u00e4\u00e4 <span style=\"text-decoration: underline\"><strong><a title=\"https:\/\/bit.ly\/3bVwkQp\" href=\"https:\/\/bit.ly\/3bVwkQp\" target=\"_blank\">t\u00e4\u00e4lt\u00e4<\/a><\/strong><\/span><\/span><\/p>\n<\/li>\n<\/ul>\n","protected":false},"excerpt":{"rendered":"<ul>\n<li>Materiaali: Hunajanruskeaksi vahattu t\u00e4ysi m\u00e4nty, tekninen puu, metalli<\/li>\n<li>Mitat: 90 x 55 x 170 cm (L x S x K)<\/li>\n<li>Oven koko: 41 x 110 cm (L x P)<\/li>\n<li>Laatikon ulkomitat: 83 x 23 cm (P x L)<\/li>\n<li>Laatikon sis\u00e4mitat: 77 x 35 x 16 cm (L x S x K)<\/li>\n<li>Ikkunaluukkumaiset ovet<\/li>\n<li>Mallisto: VIGO<\/li>\n<li>Asennus vaaditaan: kyll\u00e4<\/li>\n<li>Legal Documents:\n<p><span>Lis\u00e4tietoja huonekalujesi kaatumisen est\u00e4misest\u00e4 voit l\u00f6yt\u00e4\u00e4 <span style=\"text-decoration: underline\"><strong><a title=\"https:\/\/bit.ly\/3bVwkQp\" href=\"https:\/\/bit.ly\/3bVwkQp\" target=\"_blank\">t\u00e4\u00e4lt\u00e4<\/a><\/strong><\/span><\/span><\/p>\n<\/li>\n<\/ul>\n","protected":false},"featured_media":100000146377,"comment_status":"closed","ping_status":"closed","template":"","meta":[],"product_brand":[],"product_cat":[84,8539],"product_tag":[],"class_list":{"0":"post-146377","1":"product","2":"type-product","3":"status-publish","4":"has-post-thumbnail","6":"product_cat-huonekalut","7":"product_cat-kaapit-vaatekaapit","9":"first","10":"instock","11":"taxable","12":"shipping-taxable","13":"purchasable","14":"product-type-simple"},"_links":{"self":[{"href":"https:\/\/www.otiumhome.fi\/index.php\/wp-json\/wp\/v2\/product\/146377","targetHints":{"allow":["GET"]}}],"collection":[{"href":"https:\/\/www.otiumhome.fi\/index.php\/wp-json\/wp\/v2\/product"}],"about":[{"href":"https:\/\/www.otiumhome.fi\/index.php\/wp-json\/wp\/v2\/types\/product"}],"replies":[{"embeddable":true,"href":"https:\/\/www.otiumhome.fi\/index.php\/wp-json\/wp\/v2\/comments?post=146377"}],"wp:featuredmedia":[{"embeddable":true,"href":"https:\/\/www.otiumhome.fi\/index.php\/wp-json\/"}],"wp:attachment":[{"href":"https:\/\/www.otiumhome.fi\/index.php\/wp-json\/wp\/v2\/media?parent=146377"}],"wp:term":[{"taxonomy":"product_brand","embeddable":true,"href":"https:\/\/www.otiumhome.fi\/index.php\/wp-json\/wp\/v2\/product_brand?post=146377"},{"taxonomy":"product_cat","embeddable":true,"href":"https:\/\/www.otiumhome.fi\/index.php\/wp-json\/wp\/v2\/product_cat?post=146377"},{"taxonomy":"product_tag","embeddable":true,"href":"https:\/\/www.otiumhome.fi\/index.php\/wp-json\/wp\/v2\/product_tag?post=146377"}],"curies":[{"name":"wp","href":"https:\/\/api.w.org\/{rel}","templated":true}]}}