{"id":145689,"date":"2025-04-27T12:38:24","date_gmt":"2025-04-27T12:38:24","guid":{"rendered":"https:\/\/www.otiumhome.fi\/?p=145689"},"modified":"2025-12-09T06:07:56","modified_gmt":"2025-12-09T06:07:56","slug":"konsolipoyta-drammen-tammi-895-x-37-x-73-cm-massiivinen-manty","status":"publish","type":"product","link":"https:\/\/www.otiumhome.fi\/index.php\/tuote\/konsolipoyta-drammen-tammi-895-x-37-x-73-cm-massiivinen-manty\/","title":{"rendered":"Konsolip\u00f6yt\u00e4 Drammen Tammi 89,5 x 37 x 73 cm Massiivinen m\u00e4nty"},"content":{"rendered":"<p>T\u00e4m\u00e4 suorakulmainen konsolitaso yhdist\u00e4\u00e4 yksinkertaisuuden ja modernin k\u00e4yt\u00e4nn\u00f6llisyyden. Se t\u00e4ydent\u00e4\u00e4 eri sisustustyylej\u00e4 hienovaraisella vieh\u00e4tyksell\u00e4\u00e4n, joka tuo tyyli\u00e4 olohuoneeseen. Hyvi\u00e4 k\u00e4yt\u00e4nn\u00f6llisyyksi\u00e4 silm\u00e4ll\u00e4 pit\u00e4en, p\u00f6yd\u00e4n pinta on tilava koristeita tai p\u00e4ivitt\u00e4isi\u00e4 tarvikkeita varten. Kapeat jalat ja siistit linjat tekev\u00e4t t\u00e4st\u00e4 kauniin ja kutsuvan lis\u00e4n mihin tahansa huoneeseen.<\/p>\n<ul>\n<li><b>Vankka rakenne:<\/b> T\u00e4m\u00e4 konsolitaso on valmistettu massiivisesta m\u00e4ntypuusta, mik\u00e4 tekee siit\u00e4 kest\u00e4v\u00e4n k\u00e4yt\u00f6ss\u00e4. Sen klassinen muotoilu ja siistit linjat tekev\u00e4t siit\u00e4 visuaalisesti houkuttelevan lis\u00e4n k\u00e4yt\u00e4v\u00e4\u00e4n tai olohuoneeseen. Vankka rakenne varmistaa sen pitk\u00e4aikaisen luotettavuuden, joten voit olla rauhallisin mielin sen k\u00e4yt\u00f6n suhteen.<\/li>\n<li><b>K\u00e4yt\u00e4nn\u00f6llinen muotoilu:<\/b> T\u00e4m\u00e4 p\u00f6yt\u00e4 tarjoaa runsaasti tilaa koristeille tai p\u00e4ivitt\u00e4isille tavaroille. Sen muotoilu sointuu hyvin eri huoneratkaisuihin, tarjoten toimivan ratkaisun s\u00e4ilytyksen parantamiseen ilman tyylist\u00e4 tinkimist\u00e4. Yhdistelee tyylikk\u00e4\u00e4sti modernit ja perinteiset huonekalut.<\/li>\n<li><b>Ronkan s\u00e4ilytys:<\/b> Olipa se sohvan takana tai eteisess\u00e4, p\u00f6yt\u00e4 tarjoaa runsaasti tilaa. Se sopii hyvin koriste-esineiden, kuten valokuvien ja taiteen, esittelyyn. T\u00e4m\u00e4 varastointi varmistaa, ett\u00e4 tilasi pysyy siistin\u00e4 ja t\u00e4rke\u00e4t tavarat ovat helposti saatavilla.<\/li>\n<li><b>Monipuolinen sijoittaminen:<\/b> Kompaktista, mutta tilavasta rakenteestaan johtuen t\u00e4m\u00e4 p\u00f6yt\u00e4 mahtuu pienempiinkin huoneisiin, ja se sopii mainiosti niin moderneihin kuin suurempiin koteihin. Sen joustavuus tekee siit\u00e4 monik\u00e4ytt\u00f6isen \u2013 ihanteellinen eteiskonsoliksi tai tyylikk\u00e4\u00e4ksi sivup\u00f6yd\u00e4ksi, joka t\u00e4ytt\u00e4\u00e4 erilaiset tarpeet.<\/li>\n<li><b>Helppo kokoaminen:<\/b> Kokoaminen on suunniteltu helpoksi. P\u00f6yt\u00e4 tulee yksityiskohtaisen ohjeen kanssa ja vaatii kaksi ihmist\u00e4 ruuvimeisselin kera. T\u00e4m\u00e4 selke\u00e4 prosessi tekee kokoamisesta mielekk\u00e4\u00e4n ja helpon kokemuksen, ottaen huomioon k\u00e4yt\u00e4nn\u00f6llisyyden ja tehokkuuden.<\/li>\n<\/ul>\n<ul>\n<li>V\u00e4ri: Tammi<\/li>\n<li>Materiaali: Massiivinen m\u00e4nty<\/li>\n<li>Yleiset mitat: 89,5 x 37 x 73 cm (P x L x K)<\/li>\n<li>Paino: 13,3 kg<\/li>\n<li>Kest\u00e4v\u00e4<\/li>\n<li>S\u00e4ilytystila<\/li>\n<li>2 laatikoilla<\/li>\n<li>2 hyllyill\u00e4<\/li>\n<li>Kehysmateriaali: T\u00e4ysi m\u00e4nty<\/li>\n<li>Vain sis\u00e4k\u00e4ytt\u00f6\u00f6n<\/li>\n<li>Toimitus-:<\/li>\n<li>1 x Console-P\u00f6yt\u00e4<\/li>\n<li>Kokoonpano vaaditaan: Kyll\u00e4<\/li>\n<li>Alueen nimi: Drammen<\/li>\n<\/ul>\n","protected":false},"excerpt":{"rendered":"<ul>\n<li>V\u00e4ri: Tammi<\/li>\n<li>Materiaali: Massiivinen m\u00e4nty<\/li>\n<li>Yleiset mitat: 89,5 x 37 x 73 cm (P x L x K)<\/li>\n<li>Paino: 13,3 kg<\/li>\n<li>Kest\u00e4v\u00e4<\/li>\n<li>S\u00e4ilytystila<\/li>\n<li>2 laatikoilla<\/li>\n<li>2 hyllyill\u00e4<\/li>\n<li>Kehysmateriaali: T\u00e4ysi m\u00e4nty<\/li>\n<li>Vain sis\u00e4k\u00e4ytt\u00f6\u00f6n<\/li>\n<li>Toimitus-:<\/li>\n<li>1 x Console-P\u00f6yt\u00e4<\/li>\n<li>Kokoonpano vaaditaan: Kyll\u00e4<\/li>\n<li>Alueen nimi: Drammen<\/li>\n<\/ul>\n","protected":false},"featured_media":100000145689,"comment_status":"closed","ping_status":"closed","template":"","meta":[],"product_brand":[],"product_cat":[84,8559,8533],"product_tag":[],"class_list":{"0":"post-145689","1":"product","2":"type-product","3":"status-publish","4":"has-post-thumbnail","6":"product_cat-huonekalut","7":"product_cat-konsolipoydat","8":"product_cat-sivupoydat","10":"first","11":"instock","12":"taxable","13":"shipping-taxable","14":"purchasable","15":"product-type-simple"},"_links":{"self":[{"href":"https:\/\/www.otiumhome.fi\/index.php\/wp-json\/wp\/v2\/product\/145689","targetHints":{"allow":["GET"]}}],"collection":[{"href":"https:\/\/www.otiumhome.fi\/index.php\/wp-json\/wp\/v2\/product"}],"about":[{"href":"https:\/\/www.otiumhome.fi\/index.php\/wp-json\/wp\/v2\/types\/product"}],"replies":[{"embeddable":true,"href":"https:\/\/www.otiumhome.fi\/index.php\/wp-json\/wp\/v2\/comments?post=145689"}],"wp:featuredmedia":[{"embeddable":true,"href":"https:\/\/www.otiumhome.fi\/index.php\/wp-json\/"}],"wp:attachment":[{"href":"https:\/\/www.otiumhome.fi\/index.php\/wp-json\/wp\/v2\/media?parent=145689"}],"wp:term":[{"taxonomy":"product_brand","embeddable":true,"href":"https:\/\/www.otiumhome.fi\/index.php\/wp-json\/wp\/v2\/product_brand?post=145689"},{"taxonomy":"product_cat","embeddable":true,"href":"https:\/\/www.otiumhome.fi\/index.php\/wp-json\/wp\/v2\/product_cat?post=145689"},{"taxonomy":"product_tag","embeddable":true,"href":"https:\/\/www.otiumhome.fi\/index.php\/wp-json\/wp\/v2\/product_tag?post=145689"}],"curies":[{"name":"wp","href":"https:\/\/api.w.org\/{rel}","templated":true}]}}