{"id":145683,"date":"2025-04-27T12:37:41","date_gmt":"2025-04-27T12:37:41","guid":{"rendered":"https:\/\/www.otiumhome.fi\/?p=145683"},"modified":"2025-06-06T15:42:14","modified_gmt":"2025-06-06T15:42:14","slug":"kirjoituspoyta-110x50x76-cm-taysi-mangopuu","status":"publish","type":"product","link":"https:\/\/www.otiumhome.fi\/index.php\/tuote\/kirjoituspoyta-110x50x76-cm-taysi-mangopuu\/","title":{"rendered":"Kirjoitusp\u00f6yt\u00e4 110x50x76 cm t\u00e4ysi mangopuu"},"content":{"rendered":"<p>T\u00e4m\u00e4 ajaton kirjoitusp\u00f6yt\u00e4 on ainutlaatuinen lis\u00e4 kotisi tai toimistosi sisustukseen!<\/p>\n<\/p>\n<p>T\u00e4ydest\u00e4 mangopuusta valmistettu kirjoitusp\u00f6yt\u00e4 on todella kest\u00e4v\u00e4 ja vakaa. Kauniit kovapuun pintakuviot tekev\u00e4t jokaisesta huonekalusta ainutlaatuisen ja hieman toisistaan eroavan. Siin\u00e4 on my\u00f6s 2 vetolaatikkoa, joten t\u00e4m\u00e4 tietokonep\u00f6yt\u00e4 tarjoaa riitt\u00e4v\u00e4sti s\u00e4ilytystilaa erilaisille pienesineille. Ty\u00f6p\u00f6yt\u00e4 on helppo koota.<\/p>\n<\/p>\n<p>Rentoudu ja nauti perheesi ja yst\u00e4vien kanssa t\u00e4m\u00e4n puisen p\u00f6yd\u00e4n ymp\u00e4rill\u00e4! T\u00e4rke\u00e4 huomio: v\u00e4rit voivat vaihdella kappaleittain, mik\u00e4 tekee jokaisesta p\u00f6yd\u00e4st\u00e4 ainutlaatuisen; toimitus on satunnainen.<\/p>\n<ul>\n<li>V\u00e4ri: luonnollinen ja musta<\/li>\n<li>Materiaali: T\u00e4ysi mangopuu, tekninen puu<\/li>\n<li>Mitat: 110 x 50 x 76 cm (L x S x K)<\/li>\n<li>2 vetolaatikkoa<\/li>\n<\/ul>\n","protected":false},"excerpt":{"rendered":"<ul>\n<li>V\u00e4ri: luonnollinen ja musta<\/li>\n<li>Materiaali: T\u00e4ysi mangopuu, tekninen puu<\/li>\n<li>Mitat: 110 x 50 x 76 cm (L x S x K)<\/li>\n<li>2 vetolaatikkoa<\/li>\n<\/ul>\n","protected":false},"featured_media":100000145683,"comment_status":"closed","ping_status":"closed","template":"","meta":[],"product_brand":[],"product_cat":[84,8551],"product_tag":[],"class_list":{"0":"post-145683","1":"product","2":"type-product","3":"status-publish","4":"has-post-thumbnail","6":"product_cat-huonekalut","7":"product_cat-kirjoituspoydat","9":"first","10":"instock","11":"taxable","12":"shipping-taxable","13":"purchasable","14":"product-type-simple"},"_links":{"self":[{"href":"https:\/\/www.otiumhome.fi\/index.php\/wp-json\/wp\/v2\/product\/145683","targetHints":{"allow":["GET"]}}],"collection":[{"href":"https:\/\/www.otiumhome.fi\/index.php\/wp-json\/wp\/v2\/product"}],"about":[{"href":"https:\/\/www.otiumhome.fi\/index.php\/wp-json\/wp\/v2\/types\/product"}],"replies":[{"embeddable":true,"href":"https:\/\/www.otiumhome.fi\/index.php\/wp-json\/wp\/v2\/comments?post=145683"}],"wp:featuredmedia":[{"embeddable":true,"href":"https:\/\/www.otiumhome.fi\/index.php\/wp-json\/"}],"wp:attachment":[{"href":"https:\/\/www.otiumhome.fi\/index.php\/wp-json\/wp\/v2\/media?parent=145683"}],"wp:term":[{"taxonomy":"product_brand","embeddable":true,"href":"https:\/\/www.otiumhome.fi\/index.php\/wp-json\/wp\/v2\/product_brand?post=145683"},{"taxonomy":"product_cat","embeddable":true,"href":"https:\/\/www.otiumhome.fi\/index.php\/wp-json\/wp\/v2\/product_cat?post=145683"},{"taxonomy":"product_tag","embeddable":true,"href":"https:\/\/www.otiumhome.fi\/index.php\/wp-json\/wp\/v2\/product_tag?post=145683"}],"curies":[{"name":"wp","href":"https:\/\/api.w.org\/{rel}","templated":true}]}}