{"id":145172,"date":"2025-04-24T08:42:51","date_gmt":"2025-04-24T08:42:51","guid":{"rendered":"https:\/\/www.otiumhome.fi\/?p=145172"},"modified":"2025-06-06T17:34:14","modified_gmt":"2025-06-06T17:34:14","slug":"kolmoiskerrossanky-valkoinen-140x200-70x140-cm-taysi-manty","status":"publish","type":"product","link":"https:\/\/www.otiumhome.fi\/index.php\/tuote\/kolmoiskerrossanky-valkoinen-140x200-70x140-cm-taysi-manty\/","title":{"rendered":"Kolmoiskerross\u00e4nky valkoinen 140&#215;200\/70&#215;140 cm t\u00e4ysi m\u00e4nty"},"content":{"rendered":"<p>T\u00e4m\u00e4 kolmen hengen kerross\u00e4nkyrunko on tilaa s\u00e4\u00e4st\u00e4v\u00e4 ratkaisu, jossa on kolme s\u00e4nky\u00e4 yhdess\u00e4, joten se sopii erinomaisesti y\u00f6vieraille ja monilapsisille perheille.<\/p>\n<ul>\n<li>Vakaa ja pitk\u00e4kestoinen runko: T\u00e4ysi m\u00e4nty tunnetaan lujuudestaan ja kest\u00e4vyydest\u00e4\u00e4n. Sen suorat puunsyyt ja erottuvat oksanpaikat lis\u00e4\u00e4v\u00e4t sen rustiikkista charmia.<\/li>\n<li>Maksimoi tilan k\u00e4ytt\u00f6: T\u00e4m\u00e4 kolmoiskerross\u00e4nky yhdist\u00e4\u00e4 taitavasti parivuoteen p\u00e4\u00e4ll\u00e4 ja kaksi yhden hengen s\u00e4nky\u00e4 alla, se tarjoaa tilaa s\u00e4\u00e4st\u00e4v\u00e4n ratkaisun vieraiden ja usean lapsen perheiden nukkumiseen.<\/li>\n<li>Helppo kiivet\u00e4 yl\u00f6s ja alas: T\u00e4ss\u00e4 s\u00e4ngynrungossa on kahdet sis\u00e4\u00e4nrakennetut tikkaat, jotka tarjoavat k\u00e4ytt\u00e4jille k\u00e4tev\u00e4n p\u00e4\u00e4syn yl\u00f6s ja alas.<\/li>\n<li>Kaiteet lis\u00e4turvallisuuteen: T\u00e4m\u00e4 s\u00e4ngynrunko on varustettu suojakaiteilla, jotka est\u00e4v\u00e4t sinua putoamasta s\u00e4ngyst\u00e4 nukkuessasi.<\/li>\n<li>S\u00e4lepohja optimaaliseen tukeen: S\u00e4ngyn runko on varustettu s\u00e4lepohjalla, joka tukee patjaasi ja on hengitt\u00e4v\u00e4.<\/li>\n<li>Tilava s\u00e4ilytystila s\u00e4ngyn alla: T\u00e4m\u00e4n s\u00e4ngynrungon alla on runsaasti tilaa s\u00e4ilytyslaatikoille, koreille, laatikoille ja muille.<\/li>\n<\/ul>\n<p>Varoitus:<\/p>\n<ul>\n<li>Kaatumisen est\u00e4miseksi t\u00e4t\u00e4 tuotetta on k\u00e4ytett\u00e4v\u00e4 mukana toimitetun sein\u00e4kiinnityslaitteen kanssa.<\/li>\n<\/ul>\n<p>Hyv\u00e4 tiet\u00e4\u00e4:<\/p>\n<\/p>\n<ul>\n<li>Patjat eiv\u00e4t sis\u00e4lly toimitukseen. Tarjoamme laajan valikoiman patjoja. Voit etsi\u00e4 myym\u00e4l\u00e4st\u00e4mme sopivia patjoja.<\/li>\n<li>Sein\u00e4\u00e4n kiinnitett\u00e4v\u00e4t ruuvit ja tulpat eiv\u00e4t sis\u00e4lly toimitukseen. Suosittelemme etsim\u00e4\u00e4n ja k\u00e4ytt\u00e4m\u00e4\u00e4n sein\u00e4\u00e4si sopivia ruuveja ja tulppia. Jos olet ep\u00e4varma, kysy ammattilaisen neuvoa. Lue ja noudata ohjeiden jokaista vaihetta.<\/li>\n<\/ul>\n<ul>\n<li>V\u00e4ri: Valkoinen<\/li>\n<li>Materiaali: T\u00e4ysi m\u00e4nty<\/li>\n<li>Kokonaismitat: 205,5 x 147,5 x 144,5 cm (P x L x K)<\/li>\n<li>Makuutilan korkeus maasta: 30 \/ 118,5 cm<\/li>\n<li>Vapaa korkeus alas\u00e4ngyn alla: 21 cm<\/li>\n<li>Turvakaiteen korkeus: 26 cm<\/li>\n<li>Sopivan patjan koko: 140 x 200 cm \/ 70 x 140 cm (L x P) (patja ei mukana)<\/li>\n<li>Patjan maksimipaksuus: 10 cm<\/li>\n<li>Maksimikantavuus (patjan kanssa) paris\u00e4ngylle: 140 kg<\/li>\n<li>Maksimikantavuus (patjan kanssa) yhden hengen s\u00e4ngylle: 100 kg<\/li>\n<li>S\u00e4lepohjilla<\/li>\n<li>Asennus vaaditaan: Kyll\u00e4<\/li>\n<li>Legal Documents:\n<p><span>Lis\u00e4tietoja huonekalujesi kaatumisen est\u00e4misest\u00e4 voit l\u00f6yt\u00e4\u00e4 <span style=\"text-decoration: underline\"><strong><a title=\"https:\/\/bit.ly\/3bVwkQp\" href=\"https:\/\/bit.ly\/3bVwkQp\" target=\"_blank\">t\u00e4\u00e4lt\u00e4<\/a><\/strong><\/span><\/span><\/p>\n<\/li>\n<\/ul>\n","protected":false},"excerpt":{"rendered":"<ul>\n<li>V\u00e4ri: Valkoinen<\/li>\n<li>Materiaali: T\u00e4ysi m\u00e4nty<\/li>\n<li>Kokonaismitat: 205,5 x 147,5 x 144,5 cm (P x L x K)<\/li>\n<li>Makuutilan korkeus maasta: 30 \/ 118,5 cm<\/li>\n<li>Vapaa korkeus alas\u00e4ngyn alla: 21 cm<\/li>\n<li>Turvakaiteen korkeus: 26 cm<\/li>\n<li>Sopivan patjan koko: 140 x 200 cm \/ 70 x 140 cm (L x P) (patja ei mukana)<\/li>\n<li>Patjan maksimipaksuus: 10 cm<\/li>\n<li>Maksimikantavuus (patjan kanssa) paris\u00e4ngylle: 140 kg<\/li>\n<li>Maksimikantavuus (patjan kanssa) yhden hengen s\u00e4ngylle: 100 kg<\/li>\n<li>S\u00e4lepohjilla<\/li>\n<li>Asennus vaaditaan: Kyll\u00e4<\/li>\n<li>Legal Documents:\n<p><span>Lis\u00e4tietoja huonekalujesi kaatumisen est\u00e4misest\u00e4 voit l\u00f6yt\u00e4\u00e4 <span style=\"text-decoration: underline\"><strong><a title=\"https:\/\/bit.ly\/3bVwkQp\" href=\"https:\/\/bit.ly\/3bVwkQp\" target=\"_blank\">t\u00e4\u00e4lt\u00e4<\/a><\/strong><\/span><\/span><\/p>\n<\/li>\n<\/ul>\n","protected":false},"featured_media":100000145172,"comment_status":"closed","ping_status":"closed","template":"","meta":[],"product_brand":[],"product_cat":[84,8638],"product_tag":[],"class_list":{"0":"post-145172","1":"product","2":"type-product","3":"status-publish","4":"has-post-thumbnail","6":"product_cat-huonekalut","7":"product_cat-sangyt-sangynrungot","9":"first","10":"instock","11":"taxable","12":"shipping-taxable","13":"purchasable","14":"product-type-simple"},"_links":{"self":[{"href":"https:\/\/www.otiumhome.fi\/index.php\/wp-json\/wp\/v2\/product\/145172","targetHints":{"allow":["GET"]}}],"collection":[{"href":"https:\/\/www.otiumhome.fi\/index.php\/wp-json\/wp\/v2\/product"}],"about":[{"href":"https:\/\/www.otiumhome.fi\/index.php\/wp-json\/wp\/v2\/types\/product"}],"replies":[{"embeddable":true,"href":"https:\/\/www.otiumhome.fi\/index.php\/wp-json\/wp\/v2\/comments?post=145172"}],"wp:featuredmedia":[{"embeddable":true,"href":"https:\/\/www.otiumhome.fi\/index.php\/wp-json\/"}],"wp:attachment":[{"href":"https:\/\/www.otiumhome.fi\/index.php\/wp-json\/wp\/v2\/media?parent=145172"}],"wp:term":[{"taxonomy":"product_brand","embeddable":true,"href":"https:\/\/www.otiumhome.fi\/index.php\/wp-json\/wp\/v2\/product_brand?post=145172"},{"taxonomy":"product_cat","embeddable":true,"href":"https:\/\/www.otiumhome.fi\/index.php\/wp-json\/wp\/v2\/product_cat?post=145172"},{"taxonomy":"product_tag","embeddable":true,"href":"https:\/\/www.otiumhome.fi\/index.php\/wp-json\/wp\/v2\/product_tag?post=145172"}],"curies":[{"name":"wp","href":"https:\/\/api.w.org\/{rel}","templated":true}]}}